{"id":2059,"date":"2024-09-16T22:29:35","date_gmt":"2024-09-16T19:29:35","guid":{"rendered":"https:\/\/kamakmakine.com.tr\/?page_id=2059"},"modified":"2024-09-16T22:29:35","modified_gmt":"2024-09-16T19:29:35","slug":"k-3099-%d1%8d%d0%bb%d0%b5%d0%ba%d1%82%d1%80%d0%be%d0%bd%d0%bd%d0%b0%d1%8f-%d0%bb%d0%b8%d0%bd%d0%b8%d1%8f-%d0%b4%d0%bb%d1%8f-%d0%bf%d1%80%d0%be%d0%b8%d0%b7%d0%b2%d0%be%d0%b4%d1%81%d1%82%d0%b2%d0%b0","status":"publish","type":"page","link":"https:\/\/kamakmakine.com.tr\/ru\/%d0%bf%d1%80%d0%be%d0%b4%d1%83%d0%ba%d1%86%d0%b8%d1%8f\/%d0%bc%d0%b0%d1%88%d0%b8%d0%bd%d0%b0-%d0%b4%d0%bb%d1%8f-%d0%bf%d1%80%d0%be%d0%b8%d0%b7%d0%b2%d0%be%d0%b4%d1%81%d1%82%d0%b2%d0%b0-%d0%ba%d0%b0%d1%80%d1%82%d0%be%d0%bd%d0%bd%d0%be%d0%b3%d0%be-%d1%83\/k-3099-%d1%8d%d0%bb%d0%b5%d0%ba%d1%82%d1%80%d0%be%d0%bd%d0%bd%d0%b0%d1%8f-%d0%bb%d0%b8%d0%bd%d0%b8%d1%8f-%d0%b4%d0%bb%d1%8f-%d0%bf%d1%80%d0%be%d0%b8%d0%b7%d0%b2%d0%be%d0%b4%d1%81%d1%82%d0%b2%d0%b0\/","title":{"rendered":"K-3099 \u042d\u041b\u0415\u041a\u0422\u0420\u041e\u041d\u041d\u0410\u042f \u041b\u0418\u041d\u0418\u042f \u0414\u041b\u042f \u041f\u0420\u041e\u0418\u0417\u0412\u041e\u0414\u0421\u0422\u0412\u0410 \u041a\u0410\u0420\u0422\u041e\u041d\u041d\u041e\u0413\u041e \u0423\u0413\u041e\u041b\u041a\u0410."},"content":{"rendered":"<div class=\"wpb-content-wrapper\"><div class=\"fullwidth\" ><div class=\"vc_row wpb_row vc_row-fluid vc_custom_1696829251001\"><div class=\"wpb_column vc_column_container vc_col-sm-12\"><div class=\"vc_column-inner\"><div class=\"wpb_wrapper\"><div class=\"container\" ><div class=\"vc_row wpb_row vc_inner vc_row-fluid vc_custom_1640603113396\"><div class=\"wpb_column vc_column_container vc_col-sm-6\"><div class=\"vc_column-inner\"><div class=\"wpb_wrapper\">\n\t<div class=\"wpb_text_column wpb_content_element  vc_custom_1696829262817 urun-header\" >\n\t\t<div class=\"wpb_wrapper\">\n\t\t\t<h5><span style=\"color: #ffffff;\">\u041f\u0440\u043e\u0434\u0443\u043a\u0446\u0438\u044f \u043a\u043e\u043c\u043f\u0430\u043d\u0438\u0438 Kamak Machinery<\/span><\/h5>\n<h2><span style=\"color: #ffffff;\"><strong>\u042d\u043b\u0435\u043a\u0442\u0440\u043e\u043d\u043d\u0430\u044f \u043c\u0430\u0448\u0438\u043d\u0430 \u0434\u043b\u044f \u0443\u0441\u0442\u0430\u043d\u043e\u0432\u043a\u0438 \u0443\u0433\u043b\u043e\u0432\u044b\u0445 \u0441\u043a\u043e\u0431\u043e\u043a \u043d\u0430 \u0431\u0443\u043c\u0430\u0433\u0435<\/strong><\/span><\/h2>\n<h2><span style=\"color: #f07e22;\"><strong>\u041a \u2013 3099<\/strong><\/span><\/h2>\n\n\t\t<\/div>\n\t<\/div>\n<\/div><\/div><\/div><div class=\"wpb_column vc_column_container vc_col-sm-6\"><div class=\"vc_column-inner\"><div class=\"wpb_wrapper\">\n\t<div  class=\"wpb_single_image wpb_content_element vc_align_center\">\n\t\t\n\t\t<figure class=\"wpb_wrapper vc_figure\">\n\t\t\t<div class=\"vc_single_image-wrapper   vc_box_border_grey\"><img loading=\"lazy\" decoding=\"async\" width=\"779\" height=\"583\" src=\"https:\/\/kamakmakine.com.tr\/wp-content\/uploads\/2023\/10\/k-3099-elektronik-kagit-kosebent-makinasi.png\" class=\"vc_single_image-img attachment-full\" alt=\"\" title=\"k-3099-\u044d\u043b\u0435\u043a\u0442\u0440\u043e\u043d\u043d\u0430\u044f-\u0431\u0443\u043c\u0430\u0436\u043d\u0430\u044f-\u0443\u0433\u043b\u043e\u0432\u0430\u044f-\u043c\u0430\u0448\u0438\u043d\u0430\" srcset=\"https:\/\/kamakmakine.com.tr\/wp-content\/uploads\/2023\/10\/k-3099-elektronik-kagit-kosebent-makinasi.png 779w, https:\/\/kamakmakine.com.tr\/wp-content\/uploads\/2023\/10\/k-3099-elektronik-kagit-kosebent-makinasi-300x225.png 300w, https:\/\/kamakmakine.com.tr\/wp-content\/uploads\/2023\/10\/k-3099-elektronik-kagit-kosebent-makinasi-768x575.png 768w\" sizes=\"auto, (max-width: 779px) 100vw, 779px\" \/><\/div>\n\t\t<\/figure>\n\t<\/div>\n<\/div><\/div><\/div><\/div><\/div><\/div><\/div><\/div><\/div><\/div><div class=\"container\" ><div class=\"vc_row wpb_row vc_row-fluid vc_custom_1640601945603\"><div class=\"wpb_column vc_column_container vc_col-sm-8\"><div class=\"vc_column-inner\"><div class=\"wpb_wrapper\">\n\t<div  class=\"wpb_single_image wpb_content_element vc_align_left\">\n\t\t\n\t\t<figure class=\"wpb_wrapper vc_figure\">\n\t\t\t<div class=\"vc_single_image-wrapper   vc_box_border_grey\"><img loading=\"lazy\" decoding=\"async\" width=\"980\" height=\"732\" src=\"https:\/\/kamakmakine.com.tr\/wp-content\/uploads\/2023\/10\/k-3099-elektronik-kagit-kosebent-makinasi-01.jpg\" class=\"vc_single_image-img attachment-full\" alt=\"\" title=\"k-3099-\u044d\u043b\u0435\u043a\u0442\u0440\u043e\u043d\u043d\u0430\u044f-\u0431\u0443\u043c\u0430\u0436\u043d\u0430\u044f-\u0443\u0433\u043b\u043e\u0432\u0430\u044f-\u043c\u0430\u0448\u0438\u043d\u0430-01\" srcset=\"https:\/\/kamakmakine.com.tr\/wp-content\/uploads\/2023\/10\/k-3099-elektronik-kagit-kosebent-makinasi-01.jpg 980w, https:\/\/kamakmakine.com.tr\/wp-content\/uploads\/2023\/10\/k-3099-elektronik-kagit-kosebent-makinasi-01-300x224.jpg 300w, https:\/\/kamakmakine.com.tr\/wp-content\/uploads\/2023\/10\/k-3099-elektronik-kagit-kosebent-makinasi-01-768x574.jpg 768w\" sizes=\"auto, (max-width: 980px) 100vw, 980px\" \/><\/div>\n\t\t<\/figure>\n\t<\/div>\n<\/div><\/div><\/div><div class=\"wpb_column vc_column_container vc_col-sm-4\"><div class=\"vc_column-inner\"><div class=\"wpb_wrapper\">\n\t<div class=\"wpb_text_column wpb_content_element\" >\n\t\t<div class=\"wpb_wrapper\">\n\t\t\t<h2 class=\"black left\">\u043e\u0441\u043e\u0431\u0435\u043d\u043d\u043e\u0441\u0442\u0438 \u043f\u0440\u043e\u0434\u0443\u043a\u0442\u0430<\/h2>\n\n\t\t<\/div>\n\t<\/div>\n\n\t<div class=\"wpb_raw_code wpb_content_element wpb_raw_html\" >\n\t\t<div class=\"wpb_wrapper\">\n\t\t\t<div class=\"porduct-des\">\n<ul>\n  <li><strong>\u041a\u0430\u0442\u0435\u0433\u043e\u0440\u0438\u044f<\/strong>: \u0421\u0442\u0430\u043d\u043e\u043a \u0434\u043b\u044f \u0438\u0437\u0433\u043e\u0442\u043e\u0432\u043b\u0435\u043d\u0438\u044f \u0443\u0433\u043b\u043e\u0432\u044b\u0445 \u043f\u0440\u043e\u0444\u0438\u043b\u0435\u0439<\/li>\n  <li><strong>\u0411\u0440\u0435\u043d\u0434<\/strong>: \u041a\u0410\u041c\u0410\u041a<\/li>\n  <li><strong>\u041c\u043e\u0434\u0435\u043b\u044c<\/strong>: K - 3099<\/li>\n  <li><strong>\u0420\u0430\u0437\u043c\u0435\u0440 \u0443\u0433\u043b\u043e\u0432\u043e\u0433\u043e \u043f\u0440\u043e\u0444\u0438\u043b\u044f<\/strong>: 20x20 - 100x100 \u043c\u043c<\/li>\n  <li><strong>\u0422\u043e\u043b\u0448\u043d\u0430<\/strong>: 6 \u043c\u043c<\/li>\n  <li><strong>\u0421\u043a\u043e\u0440\u043e\u0441\u0442\u044c \u043f\u0440\u043e\u0438\u0437\u0432\u043e\u0434\u0441\u0442\u0432\u0430<\/strong>: 80 \u043c\u0435\u0442\u0440\u043e\u0432\/\u043c\u0438\u043d\u0443\u0442\u0443<\/li>\n  <li><strong>\u0414\u043b\u0438\u043d\u0430 \u0434\u043e\u0436\u0434\u044f<\/strong>: 100-3000 \u043c\u043c<\/li>\n<\/ul>\n<\/div>\n\n\t\t<\/div>\n\t<\/div>\n<div class=\"vc_btn3-container vc_btn3-inline vc_custom_1726514817067\" ><a class=\"vc_general vc_btn3 vc_btn3-size-md vc_btn3-shape-rounded vc_btn3-style-modern vc_btn3-icon-left vc_btn3-color-warning\" href=\"#\" title=\"\"><i class=\"vc_btn3-icon fas fa-file-alt\"><\/i> \u0422\u0415\u0425\u041d\u0418\u0427\u0415\u0421\u041a\u0418\u0419 \u0414\u041e\u041a\u0423\u041c\u0415\u041d\u0422<\/a><\/div><\/div><\/div><\/div><\/div><\/div><div class=\"container\" ><div class=\"vc_row wpb_row vc_row-fluid vc_custom_1640601718093\"><div class=\"wpb_column vc_column_container vc_col-sm-12\"><div class=\"vc_column-inner\"><div class=\"wpb_wrapper\">\n\t<div class=\"wpb_text_column wpb_content_element\" >\n\t\t<div class=\"wpb_wrapper\">\n\t\t\t<h2 class=\"black left\">\u0442\u0435\u0445\u043d\u0438\u0447\u0435\u0441\u043a\u0438\u0435 \u0445\u0430\u0440\u0430\u043a\u0442\u0435\u0440\u0438\u0441\u0442\u0438\u043a\u0438<\/h2>\n<div class=\"wpb_text_column wpb_content_element\">\n<div class=\"wpb_wrapper\">\n<div class=\"wpb_text_column wpb_content_element\">\n<div class=\"wpb_wrapper\">\n<p class=\"onalti\">\u0422\u0430\u0431\u043b\u0438\u0446\u0430 \u0442\u0435\u0445\u043d\u0438\u0447\u0435\u0441\u043a\u0438\u0445 \u0445\u0430\u0440\u0430\u043a\u0442\u0435\u0440\u0438\u0441\u0442\u0438\u043a \u043f\u0440\u0438\u0432\u0435\u0434\u0435\u043d\u0430 \u043d\u0438\u0436\u0435.<a href=\"https:\/\/kamakmakine.com.tr\/ru\/%d0%ba%d0%be%d0%bd%d1%82%d0%b0%d0%ba%d1%82%d1%8b\/\">\u043a\u0430\u043d\u0443\u043d<\/a>\u00a0\u0441 \u043d\u0430\u043c\u0438, \u0447\u0442\u043e\u0431\u044b \u043f\u043e\u043b\u0443\u0447\u0438\u0442\u044c \u0431\u043e\u043b\u0435\u0435 \u043f\u043e\u0434\u0440\u043e\u0431\u043d\u0443\u044e \u0438\u043d\u0444\u043e\u0440\u043c\u0430\u0446\u0438\u044e.<\/p>\n<\/div>\n<\/div>\n<div class=\"wpb_raw_code wpb_content_element wpb_raw_html\">\n<div class=\"wpb_wrapper\"><\/div>\n<\/div>\n<\/div>\n<\/div>\n<div class=\"wpb_raw_code wpb_content_element wpb_raw_html\">\n<div class=\"wpb_wrapper\"><\/div>\n<\/div>\n\n\t\t<\/div>\n\t<\/div>\n\n\t<div class=\"wpb_raw_code wpb_content_element wpb_raw_html\" >\n\t\t<div class=\"wpb_wrapper\">\n\t\t\t<table class=\"sem-table\">\n  <tbody>\n    <tr>\n      <th scope=\"row\">\u0420\u0430\u0437\u043c\u0435\u0440 \u0443\u0433\u043b\u043e\u0432\u043e\u0433\u043e \u043f\u0440\u043e\u0444\u0438\u043b\u044f<\/th>\n      <td>20x20 \u043c\u043c - 100x100 \u043c\u043c<\/td>\n    <\/tr>\n    <tr>\n      <th scope=\"row\">\u0422\u043e\u043b\u0448\u043d\u0430<\/th>\n      <td>6 \u043c\u043c<\/td>\n    <\/tr>\n    <tr>\n      <th scope=\"row\">\u0421\u043a\u043e\u0440\u043e\u0441\u0442\u044c \u043f\u0440\u043e\u0438\u0437\u0432\u043e\u0434\u0441\u0442\u0432\u0430<\/th>\n      <td>80 \u043c\u0435\u0442\u0440\u043e\u0432\/\u043c\u0438\u043d\u0443\u0442\u0443<\/td>\n    <\/tr>\n    <tr>\n      <th scope=\"row\">\u0421\u043c\u043e\u0442\u0440\u0438\u0442\u0435 \u0431\u043e\u043b\u044c\u0448\u0435<\/th>\n      <td>30 \u043a\u0412<\/td>\n    <\/tr>\n    <tr>\n      <th scope=\"row\">\u0414\u043b\u0438\u043d\u0430 \u0434\u043e\u0436\u0434\u044f<\/th>\n      <td>100 - 3000 \u043c\u043c<\/td>\n    <\/tr>\n    <tr>\n      <th scope=\"row\">\u0412\u043e\u0437\u0434\u0443\u0448\u043d\u043e\u0435 \u0434\u0430\u0432\u043b\u0435\u043d\u0438\u0435<\/th>\n      <td>6 \u0431\u0430\u0440\u043e\u0432<\/td>\n    <\/tr>\n    <tr>\n      <th scope=\"row\">\u0421\u0438\u0441\u0442\u0435\u043c\u0430 \u0444\u0438\u043b\u044c\u0442\u0440\u0430\u0446\u0438\u0438<\/th>\n      <td>\u042d\u043b\u0435\u043a\u0442\u0440\u043e\u043d\u043d\u0430\u044f \/ \u0421\u0435\u0440\u0432\u043e\u043f\u0440\u0438\u0432\u043e\u0434<\/td>\n    <\/tr>\n    <tr>\n      <th scope=\"row\">\u0423\u043f\u0440\u0430\u0432\u043b\u0435\u043d\u0438\u0435 \u0443\u043f\u0440\u0430\u0432\u043b\u0435\u043d\u0438\u0435\u043c<\/th>\n      <td>\u0414\u0430<\/td>\n    <\/tr>\n    <tr>\n      <th scope=\"row\">\u041a\u043e\u043d\u0442\u0440\u043e\u043b\u044c \u043d\u0430\u0442\u0438\u0432\u043d\u043e\u0441\u0442\u0438<\/th>\n      <td>\u0414\u0430<\/td>\n    <\/tr>\n  <\/tbody>\n<\/table>\n\n\t\t<\/div>\n\t<\/div>\n<\/div><\/div><\/div><\/div><\/div><div class=\"container\" ><div class=\"vc_row wpb_row vc_row-fluid vc_custom_1640601725467\"><div class=\"wpb_column vc_column_container vc_col-sm-12\"><div class=\"vc_column-inner\"><div class=\"wpb_wrapper\">\n\t<div class=\"wpb_text_column wpb_content_element\" >\n\t\t<div class=\"wpb_wrapper\">\n\t\t\t<h2 class=\"black left\">\u0424\u043e\u0442\u043e\u043f\u0440\u043e\u0438\u0437\u0432\u043e\u0434\u0441\u0442\u0432\u043e<\/h2>\n\n\t\t<\/div>\n\t<\/div>\n<div class=\"fullwidth\" ><div class=\"vc_row wpb_row vc_inner vc_row-fluid\"><div class=\"wpb_column vc_column_container vc_col-sm-6\"><div class=\"vc_column-inner\"><div class=\"wpb_wrapper\">\n\t<div  class=\"wpb_single_image wpb_content_element vc_align_left\">\n\t\t\n\t\t<figure class=\"wpb_wrapper vc_figure\">\n\t\t\t<a class=\"\" data-lightbox=\"lightbox[rel-2059-1427522021]\" href=\"https:\/\/kamakmakine.com.tr\/wp-content\/uploads\/2023\/10\/k-3099-elektronik-kagit-kosebent-makinasi-02-1024x683.jpg\" target=\"_self\"><img loading=\"lazy\" decoding=\"async\" width=\"1500\" height=\"1000\" src=\"https:\/\/kamakmakine.com.tr\/wp-content\/uploads\/2023\/10\/k-3099-elektronik-kagit-kosebent-makinasi-02.jpg\" class=\"vc_single_image-img attachment-full\" alt=\"\" title=\"k-3099-\u044d\u043b\u0435\u043a\u0442\u0440\u043e\u043d\u043d\u0430\u044f-\u043c\u0430\u0448\u0438\u043d\u0430-\u0434\u043b\u044f-\u0443\u0433\u043b\u043e\u0432\u043e\u0439-\u0431\u0443\u043c\u0430\u0433\u0438-02\" srcset=\"https:\/\/kamakmakine.com.tr\/wp-content\/uploads\/2023\/10\/k-3099-elektronik-kagit-kosebent-makinasi-02.jpg 1500w, https:\/\/kamakmakine.com.tr\/wp-content\/uploads\/2023\/10\/k-3099-elektronik-kagit-kosebent-makinasi-02-300x200.jpg 300w, https:\/\/kamakmakine.com.tr\/wp-content\/uploads\/2023\/10\/k-3099-elektronik-kagit-kosebent-makinasi-02-1024x683.jpg 1024w, https:\/\/kamakmakine.com.tr\/wp-content\/uploads\/2023\/10\/k-3099-elektronik-kagit-kosebent-makinasi-02-768x512.jpg 768w\" sizes=\"auto, (max-width: 1500px) 100vw, 1500px\" \/><\/a>\n\t\t<\/figure>\n\t<\/div>\n<\/div><\/div><\/div><div class=\"wpb_column vc_column_container vc_col-sm-6\"><div class=\"vc_column-inner\"><div class=\"wpb_wrapper\">\n\t<div  class=\"wpb_single_image wpb_content_element vc_align_left\">\n\t\t\n\t\t<figure class=\"wpb_wrapper vc_figure\">\n\t\t\t<a class=\"\" data-lightbox=\"lightbox[rel-2059-2323218613]\" href=\"https:\/\/kamakmakine.com.tr\/wp-content\/uploads\/2023\/10\/k-3099-elektronik-kagit-kosebent-makinasi-03-1024x683.jpg\" target=\"_self\"><img loading=\"lazy\" decoding=\"async\" width=\"1500\" height=\"1000\" src=\"https:\/\/kamakmakine.com.tr\/wp-content\/uploads\/2023\/10\/k-3099-elektronik-kagit-kosebent-makinasi-03.jpg\" class=\"vc_single_image-img attachment-full\" alt=\"\" title=\"k-3099-\u044d\u043b\u0435\u043a\u0442\u0440\u043e\u043d\u043d\u0430\u044f-\u0431\u0443\u043c\u0430\u0436\u043d\u0430\u044f-\u0443\u0433\u043b\u043e\u0432\u0430\u044f-\u043c\u0430\u0448\u0438\u043d\u0430-03\" srcset=\"https:\/\/kamakmakine.com.tr\/wp-content\/uploads\/2023\/10\/k-3099-elektronik-kagit-kosebent-makinasi-03.jpg 1500w, https:\/\/kamakmakine.com.tr\/wp-content\/uploads\/2023\/10\/k-3099-elektronik-kagit-kosebent-makinasi-03-300x200.jpg 300w, https:\/\/kamakmakine.com.tr\/wp-content\/uploads\/2023\/10\/k-3099-elektronik-kagit-kosebent-makinasi-03-1024x683.jpg 1024w, https:\/\/kamakmakine.com.tr\/wp-content\/uploads\/2023\/10\/k-3099-elektronik-kagit-kosebent-makinasi-03-768x512.jpg 768w\" sizes=\"auto, (max-width: 1500px) 100vw, 1500px\" \/><\/a>\n\t\t<\/figure>\n\t<\/div>\n<\/div><\/div><\/div><\/div><\/div><\/div><\/div><\/div><\/div><\/div><div class=\"container\" ><div class=\"vc_row wpb_row vc_row-fluid vc_custom_1640601732694\"><div class=\"wpb_column vc_column_container vc_col-sm-12\"><div class=\"vc_column-inner\"><div class=\"wpb_wrapper\">\n\t<div class=\"wpb_text_column wpb_content_element\" >\n\t\t<div class=\"wpb_wrapper\">\n\t\t\t<h2 class=\"black left\">\u0412\u0438\u0434\u0435\u043e \u0438\u043b\u0438 \u043f\u043e\u0441\u0442\u0430\u043d\u043e\u0432\u043a\u0438<\/h2>\n\n\t\t<\/div>\n\t<\/div>\n<div class=\"fullwidth\" ><div class=\"vc_row wpb_row vc_inner vc_row-fluid\"><div class=\"wpb_column vc_column_container vc_col-sm-6\"><div class=\"vc_column-inner\"><div class=\"wpb_wrapper\">\n\t<div class=\"wpb_raw_code wpb_content_element wpb_raw_html\" >\n\t\t<div class=\"wpb_wrapper\">\n\t\t\t<video poster=\"http:\/\/kamakmakine.com.tr\/wp-content\/uploads\/2021\/09\/video-kapak.jpg\" controls=\"1\" loop=\"1\" style=\"max-width:100%;\"><source type=\"video\/mp4\" src=\"http:\/\/kamakmakine.com.tr\/video\/k3099.mp4\"> <\/video>\n\t\t<\/div>\n\t<\/div>\n<\/div><\/div><\/div><div class=\"wpb_column vc_column_container vc_col-sm-6\"><div class=\"vc_column-inner\"><div class=\"wpb_wrapper\"><\/div><\/div><\/div><\/div><\/div><\/div><\/div><\/div><\/div><\/div>\n<\/div>","protected":false},"excerpt":{"rendered":"Kamak Makine \u00dcr\u00fcnler Elektronik Ka\u011f\u0131t K\u00f6\u015febent Makinesi K - 3099 \u043e\u0441\u043e\u0431\u0435\u043d\u043d\u043e\u0441\u0442\u0438 \u043f\u0440\u043e\u0434\u0443\u043a\u0442\u0430 \u041a\u0430\u0442\u0435\u0433\u043e\u0440\u0438\u044f: \u041c\u0430\u0448\u0438\u043d\u0430 \u0434\u043b\u044f \u0438\u0437\u0433\u043e\u0442\u043e\u0432\u043b\u0435\u043d\u0438\u044f \u0443\u0433\u043b\u043e\u0432\u044b\u0445 \u043f\u0440\u043e\u0444\u0438\u043b\u0435\u0439 \u0411\u0440\u0435\u043d\u0434: KAMAK \u041c\u043e\u0434\u0435\u043b\u044c: K - 3099 \u0420\u0430\u0437\u043c\u0435\u0440 \u0443\u0433\u043b\u043e\u0432\u043e\u0433\u043e \u043f\u0440\u043e\u0444\u0438\u043b\u044f: 20x20 - 100x100 \u043c\u043c \u0422\u043e\u043b\u0449\u0438\u043d\u0430: 6 \u043c\u043c \u0421\u043a\u043e\u0440\u043e\u0441\u0442\u044c \u043f\u0440\u043e\u0438\u0437\u0432\u043e\u0434\u0441\u0442\u0432\u0430: 80 \u043c\u0435\u0442\u0440\u043e\u0432\/\u043c\u0438\u043d\u0443\u0442\u0443 \u0414\u043b\u0438\u043d\u0430 \u0440\u0435\u0437\u043a\u0438: 100-3000 \u043c\u043c \u0422\u0415\u0425\u041d\u0418\u0427\u0415\u0421\u041a\u0418\u0419 \u0414\u041e\u041a\u0423\u041c\u0415\u041d\u0422 \u0442\u0435\u0445\u043d\u0438\u0447\u0435\u0441\u043a\u0438\u0435 \u0445\u0430\u0440\u0430\u043a\u0442\u0435\u0440\u0438\u0441\u0442\u0438\u043a\u0438 \u0422\u0430\u0431\u043b\u0438\u0446\u0430 \u0442\u0435\u0445\u043d\u0438\u0447\u0435\u0441\u043a\u0438\u0445 \u0445\u0430\u0440\u0430\u043a\u0442\u0435\u0440\u0438\u0441\u0442\u0438\u043a \u043f\u0440\u0438\u0432\u0435\u0434\u0435\u043d\u0430 \u043d\u0438\u0436\u0435.\u0421\u0432\u044f\u0436\u0438\u0442\u0435\u0441\u044c\u00a0\u0441 \u043d\u0430\u043c\u0438, \u0447\u0442\u043e\u0431\u044b \u043f\u043e\u043b\u0443\u0447\u0438\u0442\u044c \u0431\u043e\u043b\u0435\u0435 [...]","protected":false},"author":2,"featured_media":0,"parent":1960,"menu_order":1,"comment_status":"closed","ping_status":"closed","template":"","meta":{"footnotes":""},"class_list":["post-2059","page","type-page","status-publish","hentry"],"_links":{"self":[{"href":"https:\/\/kamakmakine.com.tr\/ru\/wp-json\/wp\/v2\/pages\/2059","targetHints":{"allow":["GET"]}}],"collection":[{"href":"https:\/\/kamakmakine.com.tr\/ru\/wp-json\/wp\/v2\/pages"}],"about":[{"href":"https:\/\/kamakmakine.com.tr\/ru\/wp-json\/wp\/v2\/types\/page"}],"author":[{"embeddable":true,"href":"https:\/\/kamakmakine.com.tr\/ru\/wp-json\/wp\/v2\/users\/2"}],"replies":[{"embeddable":true,"href":"https:\/\/kamakmakine.com.tr\/ru\/wp-json\/wp\/v2\/comments?post=2059"}],"version-history":[{"count":1,"href":"https:\/\/kamakmakine.com.tr\/ru\/wp-json\/wp\/v2\/pages\/2059\/revisions"}],"predecessor-version":[{"id":2060,"href":"https:\/\/kamakmakine.com.tr\/ru\/wp-json\/wp\/v2\/pages\/2059\/revisions\/2060"}],"up":[{"embeddable":true,"href":"https:\/\/kamakmakine.com.tr\/ru\/wp-json\/wp\/v2\/pages\/1960"}],"wp:attachment":[{"href":"https:\/\/kamakmakine.com.tr\/ru\/wp-json\/wp\/v2\/media?parent=2059"}],"curies":[{"name":"wp","href":"https:\/\/api.w.org\/{rel}","templated":true}]}}