{"id":1934,"date":"2024-09-15T13:35:14","date_gmt":"2024-09-15T10:35:14","guid":{"rendered":"https:\/\/kamakmakine.com.tr\/?page_id=1934"},"modified":"2024-10-13T18:22:42","modified_gmt":"2024-10-13T15:22:42","slug":"k-3015-laminated-paper-honeycomb-slitting-machine","status":"publish","type":"page","link":"https:\/\/kamakmakine.com.tr\/ru\/products\/paper-honeycomb-machine\/k-3015-laminated-paper-honeycomb-slitting-machine\/","title":{"rendered":"K-3015 LAMINATED PAPER HONEYCOMB SLITTING MACHINE"},"content":{"rendered":"<div class=\"wpb-content-wrapper\"><div class=\"fullwidth\" ><div class=\"vc_row wpb_row vc_row-fluid vc_custom_1696859108504\"><div class=\"wpb_column vc_column_container vc_col-sm-12\"><div class=\"vc_column-inner\"><div class=\"wpb_wrapper\"><div class=\"container\" ><div class=\"vc_row wpb_row vc_inner vc_row-fluid vc_custom_1640603113396\"><div class=\"wpb_column vc_column_container vc_col-sm-6\"><div class=\"vc_column-inner\"><div class=\"wpb_wrapper\">\n\t<div class=\"wpb_text_column wpb_content_element  vc_custom_1707693873057 urun-header\" >\n\t\t<div class=\"wpb_wrapper\">\n\t\t\t<h5><span style=\"color: #ffffff;\">\u041f\u0440\u043e\u0434\u0443\u043a\u0446\u0438\u044f \u043a\u043e\u043c\u043f\u0430\u043d\u0438\u0438 Kamak Machinery<\/span><\/h5>\n<h2><span style=\"color: #ffffff;\"><strong> \u0421\u0442\u0430\u043d\u043e\u043a \u0434\u043b\u044f \u043f\u0440\u043e\u0434\u043e\u043b\u044c\u043d\u043e\u0439 \u0440\u0435\u0437\u043a\u0438 \u043b\u0430\u043c\u0438\u043d\u0438\u0440\u043e\u0432\u0430\u043d\u043d\u043e\u0439 \u0431\u0443\u043c\u0430\u0433\u0438 K-3015<\/strong><\/span><\/h2>\n<h2><span style=\"color: #f07e22;\"><strong>\u041a \u2013 3015<\/strong><\/span><\/h2>\n\n\t\t<\/div>\n\t<\/div>\n<\/div><\/div><\/div><div class=\"wpb_column vc_column_container vc_col-sm-6\"><div class=\"vc_column-inner\"><div class=\"wpb_wrapper\">\n\t<div  class=\"wpb_single_image wpb_content_element vc_align_center\">\n\t\t\n\t\t<figure class=\"wpb_wrapper vc_figure\">\n\t\t\t<div class=\"vc_single_image-wrapper   vc_box_border_grey\"><img loading=\"lazy\" decoding=\"async\" width=\"779\" height=\"583\" src=\"https:\/\/kamakmakine.com.tr\/wp-content\/uploads\/2023\/10\/k-3015-lamine-kagit-dilimle-.png\" class=\"vc_single_image-img attachment-full\" alt=\"\" title=\"k-3015-\u043b\u0430\u043c\u0438\u043d\u0438\u0440\u043e\u0432\u0430\u043d\u043d\u044b\u0439-\u0431\u0443\u043c\u0430\u0436\u043d\u044b\u0439-\u043b\u043e\u043c\u0442\u0438\u043a\" srcset=\"https:\/\/kamakmakine.com.tr\/wp-content\/uploads\/2023\/10\/k-3015-lamine-kagit-dilimle-.png 779w, https:\/\/kamakmakine.com.tr\/wp-content\/uploads\/2023\/10\/k-3015-lamine-kagit-dilimle--300x225.png 300w, https:\/\/kamakmakine.com.tr\/wp-content\/uploads\/2023\/10\/k-3015-lamine-kagit-dilimle--768x575.png 768w\" sizes=\"auto, (max-width: 779px) 100vw, 779px\" \/><\/div>\n\t\t<\/figure>\n\t<\/div>\n<\/div><\/div><\/div><\/div><\/div><\/div><\/div><\/div><\/div><\/div><div class=\"container\" ><div class=\"vc_row wpb_row vc_row-fluid vc_custom_1640601945603\"><div class=\"wpb_column vc_column_container vc_col-sm-8\"><div class=\"vc_column-inner\"><div class=\"wpb_wrapper\">\n\t<div  class=\"wpb_single_image wpb_content_element vc_align_left\">\n\t\t\n\t\t<figure class=\"wpb_wrapper vc_figure\">\n\t\t\t<div class=\"vc_single_image-wrapper   vc_box_border_grey\"><img loading=\"lazy\" decoding=\"async\" width=\"980\" height=\"732\" src=\"https:\/\/kamakmakine.com.tr\/wp-content\/uploads\/2024\/02\/k-3015-lamine-kagit-dilimle-01.jpg\" class=\"vc_single_image-img attachment-full\" alt=\"\" title=\"k-3015-\u043b\u0430\u043c\u0438\u043d\u0438\u0440\u043e\u0432\u0430\u043d\u043d\u044b\u0439-\u0431\u0443\u043c\u0430\u0436\u043d\u044b\u0439-\u0441\u043b\u0430\u0439\u0441-01\" srcset=\"https:\/\/kamakmakine.com.tr\/wp-content\/uploads\/2024\/02\/k-3015-lamine-kagit-dilimle-01.jpg 980w, https:\/\/kamakmakine.com.tr\/wp-content\/uploads\/2024\/02\/k-3015-lamine-kagit-dilimle-01-300x224.jpg 300w, https:\/\/kamakmakine.com.tr\/wp-content\/uploads\/2024\/02\/k-3015-lamine-kagit-dilimle-01-768x574.jpg 768w\" sizes=\"auto, (max-width: 980px) 100vw, 980px\" \/><\/div>\n\t\t<\/figure>\n\t<\/div>\n<\/div><\/div><\/div><div class=\"wpb_column vc_column_container vc_col-sm-4\"><div class=\"vc_column-inner\"><div class=\"wpb_wrapper\">\n\t<div class=\"wpb_text_column wpb_content_element\" >\n\t\t<div class=\"wpb_wrapper\">\n\t\t\t<h2 class=\"black left\">\u0422\u0435\u0445\u043d\u0438\u0447\u0435\u0441\u043a\u0438\u0435 \u0445\u0430\u0440\u0430\u043a\u0442\u0435\u0440\u0438\u0441\u0442\u0438\u043a\u0438 \u0438\u0437\u0434\u0435\u043b\u0438\u044f<\/h2>\n\n\t\t<\/div>\n\t<\/div>\n\n\t<div class=\"wpb_raw_code wpb_content_element wpb_raw_html\" >\n\t\t<div class=\"wpb_wrapper\">\n\t\t\t<div class=\"porduct-des\">\n<ul>\n \t<li><strong>\u041a\u0430\u0442\u0435\u0433\u043e\u0440\u0438\u044f<\/strong>\u041d\u0430\u0440\u0435\u0437\u043a\u0430 \u043b\u0430\u043c\u0438\u043d\u0438\u0440\u043e\u0432\u0430\u043d\u043d\u043e\u0439 \u0431\u0443\u043c\u0430\u0433\u0438<\/li>\n \t<li><strong>\u0411\u0440\u0435\u043d\u0434<\/strong>: \u041a\u0410\u041c\u0410\u041a<\/li>\n  <li><strong>\u041c\u043e\u0434\u0435\u043b\u044c<\/strong>: K - 3015<\/li>\n  <li><strong>\u0428\u0438\u0440\u0438\u043d\u0430 \u043f\u0430\u043d\u0435\u043b\u0438<\/strong>: 1200 \u043c\u043c<\/li>\n  <li><strong>\u0414\u043b\u0438\u043d\u0430 \u043f\u0430\u043d\u0435\u043b\u0438<\/strong>: 1200 \u043c\u043c<\/li>\n  <li><strong>\u0422\u043e\u043b\u0449\u0438\u043d\u0430<\/strong>: 10-50 \u043c\u043c<\/li>\n<\/ul>\n<\/div>\n\t\t<\/div>\n\t<\/div>\n<div class=\"vc_btn3-container vc_btn3-inline vc_custom_1726396444622\" ><a class=\"vc_general vc_btn3 vc_btn3-size-md vc_btn3-shape-rounded vc_btn3-style-modern vc_btn3-icon-left vc_btn3-color-warning\" href=\"#\" title=\"\"><i class=\"vc_btn3-icon fas fa-file-alt\"><\/i> \u0422\u0415\u0425\u041d\u0418\u0427\u0415\u0421\u041a\u0418\u0419 \u0414\u041e\u041a\u0423\u041c\u0415\u041d\u0422<\/a><\/div><\/div><\/div><\/div><\/div><\/div><div class=\"container\" ><div class=\"vc_row wpb_row vc_row-fluid vc_custom_1640601718093\"><div class=\"wpb_column vc_column_container vc_col-sm-12\"><div class=\"vc_column-inner\"><div class=\"wpb_wrapper\">\n\t<div class=\"wpb_text_column wpb_content_element\" >\n\t\t<div class=\"wpb_wrapper\">\n\t\t\t<h2 class=\"black left\">\u0422\u0435\u0445\u043d\u0438\u0447\u0435\u0441\u043a\u0438\u0435 \u0445\u0430\u0440\u0430\u043a\u0442\u0435\u0440\u0438\u0441\u0442\u0438\u043a\u0438<\/h2>\n<p class=\"onalti\">\u041d\u0438\u0436\u0435 \u043f\u0440\u0438\u0432\u0435\u0434\u0435\u043d\u0430 \u0442\u0430\u0431\u043b\u0438\u0446\u0430 \u0442\u0435\u0445\u043d\u0438\u0447\u0435\u0441\u043a\u0438\u0445 \u0445\u0430\u0440\u0430\u043a\u0442\u0435\u0440\u0438\u0441\u0442\u0438\u043a. \u041f\u043e\u0436\u0430\u043b\u0443\u0439\u0441\u0442\u0430,\u00a0<a href=\"https:\/\/kamakmakine.com.tr\/en\/contact\/\">\u0441\u0432\u044f\u0437\u0430\u0442\u044c\u0441\u044f \u0441 \u043d\u0430\u043c\u0438<\/a>\u00a0\u0434\u043b\u044f \u043f\u043e\u043b\u0443\u0447\u0435\u043d\u0438\u044f \u0431\u043e\u043b\u0435\u0435 \u043f\u043e\u0434\u0440\u043e\u0431\u043d\u043e\u0439 \u0438\u043d\u0444\u043e\u0440\u043c\u0430\u0446\u0438\u0438.<\/p>\n\n\t\t<\/div>\n\t<\/div>\n\n\t<div class=\"wpb_raw_code wpb_content_element wpb_raw_html\" >\n\t\t<div class=\"wpb_wrapper\">\n\t\t\t<table class=\"sem-table\">\n  <tbody>\n    <tr>\n      <th scope=\"row\">\u0428\u0438\u0440\u0438\u043d\u0430 \u043f\u0430\u043d\u0435\u043b\u0438<\/th>\n      <td>1200 \u043c\u043c<\/td>\n    <\/tr>\n    <tr>\n      <th scope=\"row\">\u0414\u043b\u0438\u043d\u0430 \u043f\u0430\u043d\u0435\u043b\u0438<\/th>\n      <td>1200 \u043c\u043c<\/td>\n    <\/tr>\n    <tr>\n      <th scope=\"row\">\u0422\u043e\u043b\u0449\u0438\u043d\u0430<\/th>\n      <td>10 - 50 \u043c\u043c<\/td>\n    <\/tr>\n    <tr>\n      <th scope=\"row\">\u0421\u0438\u0441\u0442\u0435\u043c\u0430 \u043d\u0430\u0440\u0435\u0437\u043a\u0438 \u043f\u043e \u0434\u043b\u0438\u043d\u0435<\/th>\n      <td>\u042d\u043b\u0435\u043a\u0442\u0440\u043e\u043d\u043d\u044b\u0439 \/ \u0421\u0435\u0440\u0432\u043e\u043f\u0440\u0438\u0432\u043e\u0434<\/td>\n    <\/tr>\n    <tr>\n      <th scope=\"row\">\u041a\u043e\u043b\u0438\u0447\u0435\u0441\u0442\u0432\u043e \u0431\u043e\u043a\u043e\u0432\u044b\u0445 \u043b\u0435\u0437\u0432\u0438\u0439<\/th>\n      <td>7 \u0448\u0442\u0443\u043a<\/td>\n    <\/tr>\n    <tr>\n      <th scope=\"row\">\u0414\u043b\u0438\u043d\u0430 \u041a\u043e\u043b\u0438\u0447\u0435\u0441\u0442\u0432\u043e \u043b\u0435\u0437\u0432\u0438\u0439<\/th>\n      <td>1 \u0448\u0442\u0443\u043a\u0430<\/td>\n    <\/tr>\n    <tr>\n      <th scope=\"row\">\u041f\u0430\u043d\u0435\u043b\u044c\u043d\u0430\u044f \u043f\u043e\u0434\u0430\u0447\u0430<\/th>\n      <td>\u0421\u0445\u0435\u043c\u0430 \u043f\u043d\u0435\u0432\u043c\u0430\u0442\u0438\u0447\u0435\u0441\u043a\u043e\u0439 \u0441\u0438\u0441\u0442\u0435\u043c\u044b<\/td>\n    <\/tr>\n  <\/tbody>\n<\/table>\n\n\t\t<\/div>\n\t<\/div>\n<\/div><\/div><\/div><\/div><\/div><div class=\"container\" ><div class=\"vc_row wpb_row vc_row-fluid vc_custom_1640601725467\"><div class=\"wpb_column vc_column_container vc_col-sm-12\"><div class=\"vc_column-inner\"><div class=\"wpb_wrapper\">\n\t<div class=\"wpb_text_column wpb_content_element\" >\n\t\t<div class=\"wpb_wrapper\">\n\t\t\t<h2 class=\"black left\">\u0418\u0437\u043e\u0431\u0440\u0430\u0436\u0435\u043d\u0438\u044f \u0442\u043e\u0432\u0430\u0440\u0430<\/h2>\n\n\t\t<\/div>\n\t<\/div>\n<div class=\"fullwidth\" ><div class=\"vc_row wpb_row vc_inner vc_row-fluid\"><div class=\"wpb_column vc_column_container vc_col-sm-6\"><div class=\"vc_column-inner\"><div class=\"wpb_wrapper\">\n\t<div  class=\"wpb_single_image wpb_content_element vc_align_left\">\n\t\t\n\t\t<figure class=\"wpb_wrapper vc_figure\">\n\t\t\t<a class=\"\" data-lightbox=\"lightbox[rel-1934-3285448662]\" href=\"https:\/\/kamakmakine.com.tr\/wp-content\/uploads\/2023\/10\/k-3015-lamine-kagit-dilimle-02-1024x683.jpg\" target=\"_self\"><img loading=\"lazy\" decoding=\"async\" width=\"1500\" height=\"1000\" src=\"https:\/\/kamakmakine.com.tr\/wp-content\/uploads\/2023\/10\/k-3015-lamine-kagit-dilimle-02.jpg\" class=\"vc_single_image-img attachment-full\" alt=\"\" title=\"k-3015-\u043b\u0430\u043c\u0438\u043d\u0438\u0440\u043e\u0432\u0430\u043d\u043d\u044b\u0439-\u0431\u0443\u043c\u0430\u0436\u043d\u044b\u0439-\u0441\u043b\u0430\u0439\u0441-02\" srcset=\"https:\/\/kamakmakine.com.tr\/wp-content\/uploads\/2023\/10\/k-3015-lamine-kagit-dilimle-02.jpg 1500w, https:\/\/kamakmakine.com.tr\/wp-content\/uploads\/2023\/10\/k-3015-lamine-kagit-dilimle-02-300x200.jpg 300w, https:\/\/kamakmakine.com.tr\/wp-content\/uploads\/2023\/10\/k-3015-lamine-kagit-dilimle-02-1024x683.jpg 1024w, https:\/\/kamakmakine.com.tr\/wp-content\/uploads\/2023\/10\/k-3015-lamine-kagit-dilimle-02-768x512.jpg 768w\" sizes=\"auto, (max-width: 1500px) 100vw, 1500px\" \/><\/a>\n\t\t<\/figure>\n\t<\/div>\n<\/div><\/div><\/div><div class=\"wpb_column vc_column_container vc_col-sm-6\"><div class=\"vc_column-inner\"><div class=\"wpb_wrapper\"><\/div><\/div><\/div><\/div><\/div><\/div><\/div><\/div><\/div><\/div><div class=\"container\" ><div class=\"vc_row wpb_row vc_row-fluid vc_custom_1640601732694\"><div class=\"wpb_column vc_column_container vc_col-sm-12\"><div class=\"vc_column-inner\"><div class=\"wpb_wrapper\">\n\t<div class=\"wpb_text_column wpb_content_element\" >\n\t\t<div class=\"wpb_wrapper\">\n\t\t\t<h2 class=\"black left\">\u0412\u0438\u0434\u0435\u043e\u0440\u043e\u043b\u0438\u043a\u0438 \u043e \u043f\u0440\u043e\u0434\u0443\u043a\u0446\u0438\u0438<\/h2>\n\n\t\t<\/div>\n\t<\/div>\n<div class=\"fullwidth\" ><div class=\"vc_row wpb_row vc_inner vc_row-fluid\"><div class=\"wpb_column vc_column_container vc_col-sm-6\"><div class=\"vc_column-inner\"><div class=\"wpb_wrapper\">\n\t<div class=\"wpb_raw_code wpb_content_element wpb_raw_html\" >\n\t\t<div class=\"wpb_wrapper\">\n\t\t\t<video poster=\"http:\/\/kamakmakine.com.tr\/wp-content\/uploads\/2023\/10\/k-3015-lamine-kagit-dilimle-video.jpg\" controls=\"1\" loop=\"1\" style=\"max-width:100%;\"><source type=\"video\/mp4\" src=\"http:\/\/kamakmakine.com.tr\/video\/k-3015.mp4\"><\/video>\n\t\t<\/div>\n\t<\/div>\n<\/div><\/div><\/div><div class=\"wpb_column vc_column_container vc_col-sm-6\"><div class=\"vc_column-inner\"><div class=\"wpb_wrapper\"><\/div><\/div><\/div><\/div><\/div><\/div><\/div><\/div><\/div><\/div>\n<\/div>","protected":false},"excerpt":{"rendered":"Kamak Makine \u00dcr\u00fcnler K-3015 Lamineli Ka\u011f\u0131t Petek Dilme Makinas\u0131 K - 3015 Product Specs Category: Laminated Paper Slitting Brand: KAMAK Model: K - 3015 Panel Width: 1200 mm Panel Length: 1200 mm Thickness: 10-50 mm TECHNICAL DOCUMENT Tech Specs The technical specifications table is below. Please\u00a0contact us\u00a0for more detailed information. Panel Width 1200 mm Panel [...]","protected":false},"author":2,"featured_media":0,"parent":1926,"menu_order":1,"comment_status":"closed","ping_status":"closed","template":"","meta":{"footnotes":""},"class_list":["post-1934","page","type-page","status-publish","hentry"],"_links":{"self":[{"href":"https:\/\/kamakmakine.com.tr\/ru\/wp-json\/wp\/v2\/pages\/1934","targetHints":{"allow":["GET"]}}],"collection":[{"href":"https:\/\/kamakmakine.com.tr\/ru\/wp-json\/wp\/v2\/pages"}],"about":[{"href":"https:\/\/kamakmakine.com.tr\/ru\/wp-json\/wp\/v2\/types\/page"}],"author":[{"embeddable":true,"href":"https:\/\/kamakmakine.com.tr\/ru\/wp-json\/wp\/v2\/users\/2"}],"replies":[{"embeddable":true,"href":"https:\/\/kamakmakine.com.tr\/ru\/wp-json\/wp\/v2\/comments?post=1934"}],"version-history":[{"count":4,"href":"https:\/\/kamakmakine.com.tr\/ru\/wp-json\/wp\/v2\/pages\/1934\/revisions"}],"predecessor-version":[{"id":2146,"href":"https:\/\/kamakmakine.com.tr\/ru\/wp-json\/wp\/v2\/pages\/1934\/revisions\/2146"}],"up":[{"embeddable":true,"href":"https:\/\/kamakmakine.com.tr\/ru\/wp-json\/wp\/v2\/pages\/1926"}],"wp:attachment":[{"href":"https:\/\/kamakmakine.com.tr\/ru\/wp-json\/wp\/v2\/media?parent=1934"}],"curies":[{"name":"wp","href":"https:\/\/api.w.org\/{rel}","templated":true}]}}