{"id":1845,"date":"2024-09-13T21:50:39","date_gmt":"2024-09-13T18:50:39","guid":{"rendered":"https:\/\/kamakmakine.com.tr\/?page_id=1845"},"modified":"2024-10-13T18:02:18","modified_gmt":"2024-10-13T15:02:18","slug":"k-5260-jumbo-paper-bobbin-slitting","status":"publish","type":"page","link":"https:\/\/kamakmakine.com.tr\/ru\/products\/paper-slitting-machine\/k-5260-jumbo-paper-bobbin-slitting\/","title":{"rendered":"K-5260 Jumbo Paper Bobbin Slitting"},"content":{"rendered":"<div class=\"wpb-content-wrapper\"><div class=\"fullwidth\" ><div class=\"vc_row wpb_row vc_row-fluid vc_custom_1640601708519\"><div class=\"wpb_column vc_column_container vc_col-sm-12\"><div class=\"vc_column-inner\"><div class=\"wpb_wrapper\"><div class=\"container\" ><div class=\"vc_row wpb_row vc_inner vc_row-fluid vc_custom_1640603113396\"><div class=\"product-title wpb_column vc_column_container vc_col-sm-6\"><div class=\"vc_column-inner\"><div class=\"wpb_wrapper\">\n\t<div class=\"wpb_text_column wpb_content_element  vc_custom_1704149387268 urun-header\" >\n\t\t<div class=\"wpb_wrapper\">\n\t\t\t<h5><span style=\"color: #ffffff;\">\u041f\u0440\u043e\u0434\u0443\u043a\u0446\u0438\u044f \u043a\u043e\u043c\u043f\u0430\u043d\u0438\u0438 Kamak Machinery<\/span><\/h5>\n<h2><span style=\"color: #ffffff;\"><strong>\u041c\u0430\u0448\u0438\u043d\u0430 \u0434\u043b\u044f \u043f\u0440\u043e\u0434\u043e\u043b\u044c\u043d\u043e\u0439 \u0440\u0435\u0437\u043a\u0438 \u0440\u0443\u043b\u043e\u043d\u043e\u0432 \u0431\u0443\u043c\u0430\u0433\u0438 \u0431\u043e\u043b\u044c\u0448\u043e\u0433\u043e \u0434\u0438\u0430\u043c\u0435\u0442\u0440\u0430<\/strong><\/span><\/h2>\n<h2><span style=\"color: #f07e22;\"><strong>\u041a \u2013 5260<\/strong><\/span><\/h2>\n\n\t\t<\/div>\n\t<\/div>\n<\/div><\/div><\/div><div class=\"wpb_column vc_column_container vc_col-sm-6\"><div class=\"vc_column-inner\"><div class=\"wpb_wrapper\">\n\t<div  class=\"wpb_single_image wpb_content_element vc_align_center\">\n\t\t\n\t\t<figure class=\"wpb_wrapper vc_figure\">\n\t\t\t<div class=\"vc_single_image-wrapper   vc_box_border_grey\"><img loading=\"lazy\" decoding=\"async\" width=\"1500\" height=\"1000\" src=\"https:\/\/kamakmakine.com.tr\/wp-content\/uploads\/2024\/01\/k-5260-jumbo-kagit-dilimleme-makinasi.png\" class=\"vc_single_image-img attachment-full\" alt=\"\" title=\"k-5260-jumbo-paper-slitting-machine\" srcset=\"https:\/\/kamakmakine.com.tr\/wp-content\/uploads\/2024\/01\/k-5260-jumbo-kagit-dilimleme-makinasi.png 1500w, https:\/\/kamakmakine.com.tr\/wp-content\/uploads\/2024\/01\/k-5260-jumbo-kagit-dilimleme-makinasi-300x200.png 300w, https:\/\/kamakmakine.com.tr\/wp-content\/uploads\/2024\/01\/k-5260-jumbo-kagit-dilimleme-makinasi-1024x683.png 1024w, https:\/\/kamakmakine.com.tr\/wp-content\/uploads\/2024\/01\/k-5260-jumbo-kagit-dilimleme-makinasi-768x512.png 768w\" sizes=\"auto, (max-width: 1500px) 100vw, 1500px\" \/><\/div>\n\t\t<\/figure>\n\t<\/div>\n<\/div><\/div><\/div><\/div><\/div><\/div><\/div><\/div><\/div><\/div><div class=\"container\" ><div class=\"vc_row wpb_row vc_row-fluid vc_custom_1640601945603\"><div class=\"wpb_column vc_column_container vc_col-sm-8\"><div class=\"vc_column-inner\"><div class=\"wpb_wrapper\">\n\t<div  class=\"wpb_single_image wpb_content_element vc_align_left\">\n\t\t\n\t\t<figure class=\"wpb_wrapper vc_figure\">\n\t\t\t<div class=\"vc_single_image-wrapper   vc_box_border_grey\"><img loading=\"lazy\" decoding=\"async\" width=\"980\" height=\"732\" src=\"https:\/\/kamakmakine.com.tr\/wp-content\/uploads\/2024\/01\/k-5260-jumbo-kagit-dilimleme-makinasi.jpg\" class=\"vc_single_image-img attachment-full\" alt=\"\" title=\"k-5260-jumbo-paper-slitting-machine\" srcset=\"https:\/\/kamakmakine.com.tr\/wp-content\/uploads\/2024\/01\/k-5260-jumbo-kagit-dilimleme-makinasi.jpg 980w, https:\/\/kamakmakine.com.tr\/wp-content\/uploads\/2024\/01\/k-5260-jumbo-kagit-dilimleme-makinasi-300x224.jpg 300w, https:\/\/kamakmakine.com.tr\/wp-content\/uploads\/2024\/01\/k-5260-jumbo-kagit-dilimleme-makinasi-768x574.jpg 768w\" sizes=\"auto, (max-width: 980px) 100vw, 980px\" \/><\/div>\n\t\t<\/figure>\n\t<\/div>\n<\/div><\/div><\/div><div class=\"wpb_column vc_column_container vc_col-sm-4\"><div class=\"vc_column-inner\"><div class=\"wpb_wrapper\">\n\t<div class=\"wpb_text_column wpb_content_element\" >\n\t\t<div class=\"wpb_wrapper\">\n\t\t\t<h2 class=\"black left\">\u0422\u0435\u0445\u043d\u0438\u0447\u0435\u0441\u043a\u0438\u0435 \u0445\u0430\u0440\u0430\u043a\u0442\u0435\u0440\u0438\u0441\u0442\u0438\u043a\u0438 \u0438\u0437\u0434\u0435\u043b\u0438\u044f<\/h2>\n\n\t\t<\/div>\n\t<\/div>\n\n\t<div class=\"wpb_raw_code wpb_content_element wpb_raw_html\" >\n\t\t<div class=\"wpb_wrapper\">\n\t\t\t<div class=\"porduct-des\">\n<ul>\n \t<li><strong>\u041a\u0430\u0442\u0435\u0433\u043e\u0440\u0438\u044f<\/strong>\u0420\u0435\u0437\u043a\u0430 \u0431\u0443\u043c\u0430\u0436\u043d\u044b\u0445 \u043a\u0430\u0442\u0443\u0448\u0435\u043a<\/li>\n \t<li><strong>\u0411\u0440\u0435\u043d\u0434<\/strong>: \u041a\u0410\u041c\u0410\u041a<\/li>\n \t<li><strong>\u041c\u043e\u0434\u0435\u043b\u044c<\/strong>: K - 5260<\/li>\n \t<li><strong>\u0428\u0438\u0440\u0438\u043d\u0430 \u0441\u0442\u0430\u043d\u043a\u0430<\/strong>: 1800-3000 \u043c\u043c<\/li>\n \t<li><strong>\u041c\u043e\u0449\u043d\u043e\u0441\u0442\u044c \u0434\u0432\u0438\u0433\u0430\u0442\u0435\u043b\u044f<\/strong>: 18-40 \u043a\u0412\u0442<\/li>\n \t<li><strong>\u0421\u043a\u043e\u0440\u043e\u0441\u0442\u044c \u0440\u0435\u0437\u043a\u0438<\/strong>: 400 \u043c\/\u0447<\/li>\n \t<li><strong>\u0414\u0438\u0430\u043c\u0435\u0442\u0440 \u043e\u0431\u043c\u043e\u0442\u043a\u0438<\/strong>: 1300 \u043c\u043c<\/li>\n<\/ul>\n<\/div>\n\t\t<\/div>\n\t<\/div>\n<div class=\"vc_btn3-container vc_btn3-inline vc_custom_1726253237284\" ><a class=\"vc_general vc_btn3 vc_btn3-size-md vc_btn3-shape-rounded vc_btn3-style-modern vc_btn3-icon-left vc_btn3-color-warning\" href=\"#\" title=\"\"><i class=\"vc_btn3-icon fas fa-file-alt\"><\/i> \u0422\u0415\u0425\u041d\u0418\u0427\u0415\u0421\u041a\u0418\u0419 \u0414\u041e\u041a\u0423\u041c\u0415\u041d\u0422<\/a><\/div><\/div><\/div><\/div><\/div><\/div><div class=\"container\" ><div class=\"vc_row wpb_row vc_row-fluid vc_custom_1640601718093\"><div class=\"wpb_column vc_column_container vc_col-sm-12\"><div class=\"vc_column-inner\"><div class=\"wpb_wrapper\">\n\t<div class=\"wpb_text_column wpb_content_element\" >\n\t\t<div class=\"wpb_wrapper\">\n\t\t\t<h2 class=\"black left\">\u0422\u0435\u0445\u043d\u0438\u0447\u0435\u0441\u043a\u0438\u0435 \u0445\u0430\u0440\u0430\u043a\u0442\u0435\u0440\u0438\u0441\u0442\u0438\u043a\u0438<\/h2>\n<p class=\"onalti\">\u041d\u0438\u0436\u0435 \u043f\u0440\u0438\u0432\u0435\u0434\u0435\u043d\u0430 \u0442\u0430\u0431\u043b\u0438\u0446\u0430 \u0442\u0435\u0445\u043d\u0438\u0447\u0435\u0441\u043a\u0438\u0445 \u0445\u0430\u0440\u0430\u043a\u0442\u0435\u0440\u0438\u0441\u0442\u0438\u043a. \u041f\u043e\u0436\u0430\u043b\u0443\u0439\u0441\u0442\u0430,\u00a0<a href=\"https:\/\/kamakmakine.com.tr\/en\/contact\/\">\u0441\u0432\u044f\u0437\u0430\u0442\u044c\u0441\u044f \u0441 \u043d\u0430\u043c\u0438<\/a>\u00a0\u0434\u043b\u044f \u043f\u043e\u043b\u0443\u0447\u0435\u043d\u0438\u044f \u0431\u043e\u043b\u0435\u0435 \u043f\u043e\u0434\u0440\u043e\u0431\u043d\u043e\u0439 \u0438\u043d\u0444\u043e\u0440\u043c\u0430\u0446\u0438\u0438.<\/p>\n\n\t\t<\/div>\n\t<\/div>\n\n\t<div class=\"wpb_raw_code wpb_content_element wpb_raw_html\" >\n\t\t<div class=\"wpb_wrapper\">\n\t\t\t<table class=\"sem-table\">\n  <tbody>\n    <tr>\n      <th scope=\"row\">\u0428\u0438\u0440\u0438\u043d\u0430 \u0441\u0442\u0430\u043d\u043a\u0430<\/th>\n      <td>1800 \u043c\u043c<\/td>\n      <td>2000 \u043c\u043c<\/td>\n      <td>2500 \u043c\u043c<\/td>\n      <td>3000 \u043c\u043c<\/td>\n    <\/tr>\n    <tr>\n      <th scope=\"row\">\u041c\u043e\u0449\u043d\u043e\u0441\u0442\u044c \u0434\u0432\u0438\u0433\u0430\u0442\u0435\u043b\u044f<\/th>\n      <td>18 \u043a\u0412\u0442<\/td>\n      <td>24 \u043a\u0412\u0442<\/td>\n      <td>30 \u043a\u0412\u0442<\/td>\n      <td>40 \u043a\u0412\u0442<\/td>\n    <\/tr>\n    <tr>\n      <th scope=\"row\">\u041a\u043e\u043b\u0438\u0447\u0435\u0441\u0442\u0432\u043e \u043b\u043e\u043f\u0430\u0441\u0442\u0435\u0439<\/th>\n      <td>5 \u0448\u0442.<\/td>\n      <td>5 \u0448\u0442.<\/td>\n      <td>5 \u0448\u0442.<\/td>\n      <td>5 \u0448\u0442.<\/td>\n    <\/tr>\n    <tr>\n      <th scope=\"row\">\u0421\u043a\u043e\u0440\u043e\u0441\u0442\u044c \u0440\u0435\u0437\u043a\u0438<\/th>\n      <td>400 \u043c\u0435\u0442\u0440\u043e\u0432\/\u0447\u0430\u0441<\/td>\n      <td>400 \u043c\u0435\u0442\u0440\u043e\u0432\/\u0447\u0430\u0441<\/td>\n      <td>400 \u043c\u0435\u0442\u0440\u043e\u0432\/\u0447\u0430\u0441<\/td>\n      <td>400 \u043c\u0435\u0442\u0440\u043e\u0432\/\u0447\u0430\u0441<\/td>\n    <\/tr>\n    <tr>\n      <th scope=\"row\">\u0414\u0438\u0430\u043c\u0435\u0442\u0440 \u043e\u0431\u043c\u043e\u0442\u043a\u0438<\/th>\n      <td>1300 \u043c\u043c<\/td>\n      <td>1300 \u043c\u043c<\/td>\n      <td>1300 \u043c\u043c<\/td>\n      <td>1300 \u043c\u043c<\/td>\n    <\/tr>\n    <tr>\n      <th scope=\"row\">\u0414\u0438\u0430\u043f\u0430\u0437\u043e\u043d \u043f\u043b\u043e\u0442\u043d\u043e\u0441\u0442\u0438 \u0431\u0443\u043c\u0430\u0433\u0438<\/th>\n      <td>40-400 \u0433\u0440<\/td>\n      <td>40-400 \u0433\u0440<\/td>\n      <td>40-400 \u0433\u0440<\/td>\n      <td>40-400 \u0433\u0440<\/td>\n    <\/tr>\n    <tr>\n      <th scope=\"row\">\u0420\u0435\u0433\u0443\u043b\u0438\u0440\u043e\u0432\u043a\u0430 \u0441\u043a\u043e\u0440\u043e\u0441\u0442\u0438<\/th>\n      <td>\u0414\u0430<\/td>\n      <td>\u0414\u0430<\/td>\n      <td>\u0414\u0430<\/td>\n      <td>\u0414\u0430<\/td>\n    <\/tr>\n    <tr>\n      <th scope=\"row\">\u041a\u043e\u043d\u0442\u0440\u043e\u043b\u044c \u043d\u0430\u0442\u044f\u0436\u0435\u043d\u0438\u044f<\/th>\n      <td>\u042d\u043b\u0435\u043a\u0442\u0440\u043e\u043d\u043d\u044b\u0439<\/td>\n      <td>\u042d\u043b\u0435\u043a\u0442\u0440\u043e\u043d\u043d\u044b\u0439<\/td>\n      <td>\u042d\u043b\u0435\u043a\u0442\u0440\u043e\u043d\u043d\u044b\u0439<\/td>\n      <td>\u042d\u043b\u0435\u043a\u0442\u0440\u043e\u043d\u043d\u044b\u0439<\/td>\n    <\/tr>\n    <tr>\n      <th scope=\"row\">\u0414\u0438\u0430\u043c\u0435\u0442\u0440 \u0440\u0430\u0437\u043c\u0430\u0442\u044b\u0432\u0430\u0435\u043c\u043e\u0439 \u0431\u043e\u0431\u0438\u043d\u044b<\/th>\n      <td>1500 \u043c\u043c<\/td>\n      <td>1500 \u043c\u043c<\/td>\n      <td>1500 \u043c\u043c<\/td>\n      <td>1500 \u043c\u043c<\/td>\n    <\/tr>\n\t<tr>\n      <th scope=\"row\">\u0412\u0430\u043b \u043a\u0430\u0440\u0435\u0442\u043a\u0438 \u043c\u0435\u0445\u0430\u043d\u0438\u0437\u043c\u0430 \u0432\u0440\u0430\u0449\u0435\u043d\u0438\u044f<\/th>\n      <td>76 \u043c\u043c<\/td>\n      <td>76 \u043c\u043c<\/td>\n      <td>76 \u043c\u043c<\/td>\n      <td>76 \u043c\u043c<\/td>\n    <\/tr>\n  <\/tbody>\n<\/table>\n\t\t<\/div>\n\t<\/div>\n<\/div><\/div><\/div><\/div><\/div><div class=\"container\" ><div class=\"vc_row wpb_row vc_row-fluid vc_custom_1640601725467\"><div class=\"wpb_column vc_column_container vc_col-sm-12\"><div class=\"vc_column-inner\"><div class=\"wpb_wrapper\">\n\t<div class=\"wpb_text_column wpb_content_element\" >\n\t\t<div class=\"wpb_wrapper\">\n\t\t\t<h2 class=\"black left\">\u0418\u0437\u043e\u0431\u0440\u0430\u0436\u0435\u043d\u0438\u044f \u0442\u043e\u0432\u0430\u0440\u0430<\/h2>\n\n\t\t<\/div>\n\t<\/div>\n<div class=\"fullwidth\" ><div class=\"vc_row wpb_row vc_inner vc_row-fluid\"><div class=\"wpb_column vc_column_container vc_col-sm-6\"><div class=\"vc_column-inner\"><div class=\"wpb_wrapper\">\n\t<div  class=\"wpb_single_image wpb_content_element vc_align_left\">\n\t\t\n\t\t<figure class=\"wpb_wrapper vc_figure\">\n\t\t\t<a class=\"\" data-lightbox=\"lightbox[rel-1845-84220617]\" href=\"https:\/\/kamakmakine.com.tr\/wp-content\/uploads\/2024\/01\/k-5260-jumbo-kagit-dilimleme-makinasi-04-1024x683.jpg\" target=\"_self\"><img loading=\"lazy\" decoding=\"async\" width=\"1500\" height=\"1000\" src=\"https:\/\/kamakmakine.com.tr\/wp-content\/uploads\/2024\/01\/k-5260-jumbo-kagit-dilimleme-makinasi-04.jpg\" class=\"vc_single_image-img attachment-full\" alt=\"\" title=\"k-5260-jumbo-paper-slicing-machine-04\" srcset=\"https:\/\/kamakmakine.com.tr\/wp-content\/uploads\/2024\/01\/k-5260-jumbo-kagit-dilimleme-makinasi-04.jpg 1500w, https:\/\/kamakmakine.com.tr\/wp-content\/uploads\/2024\/01\/k-5260-jumbo-kagit-dilimleme-makinasi-04-300x200.jpg 300w, https:\/\/kamakmakine.com.tr\/wp-content\/uploads\/2024\/01\/k-5260-jumbo-kagit-dilimleme-makinasi-04-1024x683.jpg 1024w, https:\/\/kamakmakine.com.tr\/wp-content\/uploads\/2024\/01\/k-5260-jumbo-kagit-dilimleme-makinasi-04-768x512.jpg 768w\" sizes=\"auto, (max-width: 1500px) 100vw, 1500px\" \/><\/a>\n\t\t<\/figure>\n\t<\/div>\n<\/div><\/div><\/div><div class=\"wpb_column vc_column_container vc_col-sm-6\"><div class=\"vc_column-inner\"><div class=\"wpb_wrapper\">\n\t<div  class=\"wpb_single_image wpb_content_element vc_align_left\">\n\t\t\n\t\t<figure class=\"wpb_wrapper vc_figure\">\n\t\t\t<a class=\"\" data-lightbox=\"lightbox[rel-1845-283394876]\" href=\"https:\/\/kamakmakine.com.tr\/wp-content\/uploads\/2024\/01\/k-5260-jumbo-kagit-dilimleme-makinasi-02-1024x683.jpg\" target=\"_self\"><img loading=\"lazy\" decoding=\"async\" width=\"1500\" height=\"1000\" src=\"https:\/\/kamakmakine.com.tr\/wp-content\/uploads\/2024\/01\/k-5260-jumbo-kagit-dilimleme-makinasi-02.jpg\" class=\"vc_single_image-img attachment-full\" alt=\"\" title=\"k-5260-jumbo-paper-slicing-machine-02\" srcset=\"https:\/\/kamakmakine.com.tr\/wp-content\/uploads\/2024\/01\/k-5260-jumbo-kagit-dilimleme-makinasi-02.jpg 1500w, https:\/\/kamakmakine.com.tr\/wp-content\/uploads\/2024\/01\/k-5260-jumbo-kagit-dilimleme-makinasi-02-300x200.jpg 300w, https:\/\/kamakmakine.com.tr\/wp-content\/uploads\/2024\/01\/k-5260-jumbo-kagit-dilimleme-makinasi-02-1024x683.jpg 1024w, https:\/\/kamakmakine.com.tr\/wp-content\/uploads\/2024\/01\/k-5260-jumbo-kagit-dilimleme-makinasi-02-768x512.jpg 768w\" sizes=\"auto, (max-width: 1500px) 100vw, 1500px\" \/><\/a>\n\t\t<\/figure>\n\t<\/div>\n<\/div><\/div><\/div><\/div><\/div><div class=\"fullwidth\" ><div class=\"vc_row wpb_row vc_inner vc_row-fluid\"><div class=\"wpb_column vc_column_container vc_col-sm-6\"><div class=\"vc_column-inner\"><div class=\"wpb_wrapper\">\n\t<div  class=\"wpb_single_image wpb_content_element vc_align_left\">\n\t\t\n\t\t<figure class=\"wpb_wrapper vc_figure\">\n\t\t\t<a class=\"\" data-lightbox=\"lightbox[rel-1845-1899616667]\" href=\"https:\/\/kamakmakine.com.tr\/wp-content\/uploads\/2024\/01\/k-5260-jumbo-kagit-dilimleme-makinasi-01-1024x683.jpg\" target=\"_self\"><img loading=\"lazy\" decoding=\"async\" width=\"1500\" height=\"1000\" src=\"https:\/\/kamakmakine.com.tr\/wp-content\/uploads\/2024\/01\/k-5260-jumbo-kagit-dilimleme-makinasi-01.jpg\" class=\"vc_single_image-img attachment-full\" alt=\"\" title=\"k-5260-jumbo-paper-slicing-machine-01\" srcset=\"https:\/\/kamakmakine.com.tr\/wp-content\/uploads\/2024\/01\/k-5260-jumbo-kagit-dilimleme-makinasi-01.jpg 1500w, https:\/\/kamakmakine.com.tr\/wp-content\/uploads\/2024\/01\/k-5260-jumbo-kagit-dilimleme-makinasi-01-300x200.jpg 300w, https:\/\/kamakmakine.com.tr\/wp-content\/uploads\/2024\/01\/k-5260-jumbo-kagit-dilimleme-makinasi-01-1024x683.jpg 1024w, https:\/\/kamakmakine.com.tr\/wp-content\/uploads\/2024\/01\/k-5260-jumbo-kagit-dilimleme-makinasi-01-768x512.jpg 768w\" sizes=\"auto, (max-width: 1500px) 100vw, 1500px\" \/><\/a>\n\t\t<\/figure>\n\t<\/div>\n<\/div><\/div><\/div><div class=\"wpb_column vc_column_container vc_col-sm-6\"><div class=\"vc_column-inner\"><div class=\"wpb_wrapper\">\n\t<div  class=\"wpb_single_image wpb_content_element vc_align_left\">\n\t\t\n\t\t<figure class=\"wpb_wrapper vc_figure\">\n\t\t\t<a class=\"\" data-lightbox=\"lightbox[rel-1845-508396508]\" href=\"https:\/\/kamakmakine.com.tr\/wp-content\/uploads\/2024\/01\/k-5260-jumbo-kagit-dilimleme-makinasi-03-1024x683.jpg\" target=\"_self\"><img loading=\"lazy\" decoding=\"async\" width=\"1500\" height=\"1000\" src=\"https:\/\/kamakmakine.com.tr\/wp-content\/uploads\/2024\/01\/k-5260-jumbo-kagit-dilimleme-makinasi-03.jpg\" class=\"vc_single_image-img attachment-full\" alt=\"\" title=\"k-5260-jumbo-paper-slicing-machine-03\" srcset=\"https:\/\/kamakmakine.com.tr\/wp-content\/uploads\/2024\/01\/k-5260-jumbo-kagit-dilimleme-makinasi-03.jpg 1500w, https:\/\/kamakmakine.com.tr\/wp-content\/uploads\/2024\/01\/k-5260-jumbo-kagit-dilimleme-makinasi-03-300x200.jpg 300w, https:\/\/kamakmakine.com.tr\/wp-content\/uploads\/2024\/01\/k-5260-jumbo-kagit-dilimleme-makinasi-03-1024x683.jpg 1024w, https:\/\/kamakmakine.com.tr\/wp-content\/uploads\/2024\/01\/k-5260-jumbo-kagit-dilimleme-makinasi-03-768x512.jpg 768w\" sizes=\"auto, (max-width: 1500px) 100vw, 1500px\" \/><\/a>\n\t\t<\/figure>\n\t<\/div>\n<\/div><\/div><\/div><\/div><\/div><\/div><\/div><\/div><\/div><\/div><div class=\"container\" ><div class=\"vc_row wpb_row vc_row-fluid vc_custom_1640601732694\"><div class=\"wpb_column vc_column_container vc_col-sm-12\"><div class=\"vc_column-inner\"><div class=\"wpb_wrapper\">\n\t<div class=\"wpb_text_column wpb_content_element\" >\n\t\t<div class=\"wpb_wrapper\">\n\t\t\t<h2 class=\"black left\">\u0412\u0438\u0434\u0435\u043e\u0440\u043e\u043b\u0438\u043a\u0438 \u043e \u043f\u0440\u043e\u0434\u0443\u043a\u0446\u0438\u0438<\/h2>\n\n\t\t<\/div>\n\t<\/div>\n<div class=\"fullwidth\" ><div class=\"vc_row wpb_row vc_inner vc_row-fluid\"><div class=\"wpb_column vc_column_container vc_col-sm-6\"><div class=\"vc_column-inner\"><div class=\"wpb_wrapper\">\n\t<div class=\"wpb_raw_code wpb_content_element wpb_raw_html\" >\n\t\t<div class=\"wpb_wrapper\">\n\t\t\t<video poster=\"http:\/\/kamakmakine.com.tr\/wp-content\/uploads\/2024\/01\/k-5260-jumbo-kagit-dilimleme-makinasi-video.jpg\" controls=\"1\" loop=\"1\" style=\"max-width:100%;\"><source type=\"video\/mp4\" src=\"http:\/\/kamakmakine.com.tr\/video\/k-5260.mp4\"><\/video>\n\t\t<\/div>\n\t<\/div>\n<\/div><\/div><\/div><div class=\"wpb_column vc_column_container vc_col-sm-6\"><div class=\"vc_column-inner\"><div class=\"wpb_wrapper\"><\/div><\/div><\/div><\/div><\/div><\/div><\/div><\/div><\/div><\/div>\n<\/div>","protected":false},"excerpt":{"rendered":"Kamak Makine \u00dcr\u00fcnler Jumbo Ka\u011f\u0131t Bobin Dilimleme Makinesi K - 5260 Product Specs Category: Paper Bobbin Slitting Brand: KAMAK Model: K - 5260 Machine Width: 1800-3000 mm Engine Power: 18-40 kW Slitting Speed: 400 m\/h Winding Diameter: 1300 mm TECHNICAL DOCUMENT Tech Specs The technical specifications table is below. Please\u00a0contact us\u00a0for more detailed information. Machine [...]","protected":false},"author":2,"featured_media":0,"parent":1821,"menu_order":0,"comment_status":"closed","ping_status":"closed","template":"","meta":{"footnotes":""},"class_list":["post-1845","page","type-page","status-publish","hentry"],"_links":{"self":[{"href":"https:\/\/kamakmakine.com.tr\/ru\/wp-json\/wp\/v2\/pages\/1845","targetHints":{"allow":["GET"]}}],"collection":[{"href":"https:\/\/kamakmakine.com.tr\/ru\/wp-json\/wp\/v2\/pages"}],"about":[{"href":"https:\/\/kamakmakine.com.tr\/ru\/wp-json\/wp\/v2\/types\/page"}],"author":[{"embeddable":true,"href":"https:\/\/kamakmakine.com.tr\/ru\/wp-json\/wp\/v2\/users\/2"}],"replies":[{"embeddable":true,"href":"https:\/\/kamakmakine.com.tr\/ru\/wp-json\/wp\/v2\/comments?post=1845"}],"version-history":[{"count":4,"href":"https:\/\/kamakmakine.com.tr\/ru\/wp-json\/wp\/v2\/pages\/1845\/revisions"}],"predecessor-version":[{"id":2136,"href":"https:\/\/kamakmakine.com.tr\/ru\/wp-json\/wp\/v2\/pages\/1845\/revisions\/2136"}],"up":[{"embeddable":true,"href":"https:\/\/kamakmakine.com.tr\/ru\/wp-json\/wp\/v2\/pages\/1821"}],"wp:attachment":[{"href":"https:\/\/kamakmakine.com.tr\/ru\/wp-json\/wp\/v2\/media?parent=1845"}],"curies":[{"name":"wp","href":"https:\/\/api.w.org\/{rel}","templated":true}]}}