{"id":1836,"date":"2024-09-13T21:29:00","date_gmt":"2024-09-13T18:29:00","guid":{"rendered":"https:\/\/kamakmakine.com.tr\/?page_id=1836"},"modified":"2024-10-19T21:40:22","modified_gmt":"2024-10-19T18:40:22","slug":"k-505-paper-bobbin-slitting","status":"publish","type":"page","link":"https:\/\/kamakmakine.com.tr\/ru\/products\/paper-slitting-machine\/k-505-paper-bobbin-slitting\/","title":{"rendered":"K-505 Paper Bobbin Slitting"},"content":{"rendered":"<div class=\"wpb-content-wrapper\"><div class=\"fullwidth\" ><div class=\"vc_row wpb_row vc_row-fluid vc_custom_1696636756945\"><div class=\"wpb_column vc_column_container vc_col-sm-12\"><div class=\"vc_column-inner\"><div class=\"wpb_wrapper\"><div class=\"container\" ><div class=\"vc_row wpb_row vc_inner vc_row-fluid vc_custom_1640603113396\"><div class=\"wpb_column vc_column_container vc_col-sm-6\"><div class=\"vc_column-inner\"><div class=\"wpb_wrapper\">\n\t<div class=\"wpb_text_column wpb_content_element  vc_custom_1696636346219 urun-header\" >\n\t\t<div class=\"wpb_wrapper\">\n\t\t\t<h5><span style=\"color: #ffffff;\">\u041f\u0440\u043e\u0434\u0443\u043a\u0446\u0438\u044f \u043a\u043e\u043c\u043f\u0430\u043d\u0438\u0438 Kamak Machinery<\/span><\/h5>\n<h2><span style=\"color: #ffffff;\"><strong>\u041c\u0430\u0448\u0438\u043d\u0430 \u0434\u043b\u044f \u043f\u0440\u043e\u0434\u043e\u043b\u044c\u043d\u043e\u0439 \u0440\u0435\u0437\u043a\u0438 \u0440\u0443\u043b\u043e\u043d\u043e\u0432 \u0431\u0443\u043c\u0430\u0433\u0438<\/strong><\/span><\/h2>\n<h2><span style=\"color: #f07e22;\"><strong>\u041a \u2013 505<\/strong><\/span><\/h2>\n\n\t\t<\/div>\n\t<\/div>\n<\/div><\/div><\/div><div class=\"wpb_column vc_column_container vc_col-sm-6\"><div class=\"vc_column-inner\"><div class=\"wpb_wrapper\">\n\t<div  class=\"wpb_single_image wpb_content_element vc_align_center\">\n\t\t\n\t\t<figure class=\"wpb_wrapper vc_figure\">\n\t\t\t<div class=\"vc_single_image-wrapper   vc_box_border_grey\"><img loading=\"lazy\" decoding=\"async\" width=\"672\" height=\"448\" src=\"https:\/\/kamakmakine.com.tr\/wp-content\/uploads\/2024\/10\/IMG_0007-e1729362247209.png\" class=\"vc_single_image-img attachment-full\" alt=\"\" title=\"IMG_0007\" \/><\/div>\n\t\t<\/figure>\n\t<\/div>\n<\/div><\/div><\/div><\/div><\/div><\/div><\/div><\/div><\/div><\/div><div class=\"container\" ><div class=\"vc_row wpb_row vc_row-fluid vc_custom_1640601945603\"><div class=\"wpb_column vc_column_container vc_col-sm-8\"><div class=\"vc_column-inner\"><div class=\"wpb_wrapper\">\n\t<div  class=\"wpb_single_image wpb_content_element vc_align_left\">\n\t\t\n\t\t<figure class=\"wpb_wrapper vc_figure\">\n\t\t\t<div class=\"vc_single_image-wrapper   vc_box_border_grey\"><img loading=\"lazy\" decoding=\"async\" width=\"1280\" height=\"853\" src=\"https:\/\/kamakmakine.com.tr\/wp-content\/uploads\/2024\/10\/Kamak505_1-1.jpg\" class=\"vc_single_image-img attachment-full\" alt=\"\" title=\"Kamak505_1\" srcset=\"https:\/\/kamakmakine.com.tr\/wp-content\/uploads\/2024\/10\/Kamak505_1-1.jpg 1280w, https:\/\/kamakmakine.com.tr\/wp-content\/uploads\/2024\/10\/Kamak505_1-1-300x200.jpg 300w, https:\/\/kamakmakine.com.tr\/wp-content\/uploads\/2024\/10\/Kamak505_1-1-1024x682.jpg 1024w, https:\/\/kamakmakine.com.tr\/wp-content\/uploads\/2024\/10\/Kamak505_1-1-768x512.jpg 768w\" sizes=\"auto, (max-width: 1280px) 100vw, 1280px\" \/><\/div>\n\t\t<\/figure>\n\t<\/div>\n<\/div><\/div><\/div><div class=\"wpb_column vc_column_container vc_col-sm-4\"><div class=\"vc_column-inner\"><div class=\"wpb_wrapper\">\n\t<div class=\"wpb_text_column wpb_content_element\" >\n\t\t<div class=\"wpb_wrapper\">\n\t\t\t<h2 class=\"black left\">\u0422\u0435\u0445\u043d\u0438\u0447\u0435\u0441\u043a\u0438\u0435 \u0445\u0430\u0440\u0430\u043a\u0442\u0435\u0440\u0438\u0441\u0442\u0438\u043a\u0438 \u0438\u0437\u0434\u0435\u043b\u0438\u044f<\/h2>\n\n\t\t<\/div>\n\t<\/div>\n\n\t<div class=\"wpb_raw_code wpb_content_element wpb_raw_html\" >\n\t\t<div class=\"wpb_wrapper\">\n\t\t\t<div class=\"porduct-des\">\n<ul>\n \t<li><strong>\u041a\u0430\u0442\u0435\u0433\u043e\u0440\u0438\u044f<\/strong>\u0420\u0435\u0437\u043a\u0430 \u0431\u0443\u043c\u0430\u0436\u043d\u044b\u0445 \u043a\u0430\u0442\u0443\u0448\u0435\u043a<\/li>\n \t<li><strong>\u0411\u0440\u0435\u043d\u0434<\/strong>: \u041a\u0410\u041c\u0410\u041a<\/li>\n \t<li><strong>\u041c\u043e\u0434\u0435\u043b\u044c<\/strong>: K - 505<\/li>\n \t<li><strong>\u0428\u0438\u0440\u0438\u043d\u0430 \u0441\u0442\u0430\u043d\u043a\u0430<\/strong>: <\/li>\n \t<li><strong>\u041c\u043e\u0449\u043d\u043e\u0441\u0442\u044c \u0434\u0432\u0438\u0433\u0430\u0442\u0435\u043b\u044f<\/strong>: <\/li>\n \t<li><strong>\u0421\u043a\u043e\u0440\u043e\u0441\u0442\u044c \u0440\u0435\u0437\u043a\u0438<\/strong>: <\/li>\n \t<li><strong>\u0414\u0438\u0430\u043c\u0435\u0442\u0440 \u043e\u0431\u043c\u043e\u0442\u043a\u0438<\/strong>: <\/li>\n<\/ul>\n<\/div>\n\t\t<\/div>\n\t<\/div>\n<div class=\"vc_btn3-container vc_btn3-inline vc_custom_1726251857968\" ><a class=\"vc_general vc_btn3 vc_btn3-size-md vc_btn3-shape-rounded vc_btn3-style-modern vc_btn3-icon-left vc_btn3-color-warning\" href=\"#\" title=\"\"><i class=\"vc_btn3-icon fas fa-file-alt\"><\/i> \u0422\u0415\u0425\u041d\u0418\u0427\u0415\u0421\u041a\u0418\u0419 \u0414\u041e\u041a\u0423\u041c\u0415\u041d\u0422<\/a><\/div><\/div><\/div><\/div><\/div><\/div><div class=\"container\" ><div class=\"vc_row wpb_row vc_row-fluid vc_custom_1640601718093\"><div class=\"wpb_column vc_column_container vc_col-sm-12\"><div class=\"vc_column-inner\"><div class=\"wpb_wrapper\">\n\t<div class=\"wpb_text_column wpb_content_element\" >\n\t\t<div class=\"wpb_wrapper\">\n\t\t\t<h2 class=\"black left\">\u0422\u0435\u0445\u043d\u0438\u0447\u0435\u0441\u043a\u0438\u0435 \u0445\u0430\u0440\u0430\u043a\u0442\u0435\u0440\u0438\u0441\u0442\u0438\u043a\u0438<\/h2>\n<p class=\"onalti\">\u041d\u0438\u0436\u0435 \u043f\u0440\u0438\u0432\u0435\u0434\u0435\u043d\u0430 \u0442\u0430\u0431\u043b\u0438\u0446\u0430 \u0442\u0435\u0445\u043d\u0438\u0447\u0435\u0441\u043a\u0438\u0445 \u0445\u0430\u0440\u0430\u043a\u0442\u0435\u0440\u0438\u0441\u0442\u0438\u043a. \u041f\u043e\u0436\u0430\u043b\u0443\u0439\u0441\u0442\u0430,\u00a0<a href=\"https:\/\/kamakmakine.com.tr\/en\/contact\/\">\u0441\u0432\u044f\u0437\u0430\u0442\u044c\u0441\u044f \u0441 \u043d\u0430\u043c\u0438<\/a>\u00a0\u0434\u043b\u044f \u043f\u043e\u043b\u0443\u0447\u0435\u043d\u0438\u044f \u0431\u043e\u043b\u0435\u0435 \u043f\u043e\u0434\u0440\u043e\u0431\u043d\u043e\u0439 \u0438\u043d\u0444\u043e\u0440\u043c\u0430\u0446\u0438\u0438.<\/p>\n\n\t\t<\/div>\n\t<\/div>\n\n\t<div class=\"wpb_raw_code wpb_content_element wpb_raw_html\" >\n\t\t<div class=\"wpb_wrapper\">\n\t\t\t<table class=\"sem-table\">\n  <tbody>\n    <tr>\n      <th scope=\"row\">\u0428\u0438\u0440\u0438\u043d\u0430 \u0441\u0442\u0430\u043d\u043a\u0430<\/th>\n      <td>1200 \u043c\u043c<\/td>\n      <td>1400 \u043c\u043c<\/td>\n      <td>1600 \u043c\u043c<\/td>\n      <td>1800 \u043c\u043c<\/td>\n    <\/tr>\n    <tr>\n      <th scope=\"row\">\u041c\u043e\u0449\u043d\u043e\u0441\u0442\u044c \u0434\u0432\u0438\u0433\u0430\u0442\u0435\u043b\u044f<\/th>\n      <td>7,5 \u043a\u0412\u0442<\/td>\n      <td>7,5 \u043a\u0412\u0442<\/td>\n      <td>10 \u043a\u0412\u0442<\/td>\n      <td>10 \u043a\u0412\u0442<\/td>\n    <\/tr>\n    <tr>\n      <th scope=\"row\">\u041a\u043e\u043b\u0438\u0447\u0435\u0441\u0442\u0432\u043e \u043b\u043e\u043f\u0430\u0441\u0442\u0435\u0439<\/th>\n      <td>12 \u0448\u0442.<\/td>\n      <td>14 \u0448\u0442.<\/td>\n      <td>16 \u0448\u0442.<\/td>\n      <td>18 \u0448\u0442<\/td>\n    <\/tr>\n    <tr>\n      <th scope=\"row\">\u0421\u043a\u043e\u0440\u043e\u0441\u0442\u044c \u0440\u0435\u0437\u043a\u0438<\/th>\n      <td>350 \u043c\u0435\u0442\u0440\u043e\u0432\/\u0447\u0430\u0441<\/td>\n      <td>350 \u043c\u0435\u0442\u0440\u043e\u0432\/\u0447\u0430\u0441<\/td>\n      <td>350 \u043c\u0435\u0442\u0440\u043e\u0432\/\u0447\u0430\u0441<\/td>\n      <td>350 \u043c\u0435\u0442\u0440\u043e\u0432\/\u0447\u0430\u0441<\/td>\n    <\/tr>\n    <tr>\n      <th scope=\"row\">\u0414\u0438\u0430\u043c\u0435\u0442\u0440 \u043e\u0431\u043c\u043e\u0442\u043a\u0438<\/th>\n      <td>1400 \u043c\u043c<\/td>\n      <td>1400 \u043c\u043c<\/td>\n      <td>1400 \u043c\u043c<\/td>\n      <td>1400 \u043c\u043c<\/td>\n    <\/tr>\n    <tr>\n      <th scope=\"row\">\u0411\u0443\u043c\u0430\u0433\u0430 W. \u0414\u0438\u0430\u043f\u0430\u0437\u043e\u043d<\/th>\n      <td>40-600 \u0433\u0440<\/td>\n      <td>40-600 \u0433\u0440<\/td>\n      <td>40-600 \u0433\u0440<\/td>\n      <td>40-600 \u0433\u0440<\/td>\n    <\/tr>\n    <tr>\n      <th scope=\"row\">\u041c\u0438\u043d\u0438\u043c\u0430\u043b\u044c\u043d\u0430\u044f \u0448\u0438\u0440\u0438\u043d\u0430 \u043d\u0430\u0440\u0435\u0437\u043a\u0438<\/th>\n      <td>40 \u043c\u043c<\/td>\n      <td>40 \u043c\u043c<\/td>\n      <td>40 \u043c\u043c<\/td>\n      <td>40 \u043c\u043c<\/td>\n    <\/tr>\n    <tr>\n      <th scope=\"row\">\u041e\u0441\u043d\u043e\u0432\u043d\u043e\u0439 \u0440\u0430\u0437\u043c\u0435\u0440 \u0448\u043f\u0443\u043b\u044c\u043a\u0438<\/th>\n      <td>1400 \u043c\u043c<\/td>\n      <td>1400 \u043c\u043c<\/td>\n      <td>1400 \u043c\u043c<\/td>\n      <td>1400 \u043c\u043c<\/td>\n    <\/tr>\n    <tr>\n      <th scope=\"row\">\u0421\u0438\u0441\u0442\u0435\u043c\u0430 \u0437\u0430\u0433\u0440\u0443\u0437\u043a\u0438 \u0448\u043f\u0443\u043b\u044c\u043a\u0438 <\/th>\n      <td>\u0413\u0438\u0434\u0440\u0430\u0432\u043b\u0438\u0447\u0435\u0441\u043a\u0430\u044f \u0441\u0438\u0441\u0442\u0435\u043c\u0430 (6 \u043e\u0441\u0435\u0439)<\/td>\n      <td>\u0413\u0438\u0434\u0440\u0430\u0432\u043b\u0438\u0447\u0435\u0441\u043a\u0430\u044f \u0441\u0438\u0441\u0442\u0435\u043c\u0430 (6 \u043e\u0441\u0435\u0439)<\/td>\n      <td>\u0413\u0438\u0434\u0440\u0430\u0432\u043b\u0438\u0447\u0435\u0441\u043a\u0430\u044f \u0441\u0438\u0441\u0442\u0435\u043c\u0430 (6 \u043e\u0441\u0435\u0439)<\/td>\n      <td>\u0413\u0438\u0434\u0440\u0430\u0432\u043b\u0438\u0447\u0435\u0441\u043a\u0430\u044f \u0441\u0438\u0441\u0442\u0435\u043c\u0430 (6 \u043e\u0441\u0435\u0439)<\/td>\n    <\/tr>\n    <tr>\n      <th scope=\"row\">\u0420\u0435\u0433\u0443\u043b\u0438\u0440\u043e\u0432\u043a\u0430 \u0441\u043a\u043e\u0440\u043e\u0441\u0442\u0438<\/th>\n      <td>\u0414\u0430<\/td>\n      <td>\u0414\u0430<\/td>\n      <td>\u0414\u0430<\/td>\n      <td>\u0414\u0430<\/td>\n    <\/tr>\n    <tr>\n      <th scope=\"row\">\u0422\u043e\u0440\u043c\u043e\u0437<\/th>\n      <td>\u041a\u043e\u043d\u0442\u0440\u043e\u043b\u044c \u043d\u0430\u0442\u044f\u0436\u0435\u043d\u0438\u044f<\/td>\n      <td>\u041a\u043e\u043d\u0442\u0440\u043e\u043b\u044c \u043d\u0430\u0442\u044f\u0436\u0435\u043d\u0438\u044f<\/td>\n      <td>\u041a\u043e\u043d\u0442\u0440\u043e\u043b\u044c \u043d\u0430\u0442\u044f\u0436\u0435\u043d\u0438\u044f<\/td>\n      <td>\u041a\u043e\u043d\u0442\u0440\u043e\u043b\u044c \u043d\u0430\u0442\u044f\u0436\u0435\u043d\u0438\u044f<\/td>\n    <\/tr>\n    <tr>\n      <th scope=\"row\">\u0414\u0430\u0432\u043b\u0435\u043d\u0438\u0435 \u0432\u043e\u0437\u0434\u0443\u0445\u0430<\/th>\n      <td>6 \u0431\u0430\u0440<\/td>\n      <td>6 \u0431\u0430\u0440<\/td>\n      <td>6 \u0431\u0430\u0440<\/td>\n      <td>6 \u0431\u0430\u0440<\/td>\n    <\/tr>\n    <tr>\n      <th scope=\"row\">\u041d\u0430\u043c\u043e\u0442\u043e\u0447\u043d\u044b\u0435 \u0432\u0430\u043b\u044b<\/th>\n      <td>\u0414\u0438\u0430\u043c\u0435\u0442\u0440 \u043f\u043d\u0435\u0432\u043c\u0430\u0442\u0438\u0447\u0435\u0441\u043a\u043e\u0433\u043e \u0432\u0430\u043b\u0430: 76 \u043c\u043c<\/td>\n      <td>\u0414\u0438\u0430\u043c\u0435\u0442\u0440 \u043f\u043d\u0435\u0432\u043c\u0430\u0442\u0438\u0447\u0435\u0441\u043a\u043e\u0433\u043e \u0432\u0430\u043b\u0430: 76 \u043c\u043c<\/td>\n      <td>\u0414\u0438\u0430\u043c\u0435\u0442\u0440 \u043f\u043d\u0435\u0432\u043c\u0430\u0442\u0438\u0447\u0435\u0441\u043a\u043e\u0433\u043e \u0432\u0430\u043b\u0430: 76 \u043c\u043c<\/td>\n      <td>\u0414\u0438\u0430\u043c\u0435\u0442\u0440 \u043f\u043d\u0435\u0432\u043c\u0430\u0442\u0438\u0447\u0435\u0441\u043a\u043e\u0433\u043e \u0432\u0430\u043b\u0430: 76 \u043c\u043c<\/td>\n    <\/tr>\n    <tr>\n      <th scope=\"row\">\u0415\u043c\u043a\u043e\u0441\u0442\u044c<\/th>\n      <td>8 \u0442\u043e\u043d\u043d\/\u0434\u0435\u043d\u044c<\/td>\n      <td>10 \u0442\u043e\u043d\u043d\/\u0434\u0435\u043d\u044c<\/td>\n      <td>12 \u0442\u043e\u043d\u043d\/\u0434\u0435\u043d\u044c<\/td>\n      <td>14 \u0442\u043e\u043d\u043d\/\u0434\u0435\u043d\u044c<\/td>\n    <\/tr>\n  <\/tbody>\n<\/table>\n\t\t<\/div>\n\t<\/div>\n<\/div><\/div><\/div><\/div><\/div><div class=\"container\" ><div class=\"vc_row wpb_row vc_row-fluid vc_custom_1640601725467\"><div class=\"wpb_column vc_column_container vc_col-sm-12\"><div class=\"vc_column-inner\"><div class=\"wpb_wrapper\">\n\t<div class=\"wpb_text_column wpb_content_element\" >\n\t\t<div class=\"wpb_wrapper\">\n\t\t\t<h2 class=\"black left\">\u0418\u0437\u043e\u0431\u0440\u0430\u0436\u0435\u043d\u0438\u044f \u0442\u043e\u0432\u0430\u0440\u0430<\/h2>\n\n\t\t<\/div>\n\t<\/div>\n<div class=\"fullwidth\" ><div class=\"vc_row wpb_row vc_inner vc_row-fluid\"><div class=\"wpb_column vc_column_container vc_col-sm-6\"><div class=\"vc_column-inner\"><div class=\"wpb_wrapper\">\n\t<div  class=\"wpb_single_image wpb_content_element vc_align_left\">\n\t\t\n\t\t<figure class=\"wpb_wrapper vc_figure\">\n\t\t\t<a class=\"\" data-lightbox=\"lightbox[rel-1836-706007754]\" href=\"https:\/\/kamakmakine.com.tr\/wp-content\/uploads\/2024\/10\/Kamak505-1-1024x682.jpg\" target=\"_self\"><img loading=\"lazy\" decoding=\"async\" width=\"1280\" height=\"853\" src=\"https:\/\/kamakmakine.com.tr\/wp-content\/uploads\/2024\/10\/Kamak505-1.jpg\" class=\"vc_single_image-img attachment-full\" alt=\"\" title=\"Kamak505\" srcset=\"https:\/\/kamakmakine.com.tr\/wp-content\/uploads\/2024\/10\/Kamak505-1.jpg 1280w, https:\/\/kamakmakine.com.tr\/wp-content\/uploads\/2024\/10\/Kamak505-1-300x200.jpg 300w, https:\/\/kamakmakine.com.tr\/wp-content\/uploads\/2024\/10\/Kamak505-1-1024x682.jpg 1024w, https:\/\/kamakmakine.com.tr\/wp-content\/uploads\/2024\/10\/Kamak505-1-768x512.jpg 768w\" sizes=\"auto, (max-width: 1280px) 100vw, 1280px\" \/><\/a>\n\t\t<\/figure>\n\t<\/div>\n<\/div><\/div><\/div><div class=\"wpb_column vc_column_container vc_col-sm-6\"><div class=\"vc_column-inner\"><div class=\"wpb_wrapper\">\n\t<div  class=\"wpb_single_image wpb_content_element vc_align_left\">\n\t\t\n\t\t<figure class=\"wpb_wrapper vc_figure\">\n\t\t\t<a class=\"\" data-lightbox=\"lightbox[rel-1836-3824893713]\" href=\"https:\/\/kamakmakine.com.tr\/wp-content\/uploads\/2024\/10\/Kamak505_1-1-1024x682.jpg\" target=\"_self\"><img loading=\"lazy\" decoding=\"async\" width=\"1280\" height=\"853\" src=\"https:\/\/kamakmakine.com.tr\/wp-content\/uploads\/2024\/10\/Kamak505_1-1.jpg\" class=\"vc_single_image-img attachment-full\" alt=\"\" title=\"Kamak505_1\" srcset=\"https:\/\/kamakmakine.com.tr\/wp-content\/uploads\/2024\/10\/Kamak505_1-1.jpg 1280w, https:\/\/kamakmakine.com.tr\/wp-content\/uploads\/2024\/10\/Kamak505_1-1-300x200.jpg 300w, https:\/\/kamakmakine.com.tr\/wp-content\/uploads\/2024\/10\/Kamak505_1-1-1024x682.jpg 1024w, https:\/\/kamakmakine.com.tr\/wp-content\/uploads\/2024\/10\/Kamak505_1-1-768x512.jpg 768w\" sizes=\"auto, (max-width: 1280px) 100vw, 1280px\" \/><\/a>\n\t\t<\/figure>\n\t<\/div>\n<\/div><\/div><\/div><\/div><\/div><\/div><\/div><\/div><\/div><\/div><div class=\"container\" ><div class=\"vc_row wpb_row vc_row-fluid vc_custom_1640601732694\"><div class=\"wpb_column vc_column_container vc_col-sm-12\"><div class=\"vc_column-inner\"><div class=\"wpb_wrapper\">\n\t<div class=\"wpb_text_column wpb_content_element\" >\n\t\t<div class=\"wpb_wrapper\">\n\t\t\t<h2 class=\"black left\">\u0412\u0438\u0434\u0435\u043e\u0440\u043e\u043b\u0438\u043a\u0438 \u043e \u043f\u0440\u043e\u0434\u0443\u043a\u0446\u0438\u0438<\/h2>\n\n\t\t<\/div>\n\t<\/div>\n<div class=\"fullwidth\" ><div class=\"vc_row wpb_row vc_inner vc_row-fluid\"><div class=\"wpb_column vc_column_container vc_col-sm-6\"><div class=\"vc_column-inner\"><div class=\"wpb_wrapper\">\n\t<div class=\"wpb_raw_code wpb_content_element wpb_raw_html\" >\n\t\t<div class=\"wpb_wrapper\">\n\t\t\t<video poster=\"http:\/\/kamakmakine.com.tr\/wp-content\/uploads\/2023\/10\/k-505-dilimleme-makinalari-video-kapak.jpg\" controls=\"1\" loop=\"1\" style=\"max-width:100%;\"><source type=\"video\/mp4\" src=\"http:\/\/kamakmakine.com.tr\/wp-content\/uploads\/2024\/10\/505_video.mp4\"><\/video>\n\t\t<\/div>\n\t<\/div>\n<\/div><\/div><\/div><div class=\"wpb_column vc_column_container vc_col-sm-6\"><div class=\"vc_column-inner\"><div class=\"wpb_wrapper\"><\/div><\/div><\/div><\/div><\/div><\/div><\/div><\/div><\/div><\/div>\n<\/div>","protected":false},"excerpt":{"rendered":"Kamak Makine \u00dcr\u00fcnler Ka\u011f\u0131t Bobin Dilimleme Makinesi K - 505 Product Specs Category: Paper Bobbin Slitting Brand: KAMAK Model: K - 505 Machine Width: Engine Power: Slitting Speed: Winding Diameter: TECHNICAL DOCUMENT Tech Specs The technical specifications table is below. Please\u00a0contact us\u00a0for more detailed information. Machine Width 1200 mm 1400 mm 1600 mm 1800 mm [...]","protected":false},"author":2,"featured_media":0,"parent":1821,"menu_order":1,"comment_status":"closed","ping_status":"closed","template":"","meta":{"footnotes":""},"class_list":["post-1836","page","type-page","status-publish","hentry"],"_links":{"self":[{"href":"https:\/\/kamakmakine.com.tr\/ru\/wp-json\/wp\/v2\/pages\/1836","targetHints":{"allow":["GET"]}}],"collection":[{"href":"https:\/\/kamakmakine.com.tr\/ru\/wp-json\/wp\/v2\/pages"}],"about":[{"href":"https:\/\/kamakmakine.com.tr\/ru\/wp-json\/wp\/v2\/types\/page"}],"author":[{"embeddable":true,"href":"https:\/\/kamakmakine.com.tr\/ru\/wp-json\/wp\/v2\/users\/2"}],"replies":[{"embeddable":true,"href":"https:\/\/kamakmakine.com.tr\/ru\/wp-json\/wp\/v2\/comments?post=1836"}],"version-history":[{"count":8,"href":"https:\/\/kamakmakine.com.tr\/ru\/wp-json\/wp\/v2\/pages\/1836\/revisions"}],"predecessor-version":[{"id":2156,"href":"https:\/\/kamakmakine.com.tr\/ru\/wp-json\/wp\/v2\/pages\/1836\/revisions\/2156"}],"up":[{"embeddable":true,"href":"https:\/\/kamakmakine.com.tr\/ru\/wp-json\/wp\/v2\/pages\/1821"}],"wp:attachment":[{"href":"https:\/\/kamakmakine.com.tr\/ru\/wp-json\/wp\/v2\/media?parent=1836"}],"curies":[{"name":"wp","href":"https:\/\/api.w.org\/{rel}","templated":true}]}}