{"id":1830,"date":"2024-09-13T21:04:32","date_gmt":"2024-09-13T18:04:32","guid":{"rendered":"https:\/\/kamakmakine.com.tr\/?page_id=1830"},"modified":"2024-10-13T18:00:40","modified_gmt":"2024-10-13T15:00:40","slug":"k-503-paper-bobbin-slitting","status":"publish","type":"page","link":"https:\/\/kamakmakine.com.tr\/ru\/products\/paper-slitting-machine\/k-503-paper-bobbin-slitting\/","title":{"rendered":"K-503 Paper Bobbin Slitting"},"content":{"rendered":"<div class=\"wpb-content-wrapper\"><div class=\"fullwidth\" ><div class=\"vc_row wpb_row vc_row-fluid vc_custom_1640601708519\"><div class=\"wpb_column vc_column_container vc_col-sm-12\"><div class=\"vc_column-inner\"><div class=\"wpb_wrapper\"><div class=\"container\" ><div class=\"vc_row wpb_row vc_inner vc_row-fluid vc_custom_1640603113396\"><div class=\"product-title wpb_column vc_column_container vc_col-sm-6\"><div class=\"vc_column-inner\"><div class=\"wpb_wrapper\">\n\t<div class=\"wpb_text_column wpb_content_element  vc_custom_1696630132494 urun-header\" >\n\t\t<div class=\"wpb_wrapper\">\n\t\t\t<h5><span style=\"color: #ffffff;\">\u041f\u0440\u043e\u0434\u0443\u043a\u0446\u0438\u044f \u043a\u043e\u043c\u043f\u0430\u043d\u0438\u0438 Kamak Machinery<\/span><\/h5>\n<h2><span style=\"color: #ffffff;\"><strong>\u041c\u0430\u0448\u0438\u043d\u0430 \u0434\u043b\u044f \u043f\u0440\u043e\u0434\u043e\u043b\u044c\u043d\u043e\u0439 \u0440\u0435\u0437\u043a\u0438 \u0440\u0443\u043b\u043e\u043d\u043e\u0432 \u0431\u0443\u043c\u0430\u0433\u0438<\/strong><\/span><\/h2>\n<h2><span style=\"color: #f07e22;\"><strong>\u041a \u2013 503<\/strong><\/span><\/h2>\n\n\t\t<\/div>\n\t<\/div>\n<\/div><\/div><\/div><div class=\"wpb_column vc_column_container vc_col-sm-6\"><div class=\"vc_column-inner\"><div class=\"wpb_wrapper\">\n\t<div  class=\"wpb_single_image wpb_content_element vc_align_center\">\n\t\t\n\t\t<figure class=\"wpb_wrapper vc_figure\">\n\t\t\t<div class=\"vc_single_image-wrapper   vc_box_border_grey\"><img loading=\"lazy\" decoding=\"async\" width=\"779\" height=\"583\" src=\"https:\/\/kamakmakine.com.tr\/wp-content\/uploads\/2021\/09\/K-503-kagit-dilimleme-makinasi.png\" class=\"vc_single_image-img attachment-full\" alt=\"\" title=\"\u041c\u0430\u0448\u0438\u043d\u0430 \u0434\u043b\u044f \u043f\u0440\u043e\u0434\u043e\u043b\u044c\u043d\u043e\u0439 \u0440\u0435\u0437\u043a\u0438 \u0431\u0443\u043c\u0430\u0433\u0438 K-503\" srcset=\"https:\/\/kamakmakine.com.tr\/wp-content\/uploads\/2021\/09\/K-503-kagit-dilimleme-makinasi.png 779w, https:\/\/kamakmakine.com.tr\/wp-content\/uploads\/2021\/09\/K-503-kagit-dilimleme-makinasi-300x225.png 300w, https:\/\/kamakmakine.com.tr\/wp-content\/uploads\/2021\/09\/K-503-kagit-dilimleme-makinasi-768x575.png 768w, https:\/\/kamakmakine.com.tr\/wp-content\/uploads\/2021\/09\/K-503-kagit-dilimleme-makinasi-570x427.png 570w\" sizes=\"auto, (max-width: 779px) 100vw, 779px\" \/><\/div>\n\t\t<\/figure>\n\t<\/div>\n<\/div><\/div><\/div><\/div><\/div><\/div><\/div><\/div><\/div><\/div><div class=\"container\" ><div class=\"vc_row wpb_row vc_row-fluid vc_custom_1640601945603\"><div class=\"wpb_column vc_column_container vc_col-sm-8\"><div class=\"vc_column-inner\"><div class=\"wpb_wrapper\">\n\t<div  class=\"wpb_single_image wpb_content_element vc_align_left\">\n\t\t\n\t\t<figure class=\"wpb_wrapper vc_figure\">\n\t\t\t<div class=\"vc_single_image-wrapper   vc_box_border_grey\"><img loading=\"lazy\" decoding=\"async\" width=\"980\" height=\"732\" src=\"https:\/\/kamakmakine.com.tr\/wp-content\/uploads\/2021\/12\/K-503-kagit-dilimleme-makinasi-urunjpg.jpg\" class=\"vc_single_image-img attachment-full\" alt=\"\" title=\"K-503-\u0431\u0443\u043c\u0430\u0433\u043e\u0440\u0435\u0437\u043d\u043e\u0439-\u043c\u0430\u0448\u0438\u043d\u0430-\u043f\u0440\u043e\u0434\u0443\u043a\u0442jpg\" srcset=\"https:\/\/kamakmakine.com.tr\/wp-content\/uploads\/2021\/12\/K-503-kagit-dilimleme-makinasi-urunjpg.jpg 980w, https:\/\/kamakmakine.com.tr\/wp-content\/uploads\/2021\/12\/K-503-kagit-dilimleme-makinasi-urunjpg-300x224.jpg 300w, https:\/\/kamakmakine.com.tr\/wp-content\/uploads\/2021\/12\/K-503-kagit-dilimleme-makinasi-urunjpg-768x574.jpg 768w, https:\/\/kamakmakine.com.tr\/wp-content\/uploads\/2021\/12\/K-503-kagit-dilimleme-makinasi-urunjpg-570x426.jpg 570w\" sizes=\"auto, (max-width: 980px) 100vw, 980px\" \/><\/div>\n\t\t<\/figure>\n\t<\/div>\n<\/div><\/div><\/div><div class=\"wpb_column vc_column_container vc_col-sm-4\"><div class=\"vc_column-inner\"><div class=\"wpb_wrapper\">\n\t<div class=\"wpb_text_column wpb_content_element\" >\n\t\t<div class=\"wpb_wrapper\">\n\t\t\t<h2 class=\"black left\">\u0422\u0435\u0445\u043d\u0438\u0447\u0435\u0441\u043a\u0438\u0435 \u0445\u0430\u0440\u0430\u043a\u0442\u0435\u0440\u0438\u0441\u0442\u0438\u043a\u0438 \u0438\u0437\u0434\u0435\u043b\u0438\u044f<\/h2>\n\n\t\t<\/div>\n\t<\/div>\n\n\t<div class=\"wpb_raw_code wpb_content_element wpb_raw_html\" >\n\t\t<div class=\"wpb_wrapper\">\n\t\t\t<div class=\"porduct-des\">\n<ul>\n \t<li><strong>\u041a\u0430\u0442\u0435\u0433\u043e\u0440\u0438\u044f<\/strong>\u0420\u0435\u0437\u043a\u0430 \u0431\u0443\u043c\u0430\u0436\u043d\u044b\u0445 \u043a\u0430\u0442\u0443\u0448\u0435\u043a<\/li>\n \t<li><strong>\u0411\u0440\u0435\u043d\u0434<\/strong>: \u041a\u0410\u041c\u0410\u041a<\/li>\n \t<li><strong>\u041c\u043e\u0434\u0435\u043b\u044c<\/strong>: K - 503<\/li>\n \t<li><strong>\u0428\u0438\u0440\u0438\u043d\u0430 \u0441\u0442\u0430\u043d\u043a\u0430<\/strong>: 1200-1800 \u043c\u043c<\/li>\n \t<li><strong>\u041c\u043e\u0449\u043d\u043e\u0441\u0442\u044c \u0434\u0432\u0438\u0433\u0430\u0442\u0435\u043b\u044f<\/strong>: K7.5-10 \u043a\u0412\u0442<\/li>\n \t<li><strong>\u0421\u043a\u043e\u0440\u043e\u0441\u0442\u044c \u0440\u0435\u0437\u043a\u0438<\/strong>: 400 \u043c\/\u0447<\/li>\n \t<li><strong>\u0414\u0438\u0430\u043c\u0435\u0442\u0440 \u043e\u0431\u043c\u043e\u0442\u043a\u0438<\/strong>: 920 \u043c\u043c<\/li>\n<\/ul>\n<\/div>\n\t\t<\/div>\n\t<\/div>\n<div class=\"vc_btn3-container vc_btn3-inline vc_custom_1726250549266\" ><a class=\"vc_general vc_btn3 vc_btn3-size-md vc_btn3-shape-rounded vc_btn3-style-modern vc_btn3-icon-left vc_btn3-color-warning\" href=\"#\" title=\"\"><i class=\"vc_btn3-icon fas fa-file-alt\"><\/i> \u0422\u0415\u0425\u041d\u0418\u0427\u0415\u0421\u041a\u0418\u0419 \u0414\u041e\u041a\u0423\u041c\u0415\u041d\u0422<\/a><\/div><\/div><\/div><\/div><\/div><\/div><div class=\"container\" ><div class=\"vc_row wpb_row vc_row-fluid vc_custom_1640601718093\"><div class=\"wpb_column vc_column_container vc_col-sm-12\"><div class=\"vc_column-inner\"><div class=\"wpb_wrapper\">\n\t<div class=\"wpb_text_column wpb_content_element\" >\n\t\t<div class=\"wpb_wrapper\">\n\t\t\t<h2 class=\"black left\">\u0422\u0435\u0445\u043d\u0438\u0447\u0435\u0441\u043a\u0438\u0435 \u0445\u0430\u0440\u0430\u043a\u0442\u0435\u0440\u0438\u0441\u0442\u0438\u043a\u0438<\/h2>\n<p class=\"onalti\">\u041d\u0438\u0436\u0435 \u043f\u0440\u0438\u0432\u0435\u0434\u0435\u043d\u0430 \u0442\u0430\u0431\u043b\u0438\u0446\u0430 \u0442\u0435\u0445\u043d\u0438\u0447\u0435\u0441\u043a\u0438\u0445 \u0445\u0430\u0440\u0430\u043a\u0442\u0435\u0440\u0438\u0441\u0442\u0438\u043a. \u041f\u043e\u0436\u0430\u043b\u0443\u0439\u0441\u0442\u0430, <a href=\"https:\/\/kamakmakine.com.tr\/en\/contact\/\">\u0441\u0432\u044f\u0437\u0430\u0442\u044c\u0441\u044f \u0441 \u043d\u0430\u043c\u0438<\/a> \u0434\u043b\u044f \u043f\u043e\u043b\u0443\u0447\u0435\u043d\u0438\u044f \u0431\u043e\u043b\u0435\u0435 \u043f\u043e\u0434\u0440\u043e\u0431\u043d\u043e\u0439 \u0438\u043d\u0444\u043e\u0440\u043c\u0430\u0446\u0438\u0438.<\/p>\n\n\t\t<\/div>\n\t<\/div>\n\n\t<div class=\"wpb_raw_code wpb_content_element wpb_raw_html\" >\n\t\t<div class=\"wpb_wrapper\">\n\t\t\t<table class=\"sem-table\">\n  <tbody>\n    <tr>\n      <th scope=\"row\">\u0428\u0438\u0440\u0438\u043d\u0430 \u0441\u0442\u0430\u043d\u043a\u0430<\/th>\n      <td>1200 \u043c\u043c<\/td>\n      <td>1400 \u043c\u043c<\/td>\n      <td>1600 \u043c\u043c<\/td>\n    <\/tr>\n    <tr>\n      <th scope=\"row\">\u041c\u043e\u0449\u043d\u043e\u0441\u0442\u044c \u0434\u0432\u0438\u0433\u0430\u0442\u0435\u043b\u044f<\/th>\n      <td>7,5 \u043a\u0412\u0442<\/td>\n      <td>7,5 \u043a\u0412\u0442<\/td>\n      <td>10 \u043a\u0412\u0442<\/td>\n    <\/tr>\n    <tr>\n      <th scope=\"row\">\u041a\u043e\u043b\u0438\u0447\u0435\u0441\u0442\u0432\u043e \u043b\u043e\u043f\u0430\u0441\u0442\u0435\u0439<\/th>\n      <td>12 \u0448\u0442.<\/td>\n      <td>14 \u0448\u0442.<\/td>\n      <td>16 \u0448\u0442.<\/td>\n    <\/tr>\n    <tr>\n      <th scope=\"row\">\u0421\u043a\u043e\u0440\u043e\u0441\u0442\u044c \u0440\u0435\u0437\u043a\u0438<\/th>\n      <td>200 \u043c\u0435\u0442\u0440\u043e\u0432\/\u0447\u0430\u0441<\/td>\n      <td>200 \u043c\u0435\u0442\u0440\u043e\u0432\/\u0447\u0430\u0441<\/td>\n      <td>200 \u043c\u0435\u0442\u0440\u043e\u0432\/\u0447\u0430\u0441<\/td>\n    <\/tr>\n    <tr>\n      <th scope=\"row\">\u0414\u0438\u0430\u043c\u0435\u0442\u0440 \u043e\u0431\u043c\u043e\u0442\u043a\u0438<\/th>\n      <td>900 \u043c\u043c<\/td>\n      <td>900 \u043c\u043c<\/td>\n      <td>900 \u043c\u043c<\/td>\n    <\/tr>\n    <tr>\n      <th scope=\"row\">\u0414\u0438\u0430\u043f\u0430\u0437\u043e\u043d \u043f\u043b\u043e\u0442\u043d\u043e\u0441\u0442\u0438 \u0431\u0443\u043c\u0430\u0433\u0438<\/th>\n      <td>40-400 \u0433\u0440<\/td>\n      <td>40-400 \u0433\u0440<\/td>\n      <td>40-400 \u0433\u0440<\/td>\n    <\/tr>\n    <tr>\n      <th scope=\"row\">\u041c\u0438\u043d\u0438\u043c\u0430\u043b\u044c\u043d\u0430\u044f \u0448\u0438\u0440\u0438\u043d\u0430 \u043d\u0430\u0440\u0435\u0437\u043a\u0438<\/th>\n      <td>40 \u043c\u043c<\/td>\n      <td>40 \u043c\u043c<\/td>\n      <td>40 \u043c\u043c<\/td>\n    <\/tr>\n    <tr>\n      <th scope=\"row\">\u0414\u0438\u0430\u043c\u0435\u0442\u0440 \u043e\u0441\u043d\u043e\u0432\u043d\u043e\u0439 \u043a\u0430\u0442\u0443\u0448\u043a\u0438<\/th>\n      <td>1300 \u043c\u043c<\/td>\n      <td>1300 \u043c\u043c<\/td>\n      <td>1300 \u043c\u043c<\/td>\n    <\/tr>\n    <tr>\n      <th scope=\"row\">\u0421\u0438\u0441\u0442\u0435\u043c\u0430 \u0437\u0430\u0433\u0440\u0443\u0437\u043a\u0438 \u0448\u043f\u0443\u043b\u044c\u043a\u0438 <\/th>\n      <td>\u0413\u0438\u0434\u0440\u0430\u0432\u043b\u0438\u0447\u0435\u0441\u043a\u0430\u044f \u0441\u0438\u0441\u0442\u0435\u043c\u0430<\/td>\n      <td>\u0413\u0438\u0434\u0440\u0430\u0432\u043b\u0438\u0447\u0435\u0441\u043a\u0430\u044f \u0441\u0438\u0441\u0442\u0435\u043c\u0430<\/td>\n      <td>\u0413\u0438\u0434\u0440\u0430\u0432\u043b\u0438\u0447\u0435\u0441\u043a\u0430\u044f \u0441\u0438\u0441\u0442\u0435\u043c\u0430<\/td>\n    <\/tr>\n    <tr>\n      <th scope=\"row\">\u0420\u0435\u0433\u0443\u043b\u0438\u0440\u043e\u0432\u043a\u0430 \u0441\u043a\u043e\u0440\u043e\u0441\u0442\u0438<\/th>\n      <td>\u0414\u0430<\/td>\n      <td>\u0414\u0430<\/td>\n      <td>\u0414\u0430<\/td>\n    <\/tr>\n    <tr>\n      <th scope=\"row\">\u0422\u043e\u0440\u043c\u043e\u0437<\/th>\n      <td>\u041f\u043d\u0435\u0432\u043c\u0430\u0442\u0438\u0447\u0435\u0441\u043a\u0430\u044f \u0441\u0438\u0441\u0442\u0435\u043c\u0430<\/td>\n      <td>\u041f\u043d\u0435\u0432\u043c\u0430\u0442\u0438\u0447\u0435\u0441\u043a\u0430\u044f \u0441\u0438\u0441\u0442\u0435\u043c\u0430<\/td>\n      <td>\u041f\u043d\u0435\u0432\u043c\u0430\u0442\u0438\u0447\u0435\u0441\u043a\u0430\u044f \u0441\u0438\u0441\u0442\u0435\u043c\u0430<\/td>\n    <\/tr>\n    <tr>\n      <th scope=\"row\">\u0414\u0430\u0432\u043b\u0435\u043d\u0438\u0435 \u0432\u043e\u0437\u0434\u0443\u0445\u0430<\/th>\n      <td>6 \u0431\u0430\u0440<\/td>\n      <td>6 \u0431\u0430\u0440<\/td>\n      <td>6 \u0431\u0430\u0440<\/td>\n    <\/tr>\n    <tr>\n      <th scope=\"row\">\u041d\u0430\u043c\u043e\u0442\u043e\u0447\u043d\u044b\u0435 \u0432\u0430\u043b\u044b<\/th>\n      <td>\u0414\u0438\u0430\u043c\u0435\u0442\u0440 \u043f\u043d\u0435\u0432\u043c\u0430\u0442\u0438\u0447\u0435\u0441\u043a\u043e\u0433\u043e \u0432\u0430\u043b\u0430: 76 \u043c\u043c<\/td>\n      <td>\u0414\u0438\u0430\u043c\u0435\u0442\u0440 \u043f\u043d\u0435\u0432\u043c\u0430\u0442\u0438\u0447\u0435\u0441\u043a\u043e\u0433\u043e \u0432\u0430\u043b\u0430: 76 \u043c\u043c<\/td>\n      <td>\u0414\u0438\u0430\u043c\u0435\u0442\u0440 \u043f\u043d\u0435\u0432\u043c\u0430\u0442\u0438\u0447\u0435\u0441\u043a\u043e\u0433\u043e \u0432\u0430\u043b\u0430: 76 \u043c\u043c<\/td>\n    <\/tr>\n    <tr>\n      <th scope=\"row\">\u0415\u043c\u043a\u043e\u0441\u0442\u044c<\/th>\n      <td>6 \u0442\u043e\u043d\u043d\/\u0434\u0435\u043d\u044c<\/td>\n      <td>7 \u0442\u043e\u043d\u043d\/\u0434\u0435\u043d\u044c<\/td>\n      <td>8 \u0442\u043e\u043d\u043d\/\u0434\u0435\u043d\u044c<\/td>\n\n    <\/tr>\n  <\/tbody>\n<\/table>\n\t\t<\/div>\n\t<\/div>\n<\/div><\/div><\/div><\/div><\/div><div class=\"container\" ><div class=\"vc_row wpb_row vc_row-fluid vc_custom_1640601725467\"><div class=\"wpb_column vc_column_container vc_col-sm-12\"><div class=\"vc_column-inner\"><div class=\"wpb_wrapper\">\n\t<div class=\"wpb_text_column wpb_content_element\" >\n\t\t<div class=\"wpb_wrapper\">\n\t\t\t<h2 class=\"black left\">\u0418\u0437\u043e\u0431\u0440\u0430\u0436\u0435\u043d\u0438\u044f \u0442\u043e\u0432\u0430\u0440\u0430<\/h2>\n\n\t\t<\/div>\n\t<\/div>\n<div class=\"fullwidth\" ><div class=\"vc_row wpb_row vc_inner vc_row-fluid\"><div class=\"wpb_column vc_column_container vc_col-sm-6\"><div class=\"vc_column-inner\"><div class=\"wpb_wrapper\">\n\t<div  class=\"wpb_single_image wpb_content_element vc_align_left\">\n\t\t\n\t\t<figure class=\"wpb_wrapper vc_figure\">\n\t\t\t<a class=\"\" data-lightbox=\"lightbox[rel-1830-4066898239]\" href=\"https:\/\/kamakmakine.com.tr\/wp-content\/uploads\/2021\/09\/K-503-kagit-dilimleme-makinasi-01.jpg\" target=\"_self\"><img loading=\"lazy\" decoding=\"async\" width=\"779\" height=\"583\" src=\"https:\/\/kamakmakine.com.tr\/wp-content\/uploads\/2021\/09\/K-503-kagit-dilimleme-makinasi-01.jpg\" class=\"vc_single_image-img attachment-full\" alt=\"\" title=\"K-503-\u043c\u0430\u0448\u0438\u043d\u0430-\u0434\u043b\u044f-\u0440\u0435\u0437\u043a\u0438-\u0431\u0443\u043c\u0430\u0433\u0438-01\" srcset=\"https:\/\/kamakmakine.com.tr\/wp-content\/uploads\/2021\/09\/K-503-kagit-dilimleme-makinasi-01.jpg 779w, https:\/\/kamakmakine.com.tr\/wp-content\/uploads\/2021\/09\/K-503-kagit-dilimleme-makinasi-01-300x225.jpg 300w, https:\/\/kamakmakine.com.tr\/wp-content\/uploads\/2021\/09\/K-503-kagit-dilimleme-makinasi-01-768x575.jpg 768w, https:\/\/kamakmakine.com.tr\/wp-content\/uploads\/2021\/09\/K-503-kagit-dilimleme-makinasi-01-570x427.jpg 570w\" sizes=\"auto, (max-width: 779px) 100vw, 779px\" \/><\/a>\n\t\t<\/figure>\n\t<\/div>\n<\/div><\/div><\/div><div class=\"wpb_column vc_column_container vc_col-sm-6\"><div class=\"vc_column-inner\"><div class=\"wpb_wrapper\">\n\t<div  class=\"wpb_single_image wpb_content_element vc_align_left\">\n\t\t\n\t\t<figure class=\"wpb_wrapper vc_figure\">\n\t\t\t<a class=\"\" data-lightbox=\"lightbox[rel-1830-2269571307]\" href=\"https:\/\/kamakmakine.com.tr\/wp-content\/uploads\/2021\/09\/K-503-kagit-dilimleme-makinasi-02.jpg\" target=\"_self\"><img loading=\"lazy\" decoding=\"async\" width=\"779\" height=\"583\" src=\"https:\/\/kamakmakine.com.tr\/wp-content\/uploads\/2021\/09\/K-503-kagit-dilimleme-makinasi-02.jpg\" class=\"vc_single_image-img attachment-full\" alt=\"\" title=\"K-503-\u043c\u0430\u0448\u0438\u043d\u0430-\u0434\u043b\u044f-\u0440\u0435\u0437\u043a\u0438-\u0431\u0443\u043c\u0430\u0433\u0438-02\" srcset=\"https:\/\/kamakmakine.com.tr\/wp-content\/uploads\/2021\/09\/K-503-kagit-dilimleme-makinasi-02.jpg 779w, https:\/\/kamakmakine.com.tr\/wp-content\/uploads\/2021\/09\/K-503-kagit-dilimleme-makinasi-02-300x225.jpg 300w, https:\/\/kamakmakine.com.tr\/wp-content\/uploads\/2021\/09\/K-503-kagit-dilimleme-makinasi-02-768x575.jpg 768w, https:\/\/kamakmakine.com.tr\/wp-content\/uploads\/2021\/09\/K-503-kagit-dilimleme-makinasi-02-570x427.jpg 570w\" sizes=\"auto, (max-width: 779px) 100vw, 779px\" \/><\/a>\n\t\t<\/figure>\n\t<\/div>\n<\/div><\/div><\/div><\/div><\/div><\/div><\/div><\/div><\/div><\/div><div class=\"container\" ><div class=\"vc_row wpb_row vc_row-fluid vc_custom_1640601732694\"><div class=\"wpb_column vc_column_container vc_col-sm-12\"><div class=\"vc_column-inner\"><div class=\"wpb_wrapper\">\n\t<div class=\"wpb_text_column wpb_content_element\" >\n\t\t<div class=\"wpb_wrapper\">\n\t\t\t<h2 class=\"black left\">\u0412\u0438\u0434\u0435\u043e\u0440\u043e\u043b\u0438\u043a\u0438 \u043e \u043f\u0440\u043e\u0434\u0443\u043a\u0446\u0438\u0438<\/h2>\n\n\t\t<\/div>\n\t<\/div>\n<div class=\"fullwidth\" ><div class=\"vc_row wpb_row vc_inner vc_row-fluid\"><div class=\"wpb_column vc_column_container vc_col-sm-6\"><div class=\"vc_column-inner\"><div class=\"wpb_wrapper\">\n\t<div class=\"wpb_raw_code wpb_content_element wpb_raw_html\" >\n\t\t<div class=\"wpb_wrapper\">\n\t\t\t<video poster=\"http:\/\/kamakmakine.com.tr\/wp-content\/uploads\/2021\/09\/video-kapak.jpg\" controls=\"1\" loop=\"1\" style=\"max-width:100%;\"><source type=\"video\/mp4\" src=\"http:\/\/kamakmakine.com.tr\/video\/K-503-Kagit-Dilimleme-Mak.mp4\"><\/video>\n\t\t<\/div>\n\t<\/div>\n<\/div><\/div><\/div><div class=\"wpb_column vc_column_container vc_col-sm-6\"><div class=\"vc_column-inner\"><div class=\"wpb_wrapper\"><\/div><\/div><\/div><\/div><\/div><\/div><\/div><\/div><\/div><\/div>\n<\/div>","protected":false},"excerpt":{"rendered":"Kamak Makine \u00dcr\u00fcnler Ka\u011f\u0131t Bobin Dilimleme Makinesi K - 503 Product Specs Category: Paper Bobbin Slitting Brand: KAMAK Model: K - 503 Machine Width: 1200-1800 mm Engine Power: K7,5-10 kW Slitting Speed: 400 m\/h Winding Diameter: 920 mm TECHNICAL DOCUMENT Technical Specs The technical specifications table is below. Please contact us for more detailed information. [...]","protected":false},"author":2,"featured_media":0,"parent":1821,"menu_order":0,"comment_status":"closed","ping_status":"closed","template":"","meta":{"footnotes":""},"class_list":["post-1830","page","type-page","status-publish","hentry"],"_links":{"self":[{"href":"https:\/\/kamakmakine.com.tr\/ru\/wp-json\/wp\/v2\/pages\/1830","targetHints":{"allow":["GET"]}}],"collection":[{"href":"https:\/\/kamakmakine.com.tr\/ru\/wp-json\/wp\/v2\/pages"}],"about":[{"href":"https:\/\/kamakmakine.com.tr\/ru\/wp-json\/wp\/v2\/types\/page"}],"author":[{"embeddable":true,"href":"https:\/\/kamakmakine.com.tr\/ru\/wp-json\/wp\/v2\/users\/2"}],"replies":[{"embeddable":true,"href":"https:\/\/kamakmakine.com.tr\/ru\/wp-json\/wp\/v2\/comments?post=1830"}],"version-history":[{"count":5,"href":"https:\/\/kamakmakine.com.tr\/ru\/wp-json\/wp\/v2\/pages\/1830\/revisions"}],"predecessor-version":[{"id":2135,"href":"https:\/\/kamakmakine.com.tr\/ru\/wp-json\/wp\/v2\/pages\/1830\/revisions\/2135"}],"up":[{"embeddable":true,"href":"https:\/\/kamakmakine.com.tr\/ru\/wp-json\/wp\/v2\/pages\/1821"}],"wp:attachment":[{"href":"https:\/\/kamakmakine.com.tr\/ru\/wp-json\/wp\/v2\/media?parent=1830"}],"curies":[{"name":"wp","href":"https:\/\/api.w.org\/{rel}","templated":true}]}}