{"id":1932,"date":"2024-09-15T13:32:05","date_gmt":"2024-09-15T10:32:05","guid":{"rendered":"https:\/\/kamakmakine.com.tr\/?page_id=1932"},"modified":"2024-10-13T18:20:26","modified_gmt":"2024-10-13T15:20:26","slug":"k-2013-laminated-paper-honeycomb-machine","status":"publish","type":"page","link":"https:\/\/kamakmakine.com.tr\/en\/products\/paper-honeycomb-machine\/k-2013-laminated-paper-honeycomb-machine\/","title":{"rendered":"K-2013 LAMINATED PAPER HONEYCOMB MACHINE"},"content":{"rendered":"<div class=\"wpb-content-wrapper\"><div class=\"fullwidth\" ><div class=\"vc_row wpb_row vc_row-fluid vc_custom_1696858047118\"><div class=\"wpb_column vc_column_container vc_col-sm-12\"><div class=\"vc_column-inner\"><div class=\"wpb_wrapper\"><div class=\"container\" ><div class=\"vc_row wpb_row vc_inner vc_row-fluid vc_custom_1640603113396\"><div class=\"wpb_column vc_column_container vc_col-sm-6\"><div class=\"vc_column-inner\"><div class=\"wpb_wrapper\">\n\t<div class=\"wpb_text_column wpb_content_element  vc_custom_1707694527699 urun-header\" >\n\t\t<div class=\"wpb_wrapper\">\n\t\t\t<h5><span style=\"color: #ffffff;\">Kamak Machinery Products<\/span><\/h5>\n<h2><span style=\"color: #ffffff;\"><strong> Laminated Paper Honeycomb Machine<\/strong><\/span><\/h2>\n<h2><span style=\"color: #f07e22;\"><strong>K \u2013 2013<\/strong><\/span><\/h2>\n\n\t\t<\/div>\n\t<\/div>\n<\/div><\/div><\/div><div class=\"wpb_column vc_column_container vc_col-sm-6\"><div class=\"vc_column-inner\"><div class=\"wpb_wrapper\">\n\t<div  class=\"wpb_single_image wpb_content_element vc_align_center\">\n\t\t\n\t\t<figure class=\"wpb_wrapper vc_figure\">\n\t\t\t<div class=\"vc_single_image-wrapper   vc_box_border_grey\"><img loading=\"lazy\" decoding=\"async\" width=\"779\" height=\"583\" src=\"https:\/\/kamakmakine.com.tr\/wp-content\/uploads\/2023\/10\/k-2013-lamine-kagit-dilimle.png\" class=\"vc_single_image-img attachment-full\" alt=\"\" title=\"k-2013-laminated-paper-slice\" srcset=\"https:\/\/kamakmakine.com.tr\/wp-content\/uploads\/2023\/10\/k-2013-lamine-kagit-dilimle.png 779w, https:\/\/kamakmakine.com.tr\/wp-content\/uploads\/2023\/10\/k-2013-lamine-kagit-dilimle-300x225.png 300w, https:\/\/kamakmakine.com.tr\/wp-content\/uploads\/2023\/10\/k-2013-lamine-kagit-dilimle-768x575.png 768w\" sizes=\"auto, (max-width: 779px) 100vw, 779px\" \/><\/div>\n\t\t<\/figure>\n\t<\/div>\n<\/div><\/div><\/div><\/div><\/div><\/div><\/div><\/div><\/div><\/div><div class=\"container\" ><div class=\"vc_row wpb_row vc_row-fluid vc_custom_1640601945603\"><div class=\"wpb_column vc_column_container vc_col-sm-8\"><div class=\"vc_column-inner\"><div class=\"wpb_wrapper\">\n\t<div  class=\"wpb_single_image wpb_content_element vc_align_left\">\n\t\t\n\t\t<figure class=\"wpb_wrapper vc_figure\">\n\t\t\t<div class=\"vc_single_image-wrapper   vc_box_border_grey\"><img loading=\"lazy\" decoding=\"async\" width=\"980\" height=\"732\" src=\"https:\/\/kamakmakine.com.tr\/wp-content\/uploads\/2024\/02\/k-2013-lamine-kagit-dilimle-01-1.jpg\" class=\"vc_single_image-img attachment-full\" alt=\"\" title=\"k-2013-laminated-paper-slice-01\" srcset=\"https:\/\/kamakmakine.com.tr\/wp-content\/uploads\/2024\/02\/k-2013-lamine-kagit-dilimle-01-1.jpg 980w, https:\/\/kamakmakine.com.tr\/wp-content\/uploads\/2024\/02\/k-2013-lamine-kagit-dilimle-01-1-300x224.jpg 300w, https:\/\/kamakmakine.com.tr\/wp-content\/uploads\/2024\/02\/k-2013-lamine-kagit-dilimle-01-1-768x574.jpg 768w\" sizes=\"auto, (max-width: 980px) 100vw, 980px\" \/><\/div>\n\t\t<\/figure>\n\t<\/div>\n<\/div><\/div><\/div><div class=\"wpb_column vc_column_container vc_col-sm-4\"><div class=\"vc_column-inner\"><div class=\"wpb_wrapper\">\n\t<div class=\"wpb_text_column wpb_content_element\" >\n\t\t<div class=\"wpb_wrapper\">\n\t\t\t<h2 class=\"black left\">Product Specs<\/h2>\n\n\t\t<\/div>\n\t<\/div>\n\n\t<div class=\"wpb_raw_code wpb_content_element wpb_raw_html\" >\n\t\t<div class=\"wpb_wrapper\">\n\t\t\t<div class=\"porduct-des\">\n<ul>\n \t<li><strong>Category<\/strong>Laminated Paper Honeycomb<\/li>\n \t<li><strong>Brand<\/strong>: KAMAK<\/li>\n<li><strong>Model<\/strong>: K - 2013<\/li>\n<li><strong>Paper Width<\/strong>: 1850 mm<\/li>\n<li><strong>Reel Stand<\/strong>: 4 - 6 reels<\/li>\n<li><strong>Reel Lifting<\/strong>Hydraulic System (6 Axes)<\/li>\n<li><strong>Cell Thickness<\/strong>: 10 - 100 mm<\/li>\n\n \t\n<\/ul>\n<\/div>\n\t\t<\/div>\n\t<\/div>\n<div class=\"vc_btn3-container vc_btn3-inline vc_custom_1726396245415\" ><a class=\"vc_general vc_btn3 vc_btn3-size-md vc_btn3-shape-rounded vc_btn3-style-modern vc_btn3-icon-left vc_btn3-color-warning\" href=\"#\" title=\"\"><i class=\"vc_btn3-icon fas fa-file-alt\"><\/i> TECHNICAL DOCUMENT<\/a><\/div><\/div><\/div><\/div><\/div><\/div><div class=\"container\" ><div class=\"vc_row wpb_row vc_row-fluid vc_custom_1640601718093\"><div class=\"wpb_column vc_column_container vc_col-sm-12\"><div class=\"vc_column-inner\"><div class=\"wpb_wrapper\">\n\t<div class=\"wpb_text_column wpb_content_element\" >\n\t\t<div class=\"wpb_wrapper\">\n\t\t\t<h2 class=\"black left\">Tech Specs<\/h2>\n<p class=\"onalti\">The technical specifications table is below. Please\u00a0<a href=\"https:\/\/kamakmakine.com.tr\/en\/contact\/\">contact us<\/a>\u00a0for more detailed information.<\/p>\n\n\t\t<\/div>\n\t<\/div>\n\n\t<div class=\"wpb_raw_code wpb_content_element wpb_raw_html\" >\n\t\t<div class=\"wpb_wrapper\">\n\t\t\t<table class=\"sem-table\">\n  <tbody>\n    <tr>\n      <th scope=\"row\">Paper Width<\/th>\n      <td>1850 mm<\/td>\n    <\/tr>\n    <tr>\n      <th scope=\"row\">Reel Stand<\/th>\n      <td>4-6 reels<\/td>\n    <\/tr>\n    <tr>\n      <th scope=\"row\">Reel Lifting<\/th>\n      <td>Hydraulic System (6 Axes)<\/td>\n    <\/tr>\n    <tr>\n      <th scope=\"row\">Cell Thickness<\/th>\n      <td>10 - 100 mm<\/td>\n    <\/tr>\n    <tr>\n      <th scope=\"row\">Cell Weaving<\/th>\n      <td>8 - 10 - 12 - 16 - 24 mm<\/td>\n    <\/tr>\n    <tr>\n      <th scope=\"row\">Cell Gluing<\/th>\n      <td>Bottom and Top Roller System<\/td>\n    <\/tr>\n    <tr>\n      <th scope=\"row\">Cell Drying<\/th>\n      <td>2000 x 10000 mm<\/td>\n    <\/tr>\n    <tr>\n      <th scope=\"row\">Heating System<\/th>\n      <td>Fan (Electric)<\/td>\n    <\/tr>\n    <tr>\n      <th scope=\"row\">Side Blade Quantity<\/th>\n      <td>3 Pieces<\/td>\n    <\/tr>\n    <tr>\n      <th scope=\"row\">Length Blade Quantity<\/th>\n      <td>1 Piece<\/td>\n    <\/tr>\n    <tr>\n      <th scope=\"row\">Cutting System<\/th>\n      <td>Electronic \/ Servo<\/td>\n    <\/tr>\n    <tr>\n      <th scope=\"row\">Output Cell Panel Width<\/th>\n      <td>1600 mm<\/td>\n    <\/tr>\n  <\/tbody>\n<\/table>\n\n\t\t<\/div>\n\t<\/div>\n<\/div><\/div><\/div><\/div><\/div><div class=\"container\" ><div class=\"vc_row wpb_row vc_row-fluid vc_custom_1640601725467\"><div class=\"wpb_column vc_column_container vc_col-sm-12\"><div class=\"vc_column-inner\"><div class=\"wpb_wrapper\">\n\t<div class=\"wpb_text_column wpb_content_element\" >\n\t\t<div class=\"wpb_wrapper\">\n\t\t\t<h2 class=\"black left\">Product Images<\/h2>\n\n\t\t<\/div>\n\t<\/div>\n<div class=\"fullwidth\" ><div class=\"vc_row wpb_row vc_inner vc_row-fluid\"><div class=\"wpb_column vc_column_container vc_col-sm-6\"><div class=\"vc_column-inner\"><div class=\"wpb_wrapper\">\n\t<div  class=\"wpb_single_image wpb_content_element vc_align_left\">\n\t\t\n\t\t<figure class=\"wpb_wrapper vc_figure\">\n\t\t\t<a class=\"\" data-lightbox=\"lightbox[rel-1932-3823670086]\" href=\"https:\/\/kamakmakine.com.tr\/wp-content\/uploads\/2023\/10\/k-2013-lamine-kagit-dilimle-02-1024x683.jpg\" target=\"_self\"><img loading=\"lazy\" decoding=\"async\" width=\"1500\" height=\"1000\" src=\"https:\/\/kamakmakine.com.tr\/wp-content\/uploads\/2023\/10\/k-2013-lamine-kagit-dilimle-02.jpg\" class=\"vc_single_image-img attachment-full\" alt=\"\" title=\"k-2013-laminated-paper-slice-02\" srcset=\"https:\/\/kamakmakine.com.tr\/wp-content\/uploads\/2023\/10\/k-2013-lamine-kagit-dilimle-02.jpg 1500w, https:\/\/kamakmakine.com.tr\/wp-content\/uploads\/2023\/10\/k-2013-lamine-kagit-dilimle-02-300x200.jpg 300w, https:\/\/kamakmakine.com.tr\/wp-content\/uploads\/2023\/10\/k-2013-lamine-kagit-dilimle-02-1024x683.jpg 1024w, https:\/\/kamakmakine.com.tr\/wp-content\/uploads\/2023\/10\/k-2013-lamine-kagit-dilimle-02-768x512.jpg 768w\" sizes=\"auto, (max-width: 1500px) 100vw, 1500px\" \/><\/a>\n\t\t<\/figure>\n\t<\/div>\n<\/div><\/div><\/div><div class=\"wpb_column vc_column_container vc_col-sm-6\"><div class=\"vc_column-inner\"><div class=\"wpb_wrapper\">\n\t<div  class=\"wpb_single_image wpb_content_element vc_align_left\">\n\t\t\n\t\t<figure class=\"wpb_wrapper vc_figure\">\n\t\t\t<a class=\"\" data-lightbox=\"lightbox[rel-1932-2507228650]\" href=\"https:\/\/kamakmakine.com.tr\/wp-content\/uploads\/2023\/10\/k-2013-lamine-kagit-dilimle-03-1024x683.jpg\" target=\"_self\"><img loading=\"lazy\" decoding=\"async\" width=\"1500\" height=\"1000\" src=\"https:\/\/kamakmakine.com.tr\/wp-content\/uploads\/2023\/10\/k-2013-lamine-kagit-dilimle-03.jpg\" class=\"vc_single_image-img attachment-full\" alt=\"\" title=\"k-2013-laminated-paper-slice-03\" srcset=\"https:\/\/kamakmakine.com.tr\/wp-content\/uploads\/2023\/10\/k-2013-lamine-kagit-dilimle-03.jpg 1500w, https:\/\/kamakmakine.com.tr\/wp-content\/uploads\/2023\/10\/k-2013-lamine-kagit-dilimle-03-300x200.jpg 300w, https:\/\/kamakmakine.com.tr\/wp-content\/uploads\/2023\/10\/k-2013-lamine-kagit-dilimle-03-1024x683.jpg 1024w, https:\/\/kamakmakine.com.tr\/wp-content\/uploads\/2023\/10\/k-2013-lamine-kagit-dilimle-03-768x512.jpg 768w\" sizes=\"auto, (max-width: 1500px) 100vw, 1500px\" \/><\/a>\n\t\t<\/figure>\n\t<\/div>\n<\/div><\/div><\/div><\/div><\/div><\/div><\/div><\/div><\/div><\/div><div class=\"container\" ><div class=\"vc_row wpb_row vc_row-fluid vc_custom_1640601732694\"><div class=\"wpb_column vc_column_container vc_col-sm-12\"><div class=\"vc_column-inner\"><div class=\"wpb_wrapper\">\n\t<div class=\"wpb_text_column wpb_content_element\" >\n\t\t<div class=\"wpb_wrapper\">\n\t\t\t<h2 class=\"black left\">Product Videos<\/h2>\n\n\t\t<\/div>\n\t<\/div>\n<div class=\"fullwidth\" ><div class=\"vc_row wpb_row vc_inner vc_row-fluid\"><div class=\"wpb_column vc_column_container vc_col-sm-6\"><div class=\"vc_column-inner\"><div class=\"wpb_wrapper\">\n\t<div class=\"wpb_raw_code wpb_content_element wpb_raw_html\" >\n\t\t<div class=\"wpb_wrapper\">\n\t\t\t<video poster=\"http:\/\/kamakmakine.com.tr\/wp-content\/uploads\/2023\/10\/k-2013-lamine-kagit-dilimle-video.jpg\" controls=\"1\" loop=\"1\" style=\"max-width:100%;\"><source type=\"video\/mp4\" src=\"http:\/\/kamakmakine.com.tr\/video\/k-2013.mp4\"><\/video>\n\t\t<\/div>\n\t<\/div>\n<\/div><\/div><\/div><div class=\"wpb_column vc_column_container vc_col-sm-6\"><div class=\"vc_column-inner\"><div class=\"wpb_wrapper\"><\/div><\/div><\/div><\/div><\/div><\/div><\/div><\/div><\/div><\/div>\n<\/div>","protected":false},"excerpt":{"rendered":"Kamak Makine \u00dcr\u00fcnler Lamineli Ka\u011f\u0131t Petek Makinas\u0131 K - 2013 Product Specs Category: Laminated Paper Honeycomb Brand: KAMAK Model: K - 2013 Paper Width: 1850 mm Reel Stand: 4 - 6 reels Reel Lifting: Hydraulic System (6 Axes) Cell Thickness: 10 - 100 mm TECHNICAL DOCUMENT Tech Specs The technical specifications table is below. Please\u00a0contact [...]","protected":false},"author":2,"featured_media":0,"parent":1926,"menu_order":0,"comment_status":"closed","ping_status":"closed","template":"","meta":{"footnotes":""},"class_list":["post-1932","page","type-page","status-publish","hentry"],"_links":{"self":[{"href":"https:\/\/kamakmakine.com.tr\/en\/wp-json\/wp\/v2\/pages\/1932","targetHints":{"allow":["GET"]}}],"collection":[{"href":"https:\/\/kamakmakine.com.tr\/en\/wp-json\/wp\/v2\/pages"}],"about":[{"href":"https:\/\/kamakmakine.com.tr\/en\/wp-json\/wp\/v2\/types\/page"}],"author":[{"embeddable":true,"href":"https:\/\/kamakmakine.com.tr\/en\/wp-json\/wp\/v2\/users\/2"}],"replies":[{"embeddable":true,"href":"https:\/\/kamakmakine.com.tr\/en\/wp-json\/wp\/v2\/comments?post=1932"}],"version-history":[{"count":2,"href":"https:\/\/kamakmakine.com.tr\/en\/wp-json\/wp\/v2\/pages\/1932\/revisions"}],"predecessor-version":[{"id":2143,"href":"https:\/\/kamakmakine.com.tr\/en\/wp-json\/wp\/v2\/pages\/1932\/revisions\/2143"}],"up":[{"embeddable":true,"href":"https:\/\/kamakmakine.com.tr\/en\/wp-json\/wp\/v2\/pages\/1926"}],"wp:attachment":[{"href":"https:\/\/kamakmakine.com.tr\/en\/wp-json\/wp\/v2\/media?parent=1932"}],"curies":[{"name":"wp","href":"https:\/\/api.w.org\/{rel}","templated":true}]}}