{"id":1863,"date":"2024-09-14T21:06:05","date_gmt":"2024-09-14T18:06:05","guid":{"rendered":"https:\/\/kamakmakine.com.tr\/?page_id=1863"},"modified":"2024-09-14T21:06:05","modified_gmt":"2024-09-14T18:06:05","slug":"k-630-automatic-chips-box-production-line","status":"publish","type":"page","link":"https:\/\/kamakmakine.com.tr\/en\/products\/paper-tube-core-machine\/k-630-automatic-chips-box-production-line\/","title":{"rendered":"K-630 Automatic Chips Box Production Line"},"content":{"rendered":"<div class=\"wpb-content-wrapper\"><div class=\"fullwidth\" ><div class=\"vc_row wpb_row vc_row-fluid vc_custom_1696728580476\"><div class=\"wpb_column vc_column_container vc_col-sm-12\"><div class=\"vc_column-inner\"><div class=\"wpb_wrapper\"><div class=\"container\" ><div class=\"vc_row wpb_row vc_inner vc_row-fluid vc_custom_1640603113396\"><div class=\"wpb_column vc_column_container vc_col-sm-6\"><div class=\"vc_column-inner\"><div class=\"wpb_wrapper\">\n\t<div class=\"wpb_text_column wpb_content_element  vc_custom_1707699343783 urun-header\" >\n\t\t<div class=\"wpb_wrapper\">\n\t\t\t<h5><span style=\"color: #ffffff;\">Kamak Machinery Products<\/span><\/h5>\n<h2><span style=\"color: #ffffff;\"><strong>Automatic Chip Box Production Line<\/strong><\/span><\/h2>\n<h2><span style=\"color: #f07e22;\"><strong>K \u2013 630<\/strong><\/span><\/h2>\n\n\t\t<\/div>\n\t<\/div>\n<\/div><\/div><\/div><div class=\"wpb_column vc_column_container vc_col-sm-6\"><div class=\"vc_column-inner\"><div class=\"wpb_wrapper\">\n\t<div  class=\"wpb_single_image wpb_content_element vc_align_center\">\n\t\t\n\t\t<figure class=\"wpb_wrapper vc_figure\">\n\t\t\t<div class=\"vc_single_image-wrapper   vc_box_border_grey\"><img loading=\"lazy\" decoding=\"async\" width=\"779\" height=\"583\" src=\"https:\/\/kamakmakine.com.tr\/wp-content\/uploads\/2023\/10\/K-630.png\" class=\"vc_single_image-img attachment-full\" alt=\"\" title=\"K-630\" srcset=\"https:\/\/kamakmakine.com.tr\/wp-content\/uploads\/2023\/10\/K-630.png 779w, https:\/\/kamakmakine.com.tr\/wp-content\/uploads\/2023\/10\/K-630-300x225.png 300w, https:\/\/kamakmakine.com.tr\/wp-content\/uploads\/2023\/10\/K-630-768x575.png 768w\" sizes=\"auto, (max-width: 779px) 100vw, 779px\" \/><\/div>\n\t\t<\/figure>\n\t<\/div>\n<\/div><\/div><\/div><\/div><\/div><\/div><\/div><\/div><\/div><\/div><div class=\"container\" ><div class=\"vc_row wpb_row vc_row-fluid vc_custom_1640601945603\"><div class=\"wpb_column vc_column_container vc_col-sm-8\"><div class=\"vc_column-inner\"><div class=\"wpb_wrapper\">\n\t<div  class=\"wpb_single_image wpb_content_element vc_align_left\">\n\t\t\n\t\t<figure class=\"wpb_wrapper vc_figure\">\n\t\t\t<div class=\"vc_single_image-wrapper   vc_box_border_grey\"><img loading=\"lazy\" decoding=\"async\" width=\"980\" height=\"732\" src=\"https:\/\/kamakmakine.com.tr\/wp-content\/uploads\/2024\/02\/k-630.jpg\" class=\"vc_single_image-img attachment-full\" alt=\"\" title=\"k-630\" srcset=\"https:\/\/kamakmakine.com.tr\/wp-content\/uploads\/2024\/02\/k-630.jpg 980w, https:\/\/kamakmakine.com.tr\/wp-content\/uploads\/2024\/02\/k-630-300x224.jpg 300w, https:\/\/kamakmakine.com.tr\/wp-content\/uploads\/2024\/02\/k-630-768x574.jpg 768w\" sizes=\"auto, (max-width: 980px) 100vw, 980px\" \/><\/div>\n\t\t<\/figure>\n\t<\/div>\n<\/div><\/div><\/div><div class=\"wpb_column vc_column_container vc_col-sm-4\"><div class=\"vc_column-inner\"><div class=\"wpb_wrapper\">\n\t<div class=\"wpb_text_column wpb_content_element\" >\n\t\t<div class=\"wpb_wrapper\">\n\t\t\t<h2 class=\"black left\">Product Specs<\/h2>\n\n\t\t<\/div>\n\t<\/div>\n\n\t<div class=\"wpb_raw_code wpb_content_element wpb_raw_html\" >\n\t\t<div class=\"wpb_wrapper\">\n\t\t\t<div class=\"porduct-des\">\n<ul>\n \t<li><strong>Category<\/strong>Chips Box Production<\/li>\n \t<li><strong>Brand<\/strong>: KAMAK<\/li>\n \t<li><strong>Model<\/strong>: K - 630<\/li>\n \t<li><strong>Production<\/strong>: 10 Layer<\/li>\n \t<li><strong>Inner Diameter<\/strong>: 73 mm<\/li>\n \t<li><strong>Production Length<\/strong>: 230 mm<\/li>\n \t<li><strong>Engine Power<\/strong>: 65 kW<\/li>\n<\/ul>\n<\/div>\n\t\t<\/div>\n\t<\/div>\n<div class=\"vc_btn3-container vc_btn3-inline vc_custom_1726336847448\" ><a class=\"vc_general vc_btn3 vc_btn3-size-md vc_btn3-shape-rounded vc_btn3-style-modern vc_btn3-icon-left vc_btn3-color-warning\" href=\"#\" title=\"\"><i class=\"vc_btn3-icon fas fa-file-alt\"><\/i> TECHNICAL DOCUMENT<\/a><\/div><\/div><\/div><\/div><\/div><\/div><div class=\"container\" ><div class=\"vc_row wpb_row vc_row-fluid vc_custom_1640601718093\"><div class=\"wpb_column vc_column_container vc_col-sm-12\"><div class=\"vc_column-inner\"><div class=\"wpb_wrapper\">\n\t<div class=\"wpb_text_column wpb_content_element\" >\n\t\t<div class=\"wpb_wrapper\">\n\t\t\t<h2 class=\"black left\">Tech Specs<\/h2>\n<p class=\"onalti\">The technical specifications table is below. Please\u00a0<a href=\"https:\/\/kamakmakine.com.tr\/en\/contact\/\">contact us<\/a>\u00a0for more detailed information.<\/p>\n\n\t\t<\/div>\n\t<\/div>\n\n\t<div class=\"wpb_raw_code wpb_content_element wpb_raw_html\" >\n\t\t<div class=\"wpb_wrapper\">\n\t\t\t<table class=\"sem-table\">\n  <tbody>\n    <tr>\n      <th scope=\"row\">Machine Type<\/th>\n      <td>K-630<\/td>\n    <\/tr>\n    <tr>\n      <th scope=\"row\">Production<\/th>\n      <td>10 Layer<\/td>\n    <\/tr>\n    <tr>\n      <th scope=\"row\">Inner Diameter<\/th>\n      <td>73 mm<\/td>\n    <\/tr>\n    <tr>\n      <th scope=\"row\">Production Length<\/th>\n      <td>230 mm<\/td>\n    <\/tr>\n    <tr>\n      <th scope=\"row\">Total Engine Power<\/th>\n      <td>65 kW<\/td>\n    <\/tr>\n    <tr>\n      <th scope=\"row\">Blade Length<\/th>\n      <td>6 Pcs<\/td>\n    <\/tr>\n    <tr>\n      <th scope=\"row\">Air Pressure<\/th>\n      <td>6 Bar<\/td>\n    <tr>\n      <th scope=\"row\">Wall Thickness<\/th>\n      <td>0.8 mm<\/td>\n    <\/tr>\n    <tr>\n      <th scope=\"row\">Production Length<\/th>\n      <td>12 Meters\/Minute<\/td>\n    <\/tr>\n    <tr>\n      <th scope=\"row\">Speed Control<\/th>\n      <td>Electronic<\/td>\n    <\/tr>\n\t\n\t<tr>\n      <th scope=\"row\">Conveyor Belt<\/th>\n      <td>4000mm<\/td>\n    <tr>\n      <th scope=\"row\">Oven<\/th>\n      <td>200x6000 mm<\/td>\n    <\/tr>\n    <tr>\n      <th scope=\"row\">Mouth Turning Outward<\/th>\n      <td>6 Head Rotary System<\/td>\n    <\/tr>\n\t\n\t<tr>\n      <th scope=\"row\">Aluminum Foil Bonding<\/th>\n      <td>2 Pcs 8 Head<\/td>\n    <tr>\n      <th scope=\"row\">Cover Installation (Plastic)<\/th>\n      <td>2 Pcs 6 Head<\/td>\n    <\/tr>\n    <tr>\n      <th scope=\"row\">Opening Mouth<\/th>\n      <td>Single Head Rotary System<\/td>\n    <\/tr>\t\n    <tr>\n      <th scope=\"row\">Packaging<\/th>\n      <td>70 Pcs Cardboard Pan<\/td>>\n    <\/tr>\n  <\/tbody>\n<\/table>\n\t\t<\/div>\n\t<\/div>\n<\/div><\/div><\/div><\/div><\/div><div class=\"container\" ><div class=\"vc_row wpb_row vc_row-fluid vc_custom_1640601725467\"><div class=\"wpb_column vc_column_container vc_col-sm-12\"><div class=\"vc_column-inner\"><div class=\"wpb_wrapper\">\n\t<div class=\"wpb_text_column wpb_content_element\" >\n\t\t<div class=\"wpb_wrapper\">\n\t\t\t<h2 class=\"black left\">Product Images<\/h2>\n\n\t\t<\/div>\n\t<\/div>\n<div class=\"fullwidth\" ><div class=\"vc_row wpb_row vc_inner vc_row-fluid\"><div class=\"wpb_column vc_column_container vc_col-sm-4\"><div class=\"vc_column-inner\"><div class=\"wpb_wrapper\">\n\t<div  class=\"wpb_single_image wpb_content_element vc_align_left\">\n\t\t\n\t\t<figure class=\"wpb_wrapper vc_figure\">\n\t\t\t<a class=\"\" data-lightbox=\"lightbox[rel-1863-3913182065]\" href=\"https:\/\/kamakmakine.com.tr\/wp-content\/uploads\/2023\/10\/k-630-01-1024x683.jpg\" target=\"_self\"><img loading=\"lazy\" decoding=\"async\" width=\"1611\" height=\"1075\" src=\"https:\/\/kamakmakine.com.tr\/wp-content\/uploads\/2023\/10\/k-630-01.jpg\" class=\"vc_single_image-img attachment-full\" alt=\"\" title=\"k-630-01\" srcset=\"https:\/\/kamakmakine.com.tr\/wp-content\/uploads\/2023\/10\/k-630-01.jpg 1611w, https:\/\/kamakmakine.com.tr\/wp-content\/uploads\/2023\/10\/k-630-01-300x200.jpg 300w, https:\/\/kamakmakine.com.tr\/wp-content\/uploads\/2023\/10\/k-630-01-1024x683.jpg 1024w, https:\/\/kamakmakine.com.tr\/wp-content\/uploads\/2023\/10\/k-630-01-768x512.jpg 768w, https:\/\/kamakmakine.com.tr\/wp-content\/uploads\/2023\/10\/k-630-01-1536x1025.jpg 1536w\" sizes=\"auto, (max-width: 1611px) 100vw, 1611px\" \/><\/a>\n\t\t<\/figure>\n\t<\/div>\n<\/div><\/div><\/div><div class=\"wpb_column vc_column_container vc_col-sm-4\"><div class=\"vc_column-inner\"><div class=\"wpb_wrapper\">\n\t<div  class=\"wpb_single_image wpb_content_element vc_align_left\">\n\t\t\n\t\t<figure class=\"wpb_wrapper vc_figure\">\n\t\t\t<a class=\"\" data-lightbox=\"lightbox[rel-1863-1068009369]\" href=\"https:\/\/kamakmakine.com.tr\/wp-content\/uploads\/2023\/10\/k-630-02-1024x683.jpg\" target=\"_self\"><img loading=\"lazy\" decoding=\"async\" width=\"1611\" height=\"1075\" src=\"https:\/\/kamakmakine.com.tr\/wp-content\/uploads\/2023\/10\/k-630-02.jpg\" class=\"vc_single_image-img attachment-full\" alt=\"\" title=\"k-630-02\" srcset=\"https:\/\/kamakmakine.com.tr\/wp-content\/uploads\/2023\/10\/k-630-02.jpg 1611w, https:\/\/kamakmakine.com.tr\/wp-content\/uploads\/2023\/10\/k-630-02-300x200.jpg 300w, https:\/\/kamakmakine.com.tr\/wp-content\/uploads\/2023\/10\/k-630-02-1024x683.jpg 1024w, https:\/\/kamakmakine.com.tr\/wp-content\/uploads\/2023\/10\/k-630-02-768x512.jpg 768w, https:\/\/kamakmakine.com.tr\/wp-content\/uploads\/2023\/10\/k-630-02-1536x1025.jpg 1536w\" sizes=\"auto, (max-width: 1611px) 100vw, 1611px\" \/><\/a>\n\t\t<\/figure>\n\t<\/div>\n<\/div><\/div><\/div><div class=\"wpb_column vc_column_container vc_col-sm-4\"><div class=\"vc_column-inner\"><div class=\"wpb_wrapper\">\n\t<div  class=\"wpb_single_image wpb_content_element vc_align_left\">\n\t\t\n\t\t<figure class=\"wpb_wrapper vc_figure\">\n\t\t\t<a class=\"\" data-lightbox=\"lightbox[rel-1863-823515863]\" href=\"https:\/\/kamakmakine.com.tr\/wp-content\/uploads\/2023\/10\/k-630-03-1024x683.jpg\" target=\"_self\"><img loading=\"lazy\" decoding=\"async\" width=\"1611\" height=\"1075\" src=\"https:\/\/kamakmakine.com.tr\/wp-content\/uploads\/2023\/10\/k-630-03.jpg\" class=\"vc_single_image-img attachment-full\" alt=\"\" title=\"k-630-03\" srcset=\"https:\/\/kamakmakine.com.tr\/wp-content\/uploads\/2023\/10\/k-630-03.jpg 1611w, https:\/\/kamakmakine.com.tr\/wp-content\/uploads\/2023\/10\/k-630-03-300x200.jpg 300w, https:\/\/kamakmakine.com.tr\/wp-content\/uploads\/2023\/10\/k-630-03-1024x683.jpg 1024w, https:\/\/kamakmakine.com.tr\/wp-content\/uploads\/2023\/10\/k-630-03-768x512.jpg 768w, https:\/\/kamakmakine.com.tr\/wp-content\/uploads\/2023\/10\/k-630-03-1536x1025.jpg 1536w\" sizes=\"auto, (max-width: 1611px) 100vw, 1611px\" \/><\/a>\n\t\t<\/figure>\n\t<\/div>\n<\/div><\/div><\/div><\/div><\/div><div class=\"fullwidth\" ><div class=\"vc_row wpb_row vc_inner vc_row-fluid\"><div class=\"wpb_column vc_column_container vc_col-sm-12\"><div class=\"vc_column-inner vc_custom_1696728909338\"><div class=\"wpb_wrapper\">\n\t<div  class=\"wpb_single_image wpb_content_element vc_align_left\">\n\t\t\n\t\t<figure class=\"wpb_wrapper vc_figure\">\n\t\t\t<a class=\"\" data-lightbox=\"lightbox[rel-1863-3957354732]\" href=\"https:\/\/kamakmakine.com.tr\/wp-content\/uploads\/2023\/10\/k-630-04-1024x308.jpg\" target=\"_self\"><img loading=\"lazy\" decoding=\"async\" width=\"2560\" height=\"770\" src=\"https:\/\/kamakmakine.com.tr\/wp-content\/uploads\/2023\/10\/k-630-04-scaled.jpg\" class=\"vc_single_image-img attachment-full\" alt=\"\" title=\"k-630-04\" srcset=\"https:\/\/kamakmakine.com.tr\/wp-content\/uploads\/2023\/10\/k-630-04-scaled.jpg 2560w, https:\/\/kamakmakine.com.tr\/wp-content\/uploads\/2023\/10\/k-630-04-300x90.jpg 300w, https:\/\/kamakmakine.com.tr\/wp-content\/uploads\/2023\/10\/k-630-04-1024x308.jpg 1024w, https:\/\/kamakmakine.com.tr\/wp-content\/uploads\/2023\/10\/k-630-04-768x231.jpg 768w, https:\/\/kamakmakine.com.tr\/wp-content\/uploads\/2023\/10\/k-630-04-1536x462.jpg 1536w, https:\/\/kamakmakine.com.tr\/wp-content\/uploads\/2023\/10\/k-630-04-2048x616.jpg 2048w\" sizes=\"auto, (max-width: 2560px) 100vw, 2560px\" \/><\/a>\n\t\t<\/figure>\n\t<\/div>\n<\/div><\/div><\/div><\/div><\/div><\/div><\/div><\/div><\/div><\/div><div class=\"container\" ><div class=\"vc_row wpb_row vc_row-fluid vc_custom_1640601732694\"><div class=\"wpb_column vc_column_container vc_col-sm-12\"><div class=\"vc_column-inner\"><div class=\"wpb_wrapper\">\n\t<div class=\"wpb_text_column wpb_content_element\" >\n\t\t<div class=\"wpb_wrapper\">\n\t\t\t<h2 class=\"black left\">Product Videos<\/h2>\n\n\t\t<\/div>\n\t<\/div>\n<div class=\"fullwidth\" ><div class=\"vc_row wpb_row vc_inner vc_row-fluid\"><div class=\"wpb_column vc_column_container vc_col-sm-6\"><div class=\"vc_column-inner\"><div class=\"wpb_wrapper\">\n\t<div class=\"wpb_raw_code wpb_content_element wpb_raw_html\" >\n\t\t<div class=\"wpb_wrapper\">\n\t\t\t<video poster=\"http:\/\/kamakmakine.com.tr\/wp-content\/uploads\/2023\/10\/k-630-video-bg.jpg\" controls=\"1\" loop=\"1\" style=\"max-width:100%;\"><source type=\"video\/mp4\" src=\"http:\/\/kamakmakine.com.tr\/video\/K-630-Cips.mp4\"><\/video>\n\t\t<\/div>\n\t<\/div>\n<\/div><\/div><\/div><div class=\"wpb_column vc_column_container vc_col-sm-6\"><div class=\"vc_column-inner\"><div class=\"wpb_wrapper\"><\/div><\/div><\/div><\/div><\/div><\/div><\/div><\/div><\/div><\/div>\n<\/div>","protected":false},"excerpt":{"rendered":"Kamak Makine \u00dcr\u00fcnler Otomatik Cips Kutusu \u00dcretim Hatt\u0131 K - 630 Product Specs Category: Chips Box Production Brand: KAMAK Model: K - 630 Production: 10 Layer Inner Diameter: 73 mm Production Length: 230 mm Engine Power: 65 kW TECHNICAL DOCUMENT Tech Specs The technical specifications table is below. Please\u00a0contact us\u00a0for more detailed information. Machine Type [...]","protected":false},"author":2,"featured_media":0,"parent":1850,"menu_order":2,"comment_status":"closed","ping_status":"closed","template":"","meta":{"footnotes":""},"class_list":["post-1863","page","type-page","status-publish","hentry"],"_links":{"self":[{"href":"https:\/\/kamakmakine.com.tr\/en\/wp-json\/wp\/v2\/pages\/1863","targetHints":{"allow":["GET"]}}],"collection":[{"href":"https:\/\/kamakmakine.com.tr\/en\/wp-json\/wp\/v2\/pages"}],"about":[{"href":"https:\/\/kamakmakine.com.tr\/en\/wp-json\/wp\/v2\/types\/page"}],"author":[{"embeddable":true,"href":"https:\/\/kamakmakine.com.tr\/en\/wp-json\/wp\/v2\/users\/2"}],"replies":[{"embeddable":true,"href":"https:\/\/kamakmakine.com.tr\/en\/wp-json\/wp\/v2\/comments?post=1863"}],"version-history":[{"count":1,"href":"https:\/\/kamakmakine.com.tr\/en\/wp-json\/wp\/v2\/pages\/1863\/revisions"}],"predecessor-version":[{"id":1866,"href":"https:\/\/kamakmakine.com.tr\/en\/wp-json\/wp\/v2\/pages\/1863\/revisions\/1866"}],"up":[{"embeddable":true,"href":"https:\/\/kamakmakine.com.tr\/en\/wp-json\/wp\/v2\/pages\/1850"}],"wp:attachment":[{"href":"https:\/\/kamakmakine.com.tr\/en\/wp-json\/wp\/v2\/media?parent=1863"}],"curies":[{"name":"wp","href":"https:\/\/api.w.org\/{rel}","templated":true}]}}