{"id":1293,"date":"2023-10-04T19:01:30","date_gmt":"2023-10-04T16:01:30","guid":{"rendered":"http:\/\/kamakmakine.com.tr\/?page_id=1293"},"modified":"2026-02-17T22:00:33","modified_gmt":"2026-02-17T19:00:33","slug":"k-2013-lamineli-kagit-petek-makinasi","status":"publish","type":"page","link":"http:\/\/kamakmakine.com.tr\/ru\/urunler\/kagit-petek-makinesi\/k-2013-lamineli-kagit-petek-makinasi\/","title":{"rendered":"\u041c\u0430\u0448\u0438\u043d\u0430 \u0434\u043b\u044f \u043b\u0430\u043c\u0438\u043d\u0438\u0440\u043e\u0432\u0430\u043d\u0438\u044f \u0431\u0443\u043c\u0430\u0433\u0438 \u0432 \u0432\u0438\u0434\u0435 \u0441\u043e\u0442 K-2013"},"content":{"rendered":"<div class=\"wpb-content-wrapper\"><div class=\"fullwidth\" ><div class=\"vc_row wpb_row vc_row-fluid vc_custom_1696858047118\"><div class=\"wpb_column vc_column_container vc_col-sm-12\"><div class=\"vc_column-inner\"><div class=\"wpb_wrapper\"><div class=\"container\" ><div class=\"vc_row wpb_row vc_inner vc_row-fluid vc_custom_1640603113396\"><div class=\"wpb_column vc_column_container vc_col-sm-6\"><div class=\"vc_column-inner\"><div class=\"wpb_wrapper\">\n\t<div class=\"wpb_text_column wpb_content_element  vc_custom_1707694527699 urun-header\" >\n\t\t<div class=\"wpb_wrapper\">\n\t\t\t<h5><span style=\"color: #ffffff;\">\u041f\u0440\u043e\u0434\u0443\u043a\u0446\u0438\u044f \u043a\u043e\u043c\u043f\u0430\u043d\u0438\u0438 Kamak Machinery<\/span><\/h5>\n<h2><span style=\"color: #ffffff;\"><strong> \u041c\u0430\u0448\u0438\u043d\u0430 \u0434\u043b\u044f \u0438\u0437\u0433\u043e\u0442\u043e\u0432\u043b\u0435\u043d\u0438\u044f \u0441\u043e\u0442 \u0438\u0437 \u043b\u0430\u043c\u0438\u043d\u0438\u0440\u043e\u0432\u0430\u043d\u043d\u043e\u0439 \u0431\u0443\u043c\u0430\u0433\u0438<\/strong><\/span><\/h2>\n<h2><span style=\"color: #f07e22;\"><strong>\u041a \u2013 2013<\/strong><\/span><\/h2>\n\n\t\t<\/div>\n\t<\/div>\n<\/div><\/div><\/div><div class=\"wpb_column vc_column_container vc_col-sm-6\"><div class=\"vc_column-inner\"><div class=\"wpb_wrapper\">\n\t<div  class=\"wpb_single_image wpb_content_element vc_align_center\">\n\t\t\n\t\t<figure class=\"wpb_wrapper vc_figure\">\n\t\t\t<div class=\"vc_single_image-wrapper   vc_box_border_grey\"><img loading=\"lazy\" decoding=\"async\" width=\"779\" height=\"583\" src=\"http:\/\/kamakmakine.com.tr\/wp-content\/uploads\/2023\/10\/k-2013-lamine-kagit-dilimle.png\" class=\"vc_single_image-img attachment-full\" alt=\"\" title=\"k-2013-\u043b\u0430\u043c\u0438\u043d\u0438\u0440\u043e\u0432\u0430\u043d\u043d\u044b\u0439-\u0431\u0443\u043c\u0430\u0436\u043d\u044b\u0439-\u0441\u0440\u0435\u0437\" srcset=\"http:\/\/kamakmakine.com.tr\/wp-content\/uploads\/2023\/10\/k-2013-lamine-kagit-dilimle.png 779w, http:\/\/kamakmakine.com.tr\/wp-content\/uploads\/2023\/10\/k-2013-lamine-kagit-dilimle-300x225.png 300w, http:\/\/kamakmakine.com.tr\/wp-content\/uploads\/2023\/10\/k-2013-lamine-kagit-dilimle-768x575.png 768w\" sizes=\"auto, (max-width: 779px) 100vw, 779px\" \/><\/div>\n\t\t<\/figure>\n\t<\/div>\n<\/div><\/div><\/div><\/div><\/div><\/div><\/div><\/div><\/div><\/div><div class=\"container\" ><div class=\"vc_row wpb_row vc_row-fluid vc_custom_1640601945603\"><div class=\"wpb_column vc_column_container vc_col-sm-8\"><div class=\"vc_column-inner\"><div class=\"wpb_wrapper\">\n\t<div  class=\"wpb_single_image wpb_content_element vc_align_left\">\n\t\t\n\t\t<figure class=\"wpb_wrapper vc_figure\">\n\t\t\t<div class=\"vc_single_image-wrapper   vc_box_border_grey\"><img loading=\"lazy\" decoding=\"async\" width=\"2560\" height=\"1707\" src=\"http:\/\/kamakmakine.com.tr\/wp-content\/uploads\/2026\/01\/2013_02-scaled.png\" class=\"vc_single_image-img attachment-full\" alt=\"\" title=\"2013_02\" srcset=\"http:\/\/kamakmakine.com.tr\/wp-content\/uploads\/2026\/01\/2013_02-scaled.png 2560w, http:\/\/kamakmakine.com.tr\/wp-content\/uploads\/2026\/01\/2013_02-300x200.png 300w, http:\/\/kamakmakine.com.tr\/wp-content\/uploads\/2026\/01\/2013_02-1024x683.png 1024w, http:\/\/kamakmakine.com.tr\/wp-content\/uploads\/2026\/01\/2013_02-768x512.png 768w, http:\/\/kamakmakine.com.tr\/wp-content\/uploads\/2026\/01\/2013_02-1536x1024.png 1536w, http:\/\/kamakmakine.com.tr\/wp-content\/uploads\/2026\/01\/2013_02-2048x1365.png 2048w\" sizes=\"auto, (max-width: 2560px) 100vw, 2560px\" \/><\/div>\n\t\t<\/figure>\n\t<\/div>\n<\/div><\/div><\/div><div class=\"wpb_column vc_column_container vc_col-sm-4\"><div class=\"vc_column-inner\"><div class=\"wpb_wrapper\">\n\t<div class=\"wpb_text_column wpb_content_element\" >\n\t\t<div class=\"wpb_wrapper\">\n\t\t\t<h2 class=\"black left\">\u0422\u0435\u0445\u043d\u0438\u0447\u0435\u0441\u043a\u0438\u0435 \u0445\u0430\u0440\u0430\u043a\u0442\u0435\u0440\u0438\u0441\u0442\u0438\u043a\u0438 \u0438\u0437\u0434\u0435\u043b\u0438\u044f<\/h2>\n\n\t\t<\/div>\n\t<\/div>\n\n\t<div class=\"wpb_raw_code wpb_content_element wpb_raw_html\" >\n\t\t<div class=\"wpb_wrapper\">\n\t\t\t<div class=\"porduct-des\">\n<ul>\n \t<li><strong>\u041a\u0430\u0442\u0435\u0433\u043e\u0440\u0438\u044f<\/strong>\u041b\u0430\u043c\u0438\u043d\u0438\u0440\u043e\u0432\u0430\u043d\u043d\u0430\u044f \u0431\u0443\u043c\u0430\u0433\u0430 \u0432 \u0432\u0438\u0434\u0435 \u0441\u043e\u0442<\/li>\n \t<li><strong>\u0411\u0440\u0435\u043d\u0434<\/strong>: \u041a\u0410\u041c\u0410\u041a<\/li>\n \t<li><strong>\u041c\u043e\u0434\u0435\u043b\u044c<\/strong>: \u041a - 2013<\/li>\n \t<li><strong>\u0428\u0438\u0440\u0438\u043d\u0430 \u0431\u0443\u043c\u0430\u0433\u0438<\/strong>: 1850 \u043c\u043c<\/li>\n \t<li><strong>\u041f\u043e\u0434\u0441\u0442\u0430\u0432\u043a\u0430 \u0434\u043b\u044f \u043a\u0430\u0442\u0443\u0448\u043a\u0438<\/strong>: 4 - 6 \u043a\u0430\u0442\u0443\u0448\u0435\u043a<\/li>\n        <li><strong>\u041f\u043e\u0434\u044a\u0435\u043c \u0440\u0443\u043b\u043e\u043d\u043e\u0432<\/strong>\u0413\u0438\u0434\u0440\u0430\u0432\u043b\u0438\u0447\u0435\u0441\u043a\u0430\u044f \u0441\u0438\u0441\u0442\u0435\u043c\u0430 (6-\u043e\u0441\u0435\u0432\u0430\u044f)<\/li>\n \t<li><strong>\u0422\u043e\u043b\u0449\u0438\u043d\u0430 \u0441\u043e\u0442\u043e\u0432\u043e\u0439 \u0441\u0442\u0440\u0443\u043a\u0442\u0443\u0440\u044b<\/strong>: 10 - 100 \u043c\u043c<\/li>\n \t\n<\/ul>\n<\/div>\n\t\t<\/div>\n\t<\/div>\n<div class=\"vc_btn3-container vc_btn3-inline vc_custom_1655129028941\" ><a class=\"vc_general vc_btn3 vc_btn3-size-md vc_btn3-shape-rounded vc_btn3-style-modern vc_btn3-icon-left vc_btn3-color-warning\" href=\"#\" title=\"\"><i class=\"vc_btn3-icon fas fa-file-alt\"><\/i> \u0422\u0415\u0425\u041d\u0418\u0427\u0415\u0421\u041a\u0418\u0419 \u0414\u041e\u041a\u0423\u041c\u0415\u041d\u0422<\/a><\/div><\/div><\/div><\/div><\/div><\/div><div class=\"container\" ><div class=\"vc_row wpb_row vc_row-fluid vc_custom_1640601718093\"><div class=\"wpb_column vc_column_container vc_col-sm-12\"><div class=\"vc_column-inner\"><div class=\"wpb_wrapper\">\n\t<div class=\"wpb_text_column wpb_content_element\" >\n\t\t<div class=\"wpb_wrapper\">\n\t\t\t<h2 class=\"black left\">\u0422\u0435\u0445\u043d\u0438\u0447\u0435\u0441\u043a\u0438\u0435 \u0445\u0430\u0440\u0430\u043a\u0442\u0435\u0440\u0438\u0441\u0442\u0438\u043a\u0438<\/h2>\n<p class=\"onalti\">\u0422\u0435\u0445\u043d\u0438\u0447\u0435\u0441\u043a\u0438\u0435 \u0445\u0430\u0440\u0430\u043a\u0442\u0435\u0440\u0438\u0441\u0442\u0438\u043a\u0438 \u0443\u043a\u0430\u0437\u0430\u043d\u044b \u043d\u0438\u0436\u0435. \u0414\u043b\u044f \u043f\u043e\u043b\u0443\u0447\u0435\u043d\u0438\u044f \u0431\u043e\u043b\u0435\u0435 \u043f\u043e\u0434\u0440\u043e\u0431\u043d\u043e\u0439 \u0438\u043d\u0444\u043e\u0440\u043c\u0430\u0446\u0438\u0438 \u0441\u0432\u044f\u0436\u0438\u0442\u0435\u0441\u044c \u0441 \u043d\u0430\u043c\u0438.<\/p>\n\n\t\t<\/div>\n\t<\/div>\n\n\t<div class=\"wpb_raw_code wpb_content_element wpb_raw_html\" >\n\t\t<div class=\"wpb_wrapper\">\n\t\t\t<table class=\"sem-table\">\n  <tbody>\n    <tr>\n      <th scope=\"row\">\u0428\u0438\u0440\u0438\u043d\u0430 \u0431\u0443\u043c\u0430\u0433\u0438<\/th>\n      <td>1850 \u043c\u043c<\/td>\n    <\/tr>\n    <tr>\n      <th scope=\"row\">\u041f\u043e\u0434\u0441\u0442\u0430\u0432\u043a\u0430 \u0434\u043b\u044f \u043a\u0430\u0442\u0443\u0448\u043a\u0438<\/th>\n      <td>4-6 \u043a\u0430\u0442\u0443\u0448\u0435\u043a<\/td>\n    <\/tr>\n    <tr>\n      <th scope=\"row\">\u041f\u043e\u0434\u044a\u0435\u043c \u0440\u0443\u043b\u043e\u043d\u043e\u0432<\/th>\n      <td>\u0413\u0438\u0434\u0440\u0430\u0432\u043b\u0438\u0447\u0435\u0441\u043a\u0430\u044f \u0441\u0438\u0441\u0442\u0435\u043c\u0430 (6-\u043e\u0441\u0435\u0432\u0430\u044f) <\/td>\n    <\/tr>\n    <tr>\n      <th scope=\"row\">\u0422\u043e\u043b\u0449\u0438\u043d\u0430 \u0441\u043e\u0442\u043e\u0432\u043e\u0439 \u0441\u0442\u0440\u0443\u043a\u0442\u0443\u0440\u044b<\/th>\n      <td>10 - 100 \u043c\u043c<\/td>\n    <\/tr>\n    <tr>\n      <th scope=\"row\">\u041f\u043b\u0435\u0442\u0435\u043d\u0438\u0435 \u0432 \u0432\u0438\u0434\u0435 \u0441\u043e\u0442<\/th>\n      <td>8 - 10 - 12 - 16 - 24 \u043c\u043c<\/td>\n    <\/tr>\n    <tr>\n      <th scope=\"row\">\u0421\u043a\u043b\u0435\u0438\u0432\u0430\u043d\u0438\u0435 \u0441\u043e\u0442<\/th>\n      <td>\u0421\u0438\u0441\u0442\u0435\u043c\u0430 \u043d\u0438\u0436\u043d\u0438\u0445 \u0438 \u0432\u0435\u0440\u0445\u043d\u0438\u0445 \u0440\u043e\u043b\u0438\u043a\u043e\u0432<\/td>\n    <\/tr>\n    <tr>\n      <th scope=\"row\">\u0421\u0443\u0448\u043a\u0430 \u0441\u043e\u0442\u043e\u0432\u043e\u0439 \u0441\u0442\u0440\u0443\u043a\u0442\u0443\u0440\u044b<\/th>\n      <td>2000 x 10000 \u043c\u043c<\/td>\n    <\/tr>\n    <tr>\n      <th scope=\"row\">\u0421\u0438\u0441\u0442\u0435\u043c\u0430 \u043e\u0442\u043e\u043f\u043b\u0435\u043d\u0438\u044f<\/th>\n      <td>\u042d\u043b\u0435\u043a\u0442\u0440\u0438\u0447\u0435\u0441\u043a\u0438\u0439 \u0432\u0435\u043d\u0442\u0438\u043b\u044f\u0442\u043e\u0440<\/td>\n    <\/tr>\n    <tr>\n      <th scope=\"row\">\u041a\u043e\u043b\u0438\u0447\u0435\u0441\u0442\u0432\u043e \u0431\u043e\u043a\u043e\u0432\u044b\u0445 \u043b\u043e\u043f\u0430\u0441\u0442\u0435\u0439<\/th>\n      <td>3 \u0448\u0442\u0443\u043a\u0438<\/td>\n    <\/tr>\n    <tr>\n      <th scope=\"row\">\u041a\u043e\u043b\u0438\u0447\u0435\u0441\u0442\u0432\u043e \u043b\u043e\u043f\u0430\u0441\u0442\u0435\u0439<\/th>\n      <td>1 \u0448\u0442\u0443\u043a\u0430<\/td>\n    <\/tr>\n    <tr>\n      <th scope=\"row\">\u0421\u0438\u0441\u0442\u0435\u043c\u0430 \u0440\u0435\u0437\u043a\u0438<\/th>\n      <td>\u042d\u043b\u0435\u043a\u0442\u0440\u043e\u043d\u0438\u043a\u0430 \/ \u0421\u0435\u0440\u0432\u043e\u043f\u0440\u0438\u0432\u043e\u0434<\/td>\n    <\/tr>\n    <tr>\n      <th scope=\"row\">\u041f\u0430\u043d\u0435\u043b\u044c \u0441 \u0441\u043e\u0442\u043e\u0432\u043e\u0439 \u0441\u0442\u0440\u0443\u043a\u0442\u0443\u0440\u043e\u0439 \u0434\u043b\u044f \u0440\u043e\u0437\u0435\u0442\u043a\u0438<\/th>\n      <td>1600 \u043c\u043c<\/td>\n    <\/tr>\n  <\/tbody>\n<\/table>\n\t\t<\/div>\n\t<\/div>\n<\/div><\/div><\/div><\/div><\/div><div class=\"container\" ><div class=\"vc_row wpb_row vc_row-fluid vc_custom_1640601725467\"><div class=\"wpb_column vc_column_container vc_col-sm-12\"><div class=\"vc_column-inner\"><div class=\"wpb_wrapper\">\n\t<div class=\"wpb_text_column wpb_content_element\" >\n\t\t<div class=\"wpb_wrapper\">\n\t\t\t<h2 class=\"black left\">\u0424\u043e\u0442\u043e\u0433\u0440\u0430\u0444\u0438\u0438 \u0442\u043e\u0432\u0430\u0440\u0430<\/h2>\n\n\t\t<\/div>\n\t<\/div>\n<div class=\"fullwidth\" ><div class=\"vc_row wpb_row vc_inner vc_row-fluid\"><div class=\"wpb_column vc_column_container vc_col-sm-6\"><div class=\"vc_column-inner\"><div class=\"wpb_wrapper\">\n\t<div  class=\"wpb_single_image wpb_content_element vc_align_left\">\n\t\t\n\t\t<figure class=\"wpb_wrapper vc_figure\">\n\t\t\t<a class=\"\" data-lightbox=\"lightbox[rel-1293-620224332]\" href=\"http:\/\/kamakmakine.com.tr\/wp-content\/uploads\/2023\/10\/k-2013-lamine-kagit-dilimle-02-1024x683.jpg\" target=\"_self\"><img loading=\"lazy\" decoding=\"async\" width=\"1500\" height=\"1000\" src=\"http:\/\/kamakmakine.com.tr\/wp-content\/uploads\/2023\/10\/k-2013-lamine-kagit-dilimle-02.jpg\" class=\"vc_single_image-img attachment-full\" alt=\"\" title=\"k-2013-\u043b\u0430\u043c\u0438\u043d\u0438\u0440\u043e\u0432\u0430\u043d\u043d\u044b\u0439-\u0431\u0443\u043c\u0430\u0436\u043d\u044b\u0439-\u0441\u0440\u0435\u0437-02\" srcset=\"http:\/\/kamakmakine.com.tr\/wp-content\/uploads\/2023\/10\/k-2013-lamine-kagit-dilimle-02.jpg 1500w, http:\/\/kamakmakine.com.tr\/wp-content\/uploads\/2023\/10\/k-2013-lamine-kagit-dilimle-02-300x200.jpg 300w, http:\/\/kamakmakine.com.tr\/wp-content\/uploads\/2023\/10\/k-2013-lamine-kagit-dilimle-02-1024x683.jpg 1024w, http:\/\/kamakmakine.com.tr\/wp-content\/uploads\/2023\/10\/k-2013-lamine-kagit-dilimle-02-768x512.jpg 768w\" sizes=\"auto, (max-width: 1500px) 100vw, 1500px\" \/><\/a>\n\t\t<\/figure>\n\t<\/div>\n<\/div><\/div><\/div><div class=\"wpb_column vc_column_container vc_col-sm-6\"><div class=\"vc_column-inner\"><div class=\"wpb_wrapper\">\n\t<div  class=\"wpb_single_image wpb_content_element vc_align_left\">\n\t\t\n\t\t<figure class=\"wpb_wrapper vc_figure\">\n\t\t\t<a class=\"\" data-lightbox=\"lightbox[rel-1293-3257459711]\" href=\"http:\/\/kamakmakine.com.tr\/wp-content\/uploads\/2023\/10\/k-2013-lamine-kagit-dilimle-03-1024x683.jpg\" target=\"_self\"><img loading=\"lazy\" decoding=\"async\" width=\"1500\" height=\"1000\" src=\"http:\/\/kamakmakine.com.tr\/wp-content\/uploads\/2023\/10\/k-2013-lamine-kagit-dilimle-03.jpg\" class=\"vc_single_image-img attachment-full\" alt=\"\" title=\"k-2013-\u043b\u0430\u043c\u0438\u043d\u0438\u0440\u043e\u0432\u0430\u043d\u043d\u044b\u0439-\u0431\u0443\u043c\u0430\u0436\u043d\u044b\u0439-\u0441\u0440\u0435\u0437-03\" srcset=\"http:\/\/kamakmakine.com.tr\/wp-content\/uploads\/2023\/10\/k-2013-lamine-kagit-dilimle-03.jpg 1500w, http:\/\/kamakmakine.com.tr\/wp-content\/uploads\/2023\/10\/k-2013-lamine-kagit-dilimle-03-300x200.jpg 300w, http:\/\/kamakmakine.com.tr\/wp-content\/uploads\/2023\/10\/k-2013-lamine-kagit-dilimle-03-1024x683.jpg 1024w, http:\/\/kamakmakine.com.tr\/wp-content\/uploads\/2023\/10\/k-2013-lamine-kagit-dilimle-03-768x512.jpg 768w\" sizes=\"auto, (max-width: 1500px) 100vw, 1500px\" \/><\/a>\n\t\t<\/figure>\n\t<\/div>\n<\/div><\/div><\/div><\/div><\/div><\/div><\/div><\/div><\/div><\/div><div class=\"container\" ><div class=\"vc_row wpb_row vc_row-fluid vc_custom_1640601732694\"><div class=\"wpb_column vc_column_container vc_col-sm-12\"><div class=\"vc_column-inner\"><div class=\"wpb_wrapper\">\n\t<div class=\"wpb_text_column wpb_content_element\" >\n\t\t<div class=\"wpb_wrapper\">\n\t\t\t<h2 class=\"black left\">\u0412\u0438\u0434\u0435\u043e\u0440\u043e\u043b\u0438\u043a\u0438 \u043e \u043f\u0440\u043e\u0434\u0443\u043a\u0446\u0438\u0438<\/h2>\n\n\t\t<\/div>\n\t<\/div>\n<div class=\"fullwidth\" ><div class=\"vc_row wpb_row vc_inner vc_row-fluid\"><div class=\"wpb_column vc_column_container vc_col-sm-6\"><div class=\"vc_column-inner\"><div class=\"wpb_wrapper\">\n\t<div class=\"wpb_raw_code wpb_content_element wpb_raw_html\" >\n\t\t<div class=\"wpb_wrapper\">\n\t\t\t<video poster=\"http:\/\/kamakmakine.com.tr\/wp-content\/uploads\/2023\/10\/k-2013-lamine-kagit-dilimle-video.jpg\" controls=\"1\" loop=\"1\" style=\"max-width:100%;\"><source type=\"video\/mp4\" src=\"http:\/\/kamakmakine.com.tr\/video\/k-2013.mp4\"><\/video>\n\t\t<\/div>\n\t<\/div>\n<\/div><\/div><\/div><div class=\"wpb_column vc_column_container vc_col-sm-6\"><div class=\"vc_column-inner\"><div class=\"wpb_wrapper\"><\/div><\/div><\/div><\/div><\/div><\/div><\/div><\/div><\/div><\/div>\n<\/div>","protected":false},"excerpt":{"rendered":"Kamak Makine \u00dcr\u00fcnler Lamineli Ka\u011f\u0131t Petek Makinas\u0131 K - 2013 \u00dcr\u00fcn \u00d6zellikler Kategori: Lamineli Ka\u011f\u0131t Petek Marka: KAMAK Model: K - 2013 Ka\u011f\u0131t Eni: 1850 mm Bobin Stand\u0131: 4 - 6 bobin Bobin Kald\u0131rma: Hidrolik Sistem (6 Eksen) Petek Kal\u0131nl\u0131k: 10 - 100 mm TEKN\u0130K D\u00d6KUMAN Teknik \u00d6zellikler Teknik \u00f6zellik tablosu a\u015fa\u011f\u0131da yer almaktad\u0131r. Daha [...]","protected":false},"author":1,"featured_media":0,"parent":1241,"menu_order":0,"comment_status":"closed","ping_status":"closed","template":"","meta":{"footnotes":""},"class_list":["post-1293","page","type-page","status-publish","hentry"],"_links":{"self":[{"href":"http:\/\/kamakmakine.com.tr\/ru\/wp-json\/wp\/v2\/pages\/1293","targetHints":{"allow":["GET"]}}],"collection":[{"href":"http:\/\/kamakmakine.com.tr\/ru\/wp-json\/wp\/v2\/pages"}],"about":[{"href":"http:\/\/kamakmakine.com.tr\/ru\/wp-json\/wp\/v2\/types\/page"}],"author":[{"embeddable":true,"href":"http:\/\/kamakmakine.com.tr\/ru\/wp-json\/wp\/v2\/users\/1"}],"replies":[{"embeddable":true,"href":"http:\/\/kamakmakine.com.tr\/ru\/wp-json\/wp\/v2\/comments?post=1293"}],"version-history":[{"count":8,"href":"http:\/\/kamakmakine.com.tr\/ru\/wp-json\/wp\/v2\/pages\/1293\/revisions"}],"predecessor-version":[{"id":2374,"href":"http:\/\/kamakmakine.com.tr\/ru\/wp-json\/wp\/v2\/pages\/1293\/revisions\/2374"}],"up":[{"embeddable":true,"href":"http:\/\/kamakmakine.com.tr\/ru\/wp-json\/wp\/v2\/pages\/1241"}],"wp:attachment":[{"href":"http:\/\/kamakmakine.com.tr\/ru\/wp-json\/wp\/v2\/media?parent=1293"}],"curies":[{"name":"wp","href":"https:\/\/api.w.org\/{rel}","templated":true}]}}