{"id":1836,"date":"2024-09-13T21:29:00","date_gmt":"2024-09-13T18:29:00","guid":{"rendered":"https:\/\/kamakmakine.com.tr\/?page_id=1836"},"modified":"2024-10-19T21:40:22","modified_gmt":"2024-10-19T18:40:22","slug":"k-505-paper-bobbin-slitting","status":"publish","type":"page","link":"http:\/\/kamakmakine.com.tr\/en\/products\/paper-slitting-machine\/k-505-paper-bobbin-slitting\/","title":{"rendered":"K-505 Paper Bobbin Slitting"},"content":{"rendered":"<div class=\"wpb-content-wrapper\"><div class=\"fullwidth\" ><div class=\"vc_row wpb_row vc_row-fluid vc_custom_1696636756945\"><div class=\"wpb_column vc_column_container vc_col-sm-12\"><div class=\"vc_column-inner\"><div class=\"wpb_wrapper\"><div class=\"container\" ><div class=\"vc_row wpb_row vc_inner vc_row-fluid vc_custom_1640603113396\"><div class=\"wpb_column vc_column_container vc_col-sm-6\"><div class=\"vc_column-inner\"><div class=\"wpb_wrapper\">\n\t<div class=\"wpb_text_column wpb_content_element  vc_custom_1696636346219 urun-header\" >\n\t\t<div class=\"wpb_wrapper\">\n\t\t\t<h5><span style=\"color: #ffffff;\">Kamak Machinery Products<\/span><\/h5>\n<h2><span style=\"color: #ffffff;\"><strong>Paper Roll Slitting Machine<\/strong><\/span><\/h2>\n<h2><span style=\"color: #f07e22;\"><strong>K \u2013 505<\/strong><\/span><\/h2>\n\n\t\t<\/div>\n\t<\/div>\n<\/div><\/div><\/div><div class=\"wpb_column vc_column_container vc_col-sm-6\"><div class=\"vc_column-inner\"><div class=\"wpb_wrapper\">\n\t<div  class=\"wpb_single_image wpb_content_element vc_align_center\">\n\t\t\n\t\t<figure class=\"wpb_wrapper vc_figure\">\n\t\t\t<div class=\"vc_single_image-wrapper   vc_box_border_grey\"><img loading=\"lazy\" decoding=\"async\" width=\"672\" height=\"448\" src=\"http:\/\/kamakmakine.com.tr\/wp-content\/uploads\/2024\/10\/IMG_0007-e1729362247209.png\" class=\"vc_single_image-img attachment-full\" alt=\"\" title=\"IMG_0007\" \/><\/div>\n\t\t<\/figure>\n\t<\/div>\n<\/div><\/div><\/div><\/div><\/div><\/div><\/div><\/div><\/div><\/div><div class=\"container\" ><div class=\"vc_row wpb_row vc_row-fluid vc_custom_1640601945603\"><div class=\"wpb_column vc_column_container vc_col-sm-8\"><div class=\"vc_column-inner\"><div class=\"wpb_wrapper\">\n\t<div  class=\"wpb_single_image wpb_content_element vc_align_left\">\n\t\t\n\t\t<figure class=\"wpb_wrapper vc_figure\">\n\t\t\t<div class=\"vc_single_image-wrapper   vc_box_border_grey\"><img loading=\"lazy\" decoding=\"async\" width=\"1280\" height=\"853\" src=\"http:\/\/kamakmakine.com.tr\/wp-content\/uploads\/2024\/10\/Kamak505_1-1.jpg\" class=\"vc_single_image-img attachment-full\" alt=\"\" title=\"Kamak505_1\" srcset=\"http:\/\/kamakmakine.com.tr\/wp-content\/uploads\/2024\/10\/Kamak505_1-1.jpg 1280w, http:\/\/kamakmakine.com.tr\/wp-content\/uploads\/2024\/10\/Kamak505_1-1-300x200.jpg 300w, http:\/\/kamakmakine.com.tr\/wp-content\/uploads\/2024\/10\/Kamak505_1-1-1024x682.jpg 1024w, http:\/\/kamakmakine.com.tr\/wp-content\/uploads\/2024\/10\/Kamak505_1-1-768x512.jpg 768w\" sizes=\"auto, (max-width: 1280px) 100vw, 1280px\" \/><\/div>\n\t\t<\/figure>\n\t<\/div>\n<\/div><\/div><\/div><div class=\"wpb_column vc_column_container vc_col-sm-4\"><div class=\"vc_column-inner\"><div class=\"wpb_wrapper\">\n\t<div class=\"wpb_text_column wpb_content_element\" >\n\t\t<div class=\"wpb_wrapper\">\n\t\t\t<h2 class=\"black left\">Product Specs<\/h2>\n\n\t\t<\/div>\n\t<\/div>\n\n\t<div class=\"wpb_raw_code wpb_content_element wpb_raw_html\" >\n\t\t<div class=\"wpb_wrapper\">\n\t\t\t<div class=\"porduct-des\">\n<ul>\n \t<li><strong>Category<\/strong>Paper Bobbin Slitting<\/li>\n \t<li><strong>Brand<\/strong>: KAMAK<\/li>\n \t<li><strong>Model<\/strong>: K - 505<\/li>\n \t<li><strong>Machine Width<\/strong>: <\/li>\n \t<li><strong>Engine Power<\/strong>: <\/li>\n \t<li><strong>Slitting Speed<\/strong>: <\/li>\n \t<li><strong>Winding Diameter<\/strong>: <\/li>\n<\/ul>\n<\/div>\n\t\t<\/div>\n\t<\/div>\n<div class=\"vc_btn3-container vc_btn3-inline vc_custom_1726251857968\" ><a class=\"vc_general vc_btn3 vc_btn3-size-md vc_btn3-shape-rounded vc_btn3-style-modern vc_btn3-icon-left vc_btn3-color-warning\" href=\"#\" title=\"\"><i class=\"vc_btn3-icon fas fa-file-alt\"><\/i> TECHNICAL DOCUMENT<\/a><\/div><\/div><\/div><\/div><\/div><\/div><div class=\"container\" ><div class=\"vc_row wpb_row vc_row-fluid vc_custom_1640601718093\"><div class=\"wpb_column vc_column_container vc_col-sm-12\"><div class=\"vc_column-inner\"><div class=\"wpb_wrapper\">\n\t<div class=\"wpb_text_column wpb_content_element\" >\n\t\t<div class=\"wpb_wrapper\">\n\t\t\t<h2 class=\"black left\">Tech Specs<\/h2>\n<p class=\"onalti\">The technical specifications table is below. Please\u00a0<a href=\"https:\/\/kamakmakine.com.tr\/en\/contact\/\">contact us<\/a>\u00a0for more detailed information.<\/p>\n\n\t\t<\/div>\n\t<\/div>\n\n\t<div class=\"wpb_raw_code wpb_content_element wpb_raw_html\" >\n\t\t<div class=\"wpb_wrapper\">\n\t\t\t<table class=\"sem-table\">\n  <tbody>\n    <tr>\n      <th scope=\"row\">Machine Width<\/th>\n      <td>1200 mm<\/td>\n      <td>1400 mm<\/td>\n      <td>1600 mm<\/td>\n      <td>1800 mm<\/td>\n    <\/tr>\n    <tr>\n      <th scope=\"row\">Engine Power<\/th>\n      <td>7.5 kW<\/td>\n      <td>7.5 kW<\/td>\n      <td>10 kW<\/td>\n      <td>10 kW<\/td>\n    <\/tr>\n    <tr>\n      <th scope=\"row\">Number of Blades<\/th>\n      <td>12 Pcs<\/td>\n      <td>14 Pcs<\/td>\n      <td>16 Pcs<\/td>\n      <td>18 Pcs<\/td>\n    <\/tr>\n    <tr>\n      <th scope=\"row\">Slitting Speed<\/th>\n      <td>350 Meters\/Hour<\/td>\n      <td>350 Meters\/Hour<\/td>\n      <td>350 Meters\/Hour<\/td>\n      <td>350 Meters\/Hour<\/td>\n    <\/tr>\n    <tr>\n      <th scope=\"row\">Winding Diameter<\/th>\n      <td>1400 mm<\/td>\n      <td>1400 mm<\/td>\n      <td>1400 mm<\/td>\n      <td>1400 mm<\/td>\n    <\/tr>\n    <tr>\n      <th scope=\"row\">Paper W. Range<\/th>\n      <td>40-600 gr<\/td>\n      <td>40-600 gr<\/td>\n      <td>40-600 gr<\/td>\n      <td>40-600 gr<\/td>\n    <\/tr>\n    <tr>\n      <th scope=\"row\">Minimum Slicing Width<\/th>\n      <td>40 mm<\/td>\n      <td>40 mm<\/td>\n      <td>40 mm<\/td>\n      <td>40 mm<\/td>\n    <\/tr>\n    <tr>\n      <th scope=\"row\">Main Bobbin Size<\/th>\n      <td>1400 mm<\/td>\n      <td>1400 mm<\/td>\n      <td>1400 mm<\/td>\n      <td>1400 mm<\/td>\n    <\/tr>\n    <tr>\n      <th scope=\"row\">Bobbin Loading System <\/th>\n      <td>Hydraulic System (6 Axis)<\/td>\n      <td>Hydraulic System (6 Axis)<\/td>\n      <td>Hydraulic System (6 Axis)<\/td>\n      <td>Hydraulic System (6 Axis)<\/td>\n    <\/tr>\n    <tr>\n      <th scope=\"row\">Speed \u200b\u200bControl<\/th>\n      <td>Yes<\/td>\n      <td>Yes<\/td>\n      <td>Yes<\/td>\n      <td>Yes<\/td>\n    <\/tr>\n    <tr>\n      <th scope=\"row\">Brake<\/th>\n      <td>Tension Control<\/td>\n      <td>Tension Control<\/td>\n      <td>Tension Control<\/td>\n      <td>Tension Control<\/td>\n    <\/tr>\n    <tr>\n      <th scope=\"row\">Air Pressure<\/th>\n      <td>6 Bar<\/td>\n      <td>6 Bar<\/td>\n      <td>6 Bar<\/td>\n      <td>6 Bar<\/td>\n    <\/tr>\n    <tr>\n      <th scope=\"row\">Winding Shafts<\/th>\n      <td>Pneumatic shaft Diameter:76 mm<\/td>\n      <td>Pneumatic shaft Diameter:76 mm<\/td>\n      <td>Pneumatic shaft Diameter:76 mm<\/td>\n      <td>Pneumatic shaft Diameter:76 mm<\/td>\n    <\/tr>\n    <tr>\n      <th scope=\"row\">Capacity<\/th>\n      <td>8 Tons\/Day<\/td>\n      <td>10 Tons\/Day<\/td>\n      <td>12 Tons\/Day<\/td>\n      <td>14 Tons\/Day<\/td>\n    <\/tr>\n  <\/tbody>\n<\/table>\n\t\t<\/div>\n\t<\/div>\n<\/div><\/div><\/div><\/div><\/div><div class=\"container\" ><div class=\"vc_row wpb_row vc_row-fluid vc_custom_1640601725467\"><div class=\"wpb_column vc_column_container vc_col-sm-12\"><div class=\"vc_column-inner\"><div class=\"wpb_wrapper\">\n\t<div class=\"wpb_text_column wpb_content_element\" >\n\t\t<div class=\"wpb_wrapper\">\n\t\t\t<h2 class=\"black left\">Product Images<\/h2>\n\n\t\t<\/div>\n\t<\/div>\n<div class=\"fullwidth\" ><div class=\"vc_row wpb_row vc_inner vc_row-fluid\"><div class=\"wpb_column vc_column_container vc_col-sm-6\"><div class=\"vc_column-inner\"><div class=\"wpb_wrapper\">\n\t<div  class=\"wpb_single_image wpb_content_element vc_align_left\">\n\t\t\n\t\t<figure class=\"wpb_wrapper vc_figure\">\n\t\t\t<a class=\"\" data-lightbox=\"lightbox[rel-1836-3813554038]\" href=\"http:\/\/kamakmakine.com.tr\/wp-content\/uploads\/2024\/10\/Kamak505-1-1024x682.jpg\" target=\"_self\"><img loading=\"lazy\" decoding=\"async\" width=\"1280\" height=\"853\" src=\"http:\/\/kamakmakine.com.tr\/wp-content\/uploads\/2024\/10\/Kamak505-1.jpg\" class=\"vc_single_image-img attachment-full\" alt=\"\" title=\"Kamak505\" srcset=\"http:\/\/kamakmakine.com.tr\/wp-content\/uploads\/2024\/10\/Kamak505-1.jpg 1280w, http:\/\/kamakmakine.com.tr\/wp-content\/uploads\/2024\/10\/Kamak505-1-300x200.jpg 300w, http:\/\/kamakmakine.com.tr\/wp-content\/uploads\/2024\/10\/Kamak505-1-1024x682.jpg 1024w, http:\/\/kamakmakine.com.tr\/wp-content\/uploads\/2024\/10\/Kamak505-1-768x512.jpg 768w\" sizes=\"auto, (max-width: 1280px) 100vw, 1280px\" \/><\/a>\n\t\t<\/figure>\n\t<\/div>\n<\/div><\/div><\/div><div class=\"wpb_column vc_column_container vc_col-sm-6\"><div class=\"vc_column-inner\"><div class=\"wpb_wrapper\">\n\t<div  class=\"wpb_single_image wpb_content_element vc_align_left\">\n\t\t\n\t\t<figure class=\"wpb_wrapper vc_figure\">\n\t\t\t<a class=\"\" data-lightbox=\"lightbox[rel-1836-3280059345]\" href=\"http:\/\/kamakmakine.com.tr\/wp-content\/uploads\/2024\/10\/Kamak505_1-1-1024x682.jpg\" target=\"_self\"><img loading=\"lazy\" decoding=\"async\" width=\"1280\" height=\"853\" src=\"http:\/\/kamakmakine.com.tr\/wp-content\/uploads\/2024\/10\/Kamak505_1-1.jpg\" class=\"vc_single_image-img attachment-full\" alt=\"\" title=\"Kamak505_1\" srcset=\"http:\/\/kamakmakine.com.tr\/wp-content\/uploads\/2024\/10\/Kamak505_1-1.jpg 1280w, http:\/\/kamakmakine.com.tr\/wp-content\/uploads\/2024\/10\/Kamak505_1-1-300x200.jpg 300w, http:\/\/kamakmakine.com.tr\/wp-content\/uploads\/2024\/10\/Kamak505_1-1-1024x682.jpg 1024w, http:\/\/kamakmakine.com.tr\/wp-content\/uploads\/2024\/10\/Kamak505_1-1-768x512.jpg 768w\" sizes=\"auto, (max-width: 1280px) 100vw, 1280px\" \/><\/a>\n\t\t<\/figure>\n\t<\/div>\n<\/div><\/div><\/div><\/div><\/div><\/div><\/div><\/div><\/div><\/div><div class=\"container\" ><div class=\"vc_row wpb_row vc_row-fluid vc_custom_1640601732694\"><div class=\"wpb_column vc_column_container vc_col-sm-12\"><div class=\"vc_column-inner\"><div class=\"wpb_wrapper\">\n\t<div class=\"wpb_text_column wpb_content_element\" >\n\t\t<div class=\"wpb_wrapper\">\n\t\t\t<h2 class=\"black left\">Product Videos<\/h2>\n\n\t\t<\/div>\n\t<\/div>\n<div class=\"fullwidth\" ><div class=\"vc_row wpb_row vc_inner vc_row-fluid\"><div class=\"wpb_column vc_column_container vc_col-sm-6\"><div class=\"vc_column-inner\"><div class=\"wpb_wrapper\">\n\t<div class=\"wpb_raw_code wpb_content_element wpb_raw_html\" >\n\t\t<div class=\"wpb_wrapper\">\n\t\t\t<video poster=\"http:\/\/kamakmakine.com.tr\/wp-content\/uploads\/2023\/10\/k-505-dilimleme-makinalari-video-kapak.jpg\" controls=\"1\" loop=\"1\" style=\"max-width:100%;\"><source type=\"video\/mp4\" src=\"http:\/\/kamakmakine.com.tr\/wp-content\/uploads\/2024\/10\/505_video.mp4\"><\/video>\n\t\t<\/div>\n\t<\/div>\n<\/div><\/div><\/div><div class=\"wpb_column vc_column_container vc_col-sm-6\"><div class=\"vc_column-inner\"><div class=\"wpb_wrapper\"><\/div><\/div><\/div><\/div><\/div><\/div><\/div><\/div><\/div><\/div>\n<\/div>","protected":false},"excerpt":{"rendered":"Kamak Makine \u00dcr\u00fcnler Ka\u011f\u0131t Bobin Dilimleme Makinesi K - 505 Product Specs Category: Paper Bobbin Slitting Brand: KAMAK Model: K - 505 Machine Width: Engine Power: Slitting Speed: Winding Diameter: TECHNICAL DOCUMENT Tech Specs The technical specifications table is below. Please\u00a0contact us\u00a0for more detailed information. Machine Width 1200 mm 1400 mm 1600 mm 1800 mm [...]","protected":false},"author":2,"featured_media":0,"parent":1821,"menu_order":1,"comment_status":"closed","ping_status":"closed","template":"","meta":{"footnotes":""},"class_list":["post-1836","page","type-page","status-publish","hentry"],"_links":{"self":[{"href":"http:\/\/kamakmakine.com.tr\/en\/wp-json\/wp\/v2\/pages\/1836","targetHints":{"allow":["GET"]}}],"collection":[{"href":"http:\/\/kamakmakine.com.tr\/en\/wp-json\/wp\/v2\/pages"}],"about":[{"href":"http:\/\/kamakmakine.com.tr\/en\/wp-json\/wp\/v2\/types\/page"}],"author":[{"embeddable":true,"href":"http:\/\/kamakmakine.com.tr\/en\/wp-json\/wp\/v2\/users\/2"}],"replies":[{"embeddable":true,"href":"http:\/\/kamakmakine.com.tr\/en\/wp-json\/wp\/v2\/comments?post=1836"}],"version-history":[{"count":8,"href":"http:\/\/kamakmakine.com.tr\/en\/wp-json\/wp\/v2\/pages\/1836\/revisions"}],"predecessor-version":[{"id":2156,"href":"http:\/\/kamakmakine.com.tr\/en\/wp-json\/wp\/v2\/pages\/1836\/revisions\/2156"}],"up":[{"embeddable":true,"href":"http:\/\/kamakmakine.com.tr\/en\/wp-json\/wp\/v2\/pages\/1821"}],"wp:attachment":[{"href":"http:\/\/kamakmakine.com.tr\/en\/wp-json\/wp\/v2\/media?parent=1836"}],"curies":[{"name":"wp","href":"https:\/\/api.w.org\/{rel}","templated":true}]}}