{"id":1249,"date":"2023-10-04T16:55:40","date_gmt":"2023-10-04T13:55:40","guid":{"rendered":"http:\/\/kamakmakine.com.tr\/?page_id=1249"},"modified":"2026-02-17T21:51:18","modified_gmt":"2026-02-17T18:51:18","slug":"k-630-otomatik-cips-kutusu-uretim-hatti","status":"publish","type":"page","link":"http:\/\/kamakmakine.com.tr\/en\/urunler\/kagit-mihver-boru-makinesi\/k-630-otomatik-cips-kutusu-uretim-hatti\/","title":{"rendered":"K-630 Automatic Chip Box Production Line"},"content":{"rendered":"<div class=\"wpb-content-wrapper\"><div class=\"fullwidth\" ><div class=\"vc_row wpb_row vc_row-fluid vc_custom_1696728580476\"><div class=\"wpb_column vc_column_container vc_col-sm-12\"><div class=\"vc_column-inner\"><div class=\"wpb_wrapper\"><div class=\"container\" ><div class=\"vc_row wpb_row vc_inner vc_row-fluid vc_custom_1640603113396\"><div class=\"wpb_column vc_column_container vc_col-sm-6\"><div class=\"vc_column-inner\"><div class=\"wpb_wrapper\">\n\t<div class=\"wpb_text_column wpb_content_element  vc_custom_1707699343783 urun-header\" >\n\t\t<div class=\"wpb_wrapper\">\n\t\t\t<h5><span style=\"color: #ffffff;\">Kamak Machinery Products<\/span><\/h5>\n<h2><span style=\"color: #ffffff;\"><strong>Automatic Chip Box Production Line<\/strong><\/span><\/h2>\n<h2><span style=\"color: #f07e22;\"><strong>K \u2013 630<\/strong><\/span><\/h2>\n\n\t\t<\/div>\n\t<\/div>\n<\/div><\/div><\/div><div class=\"wpb_column vc_column_container vc_col-sm-6\"><div class=\"vc_column-inner\"><div class=\"wpb_wrapper\">\n\t<div  class=\"wpb_single_image wpb_content_element vc_align_center\">\n\t\t\n\t\t<figure class=\"wpb_wrapper vc_figure\">\n\t\t\t<div class=\"vc_single_image-wrapper   vc_box_border_grey\"><img loading=\"lazy\" decoding=\"async\" width=\"779\" height=\"583\" src=\"http:\/\/kamakmakine.com.tr\/wp-content\/uploads\/2023\/10\/K-630.png\" class=\"vc_single_image-img attachment-full\" alt=\"\" title=\"K-630\" srcset=\"http:\/\/kamakmakine.com.tr\/wp-content\/uploads\/2023\/10\/K-630.png 779w, http:\/\/kamakmakine.com.tr\/wp-content\/uploads\/2023\/10\/K-630-300x225.png 300w, http:\/\/kamakmakine.com.tr\/wp-content\/uploads\/2023\/10\/K-630-768x575.png 768w\" sizes=\"auto, (max-width: 779px) 100vw, 779px\" \/><\/div>\n\t\t<\/figure>\n\t<\/div>\n<\/div><\/div><\/div><\/div><\/div><\/div><\/div><\/div><\/div><\/div><div class=\"container\" ><div class=\"vc_row wpb_row vc_row-fluid vc_custom_1640601945603\"><div class=\"wpb_column vc_column_container vc_col-sm-8\"><div class=\"vc_column-inner\"><div class=\"wpb_wrapper\">\n\t<div  class=\"wpb_single_image wpb_content_element vc_align_left\">\n\t\t\n\t\t<figure class=\"wpb_wrapper vc_figure\">\n\t\t\t<div class=\"vc_single_image-wrapper   vc_box_border_grey\"><img loading=\"lazy\" decoding=\"async\" width=\"2560\" height=\"770\" src=\"http:\/\/kamakmakine.com.tr\/wp-content\/uploads\/2026\/01\/630-scaled.png\" class=\"vc_single_image-img attachment-full\" alt=\"\" title=\"630\" srcset=\"http:\/\/kamakmakine.com.tr\/wp-content\/uploads\/2026\/01\/630-scaled.png 2560w, http:\/\/kamakmakine.com.tr\/wp-content\/uploads\/2026\/01\/630-300x90.png 300w, http:\/\/kamakmakine.com.tr\/wp-content\/uploads\/2026\/01\/630-1024x308.png 1024w, http:\/\/kamakmakine.com.tr\/wp-content\/uploads\/2026\/01\/630-768x231.png 768w, http:\/\/kamakmakine.com.tr\/wp-content\/uploads\/2026\/01\/630-1536x462.png 1536w, http:\/\/kamakmakine.com.tr\/wp-content\/uploads\/2026\/01\/630-2048x616.png 2048w\" sizes=\"auto, (max-width: 2560px) 100vw, 2560px\" \/><\/div>\n\t\t<\/figure>\n\t<\/div>\n<\/div><\/div><\/div><div class=\"wpb_column vc_column_container vc_col-sm-4\"><div class=\"vc_column-inner\"><div class=\"wpb_wrapper\">\n\t<div class=\"wpb_text_column wpb_content_element\" >\n\t\t<div class=\"wpb_wrapper\">\n\t\t\t<h2 class=\"black left\">Product Specifications<\/h2>\n\n\t\t<\/div>\n\t<\/div>\n\n\t<div class=\"wpb_raw_code wpb_content_element wpb_raw_html\" >\n\t\t<div class=\"wpb_wrapper\">\n\t\t\t<div class=\"porduct-des\">\n<ul>\n \t<li><strong>Category<\/strong>Chip Box Production<\/li>\n \t<li><strong>Brand<\/strong>: KAMAK<\/li>\n \t<li><strong>Model<\/strong>: K - 630<\/li>\n \t<li><strong>Production<\/strong>: 10 Floors<\/li>\n \t<li><strong>Inner Diameter<\/strong>: 73 mm<\/li>\n \t<li><strong>Production Size<\/strong>: 230 mm<\/li>\n \t<li><strong>Engine Power<\/strong>: 65 kW<\/li>\n<\/ul>\n<\/div>\n\t\t<\/div>\n\t<\/div>\n<div class=\"vc_btn3-container vc_btn3-inline vc_custom_1655129028941\" ><a class=\"vc_general vc_btn3 vc_btn3-size-md vc_btn3-shape-rounded vc_btn3-style-modern vc_btn3-icon-left vc_btn3-color-warning\" href=\"#\" title=\"\"><i class=\"vc_btn3-icon fas fa-file-alt\"><\/i> TECHNICAL DOCUMENT<\/a><\/div><\/div><\/div><\/div><\/div><\/div><div class=\"container\" ><div class=\"vc_row wpb_row vc_row-fluid vc_custom_1640601718093\"><div class=\"wpb_column vc_column_container vc_col-sm-12\"><div class=\"vc_column-inner\"><div class=\"wpb_wrapper\">\n\t<div class=\"wpb_text_column wpb_content_element\" >\n\t\t<div class=\"wpb_wrapper\">\n\t\t\t<h2 class=\"black left\">Technical Specifications<\/h2>\n<p class=\"onalti\">The technical specifications table is below. Please contact us for more detailed information.<\/p>\n\n\t\t<\/div>\n\t<\/div>\n\n\t<div class=\"wpb_raw_code wpb_content_element wpb_raw_html\" >\n\t\t<div class=\"wpb_wrapper\">\n\t\t\t<table class=\"sem-table\">\n  <tbody>\n    <tr>\n      <th scope=\"row\">Machine Type<\/th>\n      <td>K-630<\/td>\n    <\/tr>\n    <tr>\n      <th scope=\"row\">Production<\/th>\n      <td>10 Floors<\/td>\n    <\/tr>\n    <tr>\n      <th scope=\"row\">Inner Diameter<\/th>\n      <td>73 mm<\/td>\n    <\/tr>\n    <tr>\n      <th scope=\"row\">Production Size<\/th>\n      <td>230 mm<\/td>\n    <\/tr>\n    <tr>\n      <th scope=\"row\">Total Engine Power<\/th>\n      <td>65 kW<\/td>\n    <\/tr>\n    <tr>\n      <th scope=\"row\">Number of Knives<\/th>\n      <td>6 Pieces<\/td>\n    <\/tr>\n    <tr>\n      <th scope=\"row\">Air Pressure<\/th>\n      <td>6 Bar<\/td>\n    <tr>\n      <th scope=\"row\">Wall Thickness<\/th>\n      <td>0.8 mm<\/td>\n    <\/tr>\n    <tr>\n      <th scope=\"row\">Production Speed<\/th>\n      <td>12 meters per minute<\/td>\n    <\/tr>\n    <tr>\n      <th scope=\"row\">Speed Control<\/th>\n      <td>Electronic<\/td>\n    <\/tr>\n\t\n\t<tr>\n      <th scope=\"row\">Conveyor Belt<\/th>\n      <td>4000mm<\/td>\n    <tr>\n      <th scope=\"row\">Oven<\/th>\n      <td>200x6000 mm<\/td>\n    <\/tr>\n    <tr>\n      <th scope=\"row\">Outward Curling of the Mouth<\/th>\n      <td>6-Head Rotary System<\/td>\n    <\/tr>\n\t\n\t<tr>\n      <th scope=\"row\">Aluminum Foil Application<\/th>\n      <td>2 x 8 Heads<\/td>\n    <tr>\n      <th scope=\"row\">Cover Attachment (Plastic)<\/th>\n      <td>2 x 6 Heads<\/td>\n    <\/tr>\n    <tr>\n      <th scope=\"row\">Opening the Mouth<\/th>\n      <td>Single Head Rotary System<\/td>\n    <\/tr>\t\n    <tr>\n      <th scope=\"row\">Packaging<\/th>\n      <td>70 Cardboard Trays<\/td>>\n    <\/tr>\n  <\/tbody>\n<\/table>\n\t\t<\/div>\n\t<\/div>\n<\/div><\/div><\/div><\/div><\/div><div class=\"container\" ><div class=\"vc_row wpb_row vc_row-fluid vc_custom_1640601725467\"><div class=\"wpb_column vc_column_container vc_col-sm-12\"><div class=\"vc_column-inner\"><div class=\"wpb_wrapper\">\n\t<div class=\"wpb_text_column wpb_content_element\" >\n\t\t<div class=\"wpb_wrapper\">\n\t\t\t<h2 class=\"black left\">Product Photos<\/h2>\n\n\t\t<\/div>\n\t<\/div>\n<div class=\"fullwidth\" ><div class=\"vc_row wpb_row vc_inner vc_row-fluid\"><div class=\"wpb_column vc_column_container vc_col-sm-4\"><div class=\"vc_column-inner\"><div class=\"wpb_wrapper\">\n\t<div  class=\"wpb_single_image wpb_content_element vc_align_left\">\n\t\t\n\t\t<figure class=\"wpb_wrapper vc_figure\">\n\t\t\t<a class=\"\" data-lightbox=\"lightbox[rel-1249-994021692]\" href=\"http:\/\/kamakmakine.com.tr\/wp-content\/uploads\/2023\/10\/k-630-01-1024x683.jpg\" target=\"_self\"><img loading=\"lazy\" decoding=\"async\" width=\"1611\" height=\"1075\" src=\"http:\/\/kamakmakine.com.tr\/wp-content\/uploads\/2023\/10\/k-630-01.jpg\" class=\"vc_single_image-img attachment-full\" alt=\"\" title=\"k-630-01\" srcset=\"http:\/\/kamakmakine.com.tr\/wp-content\/uploads\/2023\/10\/k-630-01.jpg 1611w, http:\/\/kamakmakine.com.tr\/wp-content\/uploads\/2023\/10\/k-630-01-300x200.jpg 300w, http:\/\/kamakmakine.com.tr\/wp-content\/uploads\/2023\/10\/k-630-01-1024x683.jpg 1024w, http:\/\/kamakmakine.com.tr\/wp-content\/uploads\/2023\/10\/k-630-01-768x512.jpg 768w, http:\/\/kamakmakine.com.tr\/wp-content\/uploads\/2023\/10\/k-630-01-1536x1025.jpg 1536w\" sizes=\"auto, (max-width: 1611px) 100vw, 1611px\" \/><\/a>\n\t\t<\/figure>\n\t<\/div>\n<\/div><\/div><\/div><div class=\"wpb_column vc_column_container vc_col-sm-4\"><div class=\"vc_column-inner\"><div class=\"wpb_wrapper\">\n\t<div  class=\"wpb_single_image wpb_content_element vc_align_left\">\n\t\t\n\t\t<figure class=\"wpb_wrapper vc_figure\">\n\t\t\t<a class=\"\" data-lightbox=\"lightbox[rel-1249-3661659695]\" href=\"http:\/\/kamakmakine.com.tr\/wp-content\/uploads\/2023\/10\/k-630-02-1024x683.jpg\" target=\"_self\"><img loading=\"lazy\" decoding=\"async\" width=\"1611\" height=\"1075\" src=\"http:\/\/kamakmakine.com.tr\/wp-content\/uploads\/2023\/10\/k-630-02.jpg\" class=\"vc_single_image-img attachment-full\" alt=\"\" title=\"k-630-02\" srcset=\"http:\/\/kamakmakine.com.tr\/wp-content\/uploads\/2023\/10\/k-630-02.jpg 1611w, http:\/\/kamakmakine.com.tr\/wp-content\/uploads\/2023\/10\/k-630-02-300x200.jpg 300w, http:\/\/kamakmakine.com.tr\/wp-content\/uploads\/2023\/10\/k-630-02-1024x683.jpg 1024w, http:\/\/kamakmakine.com.tr\/wp-content\/uploads\/2023\/10\/k-630-02-768x512.jpg 768w, http:\/\/kamakmakine.com.tr\/wp-content\/uploads\/2023\/10\/k-630-02-1536x1025.jpg 1536w\" sizes=\"auto, (max-width: 1611px) 100vw, 1611px\" \/><\/a>\n\t\t<\/figure>\n\t<\/div>\n<\/div><\/div><\/div><div class=\"wpb_column vc_column_container vc_col-sm-4\"><div class=\"vc_column-inner\"><div class=\"wpb_wrapper\">\n\t<div  class=\"wpb_single_image wpb_content_element vc_align_left\">\n\t\t\n\t\t<figure class=\"wpb_wrapper vc_figure\">\n\t\t\t<a class=\"\" data-lightbox=\"lightbox[rel-1249-3649701897]\" href=\"http:\/\/kamakmakine.com.tr\/wp-content\/uploads\/2023\/10\/k-630-03-1024x683.jpg\" target=\"_self\"><img loading=\"lazy\" decoding=\"async\" width=\"1611\" height=\"1075\" src=\"http:\/\/kamakmakine.com.tr\/wp-content\/uploads\/2023\/10\/k-630-03.jpg\" class=\"vc_single_image-img attachment-full\" alt=\"\" title=\"k-630-03\" srcset=\"http:\/\/kamakmakine.com.tr\/wp-content\/uploads\/2023\/10\/k-630-03.jpg 1611w, http:\/\/kamakmakine.com.tr\/wp-content\/uploads\/2023\/10\/k-630-03-300x200.jpg 300w, http:\/\/kamakmakine.com.tr\/wp-content\/uploads\/2023\/10\/k-630-03-1024x683.jpg 1024w, http:\/\/kamakmakine.com.tr\/wp-content\/uploads\/2023\/10\/k-630-03-768x512.jpg 768w, http:\/\/kamakmakine.com.tr\/wp-content\/uploads\/2023\/10\/k-630-03-1536x1025.jpg 1536w\" sizes=\"auto, (max-width: 1611px) 100vw, 1611px\" \/><\/a>\n\t\t<\/figure>\n\t<\/div>\n<\/div><\/div><\/div><\/div><\/div><div class=\"fullwidth\" ><div class=\"vc_row wpb_row vc_inner vc_row-fluid\"><div class=\"wpb_column vc_column_container vc_col-sm-12\"><div class=\"vc_column-inner vc_custom_1696728909338\"><div class=\"wpb_wrapper\">\n\t<div  class=\"wpb_single_image wpb_content_element vc_align_left\">\n\t\t\n\t\t<figure class=\"wpb_wrapper vc_figure\">\n\t\t\t<a class=\"\" data-lightbox=\"lightbox[rel-1249-549103794]\" href=\"http:\/\/kamakmakine.com.tr\/wp-content\/uploads\/2023\/10\/k-630-04-1024x308.jpg\" target=\"_self\"><img loading=\"lazy\" decoding=\"async\" width=\"2560\" height=\"770\" src=\"http:\/\/kamakmakine.com.tr\/wp-content\/uploads\/2023\/10\/k-630-04-scaled.jpg\" class=\"vc_single_image-img attachment-full\" alt=\"\" title=\"k-630-04\" srcset=\"http:\/\/kamakmakine.com.tr\/wp-content\/uploads\/2023\/10\/k-630-04-scaled.jpg 2560w, http:\/\/kamakmakine.com.tr\/wp-content\/uploads\/2023\/10\/k-630-04-300x90.jpg 300w, http:\/\/kamakmakine.com.tr\/wp-content\/uploads\/2023\/10\/k-630-04-1024x308.jpg 1024w, http:\/\/kamakmakine.com.tr\/wp-content\/uploads\/2023\/10\/k-630-04-768x231.jpg 768w, http:\/\/kamakmakine.com.tr\/wp-content\/uploads\/2023\/10\/k-630-04-1536x462.jpg 1536w, http:\/\/kamakmakine.com.tr\/wp-content\/uploads\/2023\/10\/k-630-04-2048x616.jpg 2048w\" sizes=\"auto, (max-width: 2560px) 100vw, 2560px\" \/><\/a>\n\t\t<\/figure>\n\t<\/div>\n<\/div><\/div><\/div><\/div><\/div><\/div><\/div><\/div><\/div><\/div><div class=\"container\" ><div class=\"vc_row wpb_row vc_row-fluid vc_custom_1640601732694\"><div class=\"wpb_column vc_column_container vc_col-sm-12\"><div class=\"vc_column-inner\"><div class=\"wpb_wrapper\">\n\t<div class=\"wpb_text_column wpb_content_element\" >\n\t\t<div class=\"wpb_wrapper\">\n\t\t\t<h2 class=\"black left\">Product Videos<\/h2>\n\n\t\t<\/div>\n\t<\/div>\n<div class=\"fullwidth\" ><div class=\"vc_row wpb_row vc_inner vc_row-fluid\"><div class=\"wpb_column vc_column_container vc_col-sm-6\"><div class=\"vc_column-inner\"><div class=\"wpb_wrapper\">\n\t<div class=\"wpb_raw_code wpb_content_element wpb_raw_html\" >\n\t\t<div class=\"wpb_wrapper\">\n\t\t\t<video poster=\"http:\/\/kamakmakine.com.tr\/wp-content\/uploads\/2023\/10\/k-630-video-bg.jpg\" controls=\"1\" loop=\"1\" style=\"max-width:100%;\"><source type=\"video\/mp4\" src=\"http:\/\/kamakmakine.com.tr\/video\/K-630-Cips.mp4\"><\/video>\n\t\t<\/div>\n\t<\/div>\n<\/div><\/div><\/div><div class=\"wpb_column vc_column_container vc_col-sm-6\"><div class=\"vc_column-inner\"><div class=\"wpb_wrapper\"><\/div><\/div><\/div><\/div><\/div><\/div><\/div><\/div><\/div><\/div>\n<\/div>","protected":false},"excerpt":{"rendered":"Kamak Makine \u00dcr\u00fcnler Otomatik Cips Kutusu \u00dcretim Hatt\u0131 K - 630 \u00dcr\u00fcn \u00d6zellikler Kategori: Cips Kutu \u00dcretimi Marka: KAMAK Model: K - 630 \u00dcretim: 10 Kat \u0130\u00e7 \u00c7ap: 73 mm \u00dcretim Boyu: 230 mm Motor G\u00fcc\u00fc: 65 kW TEKN\u0130K D\u00d6KUMAN Teknik \u00d6zellikler Teknik \u00f6zellik tablosu a\u015fa\u011f\u0131da yer almaktad\u0131r. Daha detayl\u0131 bilgi almak i\u00e7in bizimle ileti\u015fime [...]","protected":false},"author":1,"featured_media":0,"parent":1235,"menu_order":2,"comment_status":"closed","ping_status":"closed","template":"","meta":{"footnotes":""},"class_list":["post-1249","page","type-page","status-publish","hentry"],"_links":{"self":[{"href":"http:\/\/kamakmakine.com.tr\/en\/wp-json\/wp\/v2\/pages\/1249","targetHints":{"allow":["GET"]}}],"collection":[{"href":"http:\/\/kamakmakine.com.tr\/en\/wp-json\/wp\/v2\/pages"}],"about":[{"href":"http:\/\/kamakmakine.com.tr\/en\/wp-json\/wp\/v2\/types\/page"}],"author":[{"embeddable":true,"href":"http:\/\/kamakmakine.com.tr\/en\/wp-json\/wp\/v2\/users\/1"}],"replies":[{"embeddable":true,"href":"http:\/\/kamakmakine.com.tr\/en\/wp-json\/wp\/v2\/comments?post=1249"}],"version-history":[{"count":13,"href":"http:\/\/kamakmakine.com.tr\/en\/wp-json\/wp\/v2\/pages\/1249\/revisions"}],"predecessor-version":[{"id":2354,"href":"http:\/\/kamakmakine.com.tr\/en\/wp-json\/wp\/v2\/pages\/1249\/revisions\/2354"}],"up":[{"embeddable":true,"href":"http:\/\/kamakmakine.com.tr\/en\/wp-json\/wp\/v2\/pages\/1235"}],"wp:attachment":[{"href":"http:\/\/kamakmakine.com.tr\/en\/wp-json\/wp\/v2\/media?parent=1249"}],"curies":[{"name":"wp","href":"https:\/\/api.w.org\/{rel}","templated":true}]}}